{"id":96,"date":"2023-05-09T14:02:05","date_gmt":"2023-05-09T11:02:05","guid":{"rendered":"https:\/\/rakastampere.fi\/jasenille\/?page_id=96"},"modified":"2025-08-11T12:44:03","modified_gmt":"2025-08-11T09:44:03","slug":"vuodenjasenyritys","status":"publish","type":"page","link":"https:\/\/rakastampere.fi\/jasenille\/vuodenjasenyritys\/","title":{"rendered":"Vuoden j\u00e4senyritys"},"content":{"rendered":"\n<p>Tampere Tunnetuksi ry my\u00f6nt\u00e4\u00e4 vuosittain aktiiviselle j\u00e4senelle Vuoden j\u00e4senyritys -kunniamaininnan.<\/p>\n\n\n\n<h3 class=\"wp-block-heading\">Palkitut j\u00e4senyritykset<\/h3>\n\n\n\n<p>2024 Sokos Tampere <a href=\"https:\/\/rakastampere.fi\/jasenille\/sokos-tampere-on-vuoden-jasenyritys\/\" target=\"_blank\" rel=\"noopener\" title=\"\">&gt;lue uutinen<\/a><br>2023 Tampereen komediateatteri<a href=\"https:\/\/rakastampere.fi\/jasenille\/vuoden-jasenyritys-2023\/\" title=\"\"> &gt;lue uutinen<br><\/a>2022 H &amp; J Pietarila Kalevan Kello<br>2021 Finlaysonin Alue, Keskin\u00e4inen vakuutusyhti\u00f6 Varma<br>2020 &#8211;<br>2019 Clas Ohlson<br>2018 Vinoteca Oy<br>2017 Tampereen kauneushoitola<br>2016 armas C\u2019atering Oy<br>2015 Seele<\/p>\n\n\n\n<p><\/p>\n\n\n\n<p><\/p>\n","protected":false},"excerpt":{"rendered":"<p>Tampere Tunnetuksi ry my\u00f6nt\u00e4\u00e4 vuosittain aktiiviselle j\u00e4senelle Vuoden j\u00e4senyritys -kunniamaininnan. Palkitut j\u00e4senyritykset 2024 Sokos Tampere &gt;lue uutinen2023 Tampereen komediateatteri &gt;lue uutinen2022 H &amp; J Pietarila Kalevan Kello2021 Finlaysonin Alue, Keskin\u00e4inen vakuutusyhti\u00f6 Varma2020 &#8211;2019 Clas Ohlson2018 Vinoteca Oy2017 Tampereen kauneushoitola2016 armas C\u2019atering Oy2015 Seele<\/p>\n","protected":false},"author":3,"featured_media":0,"parent":0,"menu_order":0,"comment_status":"closed","ping_status":"closed","template":"","meta":{"_acf_changed":false,"content-type":"","footnotes":""},"class_list":["post-96","page","type-page","status-publish","hentry"],"acf":[],"aioseo_notices":[],"_links":{"self":[{"href":"https:\/\/rakastampere.fi\/jasenille\/wp-json\/wp\/v2\/pages\/96","targetHints":{"allow":["GET"]}}],"collection":[{"href":"https:\/\/rakastampere.fi\/jasenille\/wp-json\/wp\/v2\/pages"}],"about":[{"href":"https:\/\/rakastampere.fi\/jasenille\/wp-json\/wp\/v2\/types\/page"}],"author":[{"embeddable":true,"href":"https:\/\/rakastampere.fi\/jasenille\/wp-json\/wp\/v2\/users\/3"}],"replies":[{"embeddable":true,"href":"https:\/\/rakastampere.fi\/jasenille\/wp-json\/wp\/v2\/comments?post=96"}],"version-history":[{"count":6,"href":"https:\/\/rakastampere.fi\/jasenille\/wp-json\/wp\/v2\/pages\/96\/revisions"}],"predecessor-version":[{"id":1608,"href":"https:\/\/rakastampere.fi\/jasenille\/wp-json\/wp\/v2\/pages\/96\/revisions\/1608"}],"wp:attachment":[{"href":"https:\/\/rakastampere.fi\/jasenille\/wp-json\/wp\/v2\/media?parent=96"}],"curies":[{"name":"wp","href":"https:\/\/api.w.org\/{rel}","templated":true}]}}