{"id":92,"date":"2023-05-09T14:01:39","date_gmt":"2023-05-09T11:01:39","guid":{"rendered":"https:\/\/rakastampere.fi\/jasenille\/?page_id=92"},"modified":"2025-08-28T09:35:39","modified_gmt":"2025-08-28T06:35:39","slug":"keskustan-kehittaminen","status":"publish","type":"page","link":"https:\/\/rakastampere.fi\/jasenille\/keskustan-kehittaminen\/","title":{"rendered":"Keskustan kehitt\u00e4minen"},"content":{"rendered":"\n<p>Tampereen keskustaa kehitet\u00e4\u00e4n Tampereen kaupunkiorganisaatiossa Viiden t\u00e4hden keskusta -kehitysohjelman vetovastuulla. Mielenkiintoinen ja vetovoimainen keskusta-alue koostuu monista isoista ja pienist\u00e4 kohteista ja palveluista. Tampereen keskustaan halutaan luoda paras mahdollinen ymp\u00e4rist\u00f6 asua ja tehd\u00e4 liiketoimintaa.<\/p>\n\n\n\n<p><\/p>\n\n\n\n<p>Tampereen kaupungin Viiden t\u00e4hden keskusta -hankeohjelman kotisivuilla on runsaasti tietoa k\u00e4ynniss\u00e4 olevista hankkeista, itse hankeohjelman kuvaus sek\u00e4 tietoa ja lukuja.<br>Viiden t\u00e4hden keskusta <a href=\"https:\/\/www.tampere.fi\/organisaatio\/viiden-tahden-keskusta-kehitysohjelma\" target=\"_blank\" rel=\"noopener\" title=\"\">&gt; hankesivut<\/a> <\/p>\n\n\n\n<h3 class=\"wp-block-heading\">Nostoja k\u00e4ynniss\u00e4 olevista keskustan hankkeista:<\/h3>\n\n\n\n<ul class=\"wp-block-list\">\n<li>Takon raitti <a href=\"https:\/\/www.tampere.fi\/kaupunkisuunnittelu\/kaupunkiymparisto-uudistuu\/takonraitti\" target=\"_blank\" rel=\"noreferrer noopener\">&gt;linkki<\/a><\/li>\n\n\n\n<li>Tampereen asemakeskus <a href=\"https:\/\/www.tampere.fi\/kaupunkisuunnittelu\/kaupunkiymparisto-uudistuu\/kannen-alue\/tampereen-asemakeskus\" target=\"_blank\" rel=\"noreferrer noopener\">&gt;linkki<\/a><\/li>\n\n\n\n<li>Tullin alue <a href=\"https:\/\/www.tampere.fi\/kaupunkisuunnittelu\/kaupunkiymparisto-uudistuu\/tullin-alue\" target=\"_blank\" rel=\"noreferrer noopener\">&gt;linkki<\/a><\/li>\n\n\n\n<li>S\u00e4rk\u00e4nniemen alue <a href=\"https:\/\/www.tampere.fi\/kaupunkisuunnittelu\/kaupunkiymparisto-uudistuu\/sarkanniemen-alue\" target=\"_blank\" rel=\"noreferrer noopener\">&gt;linkki<\/a><\/li>\n<\/ul>\n\n\n\n<h2 class=\"wp-block-heading\">Tampereen keskustan mittarit <\/h2>\n\n\n\n<p>Tampereen keskusta-alueen el\u00e4v\u00e4isyytt\u00e4 mitataan erilaisin mittarein sek\u00e4 tuotetaan reaaliaikasta k\u00e4vij\u00e4tietoa joka my\u00f6s ennustaa k\u00e4vij\u00e4virtoja. <\/p>\n\n\n\n<p><strong>Elinvoimalaskenta<\/strong>:<br>Liiketilojen k\u00e4ytt\u00f6\u00f6n pohjautuva kaupallisen elinvoiman tutkimus toteutetaan puolivuosittain. Se muodostuu kauppojen ja ravintoloiden m\u00e4\u00e4r\u00e4st\u00e4 v\u00e4hennettyn\u00e4 tyhjill\u00e4 liiketiloilla suhteutettuna asukaslukuun.&nbsp;<br>&#8211; tulokset syksy 2022 <a href=\"https:\/\/www.tampere.fi\/sites\/default\/files\/2022-12\/elinvoimalaskennan_tulokset_-_tampere_2022_h2.pdf\" target=\"_blank\" rel=\"noopener\" title=\"\">&gt;linkki<\/a><br>&#8211; tulokset kev\u00e4t 2024 <a href=\"https:\/\/www.tampere.fi\/sites\/default\/files\/2023-05\/Elinvoimalaskennan%20tulokset%20-%20Tampere%20H1%202023.pdf\" target=\"_blank\" rel=\"noopener\" title=\"\">&gt;linkki<\/a><\/p>\n\n\n\n<p><strong>Tampereen Pulssi:<br><\/strong>Tampereen kaupunki on kehitt\u00e4nyt yhdess\u00e4 ohjelmistoyritys Wapice Oy:n kanssa Tampereen Pulssi -palvelun, joka ennustaa k\u00e4vij\u00e4virtoja Tampereen keskustan alueella. Palvelu on suunniteltu yritt\u00e4jien tarpeisiin, jotta he voivat varautua kasvaviin k\u00e4vij\u00e4m\u00e4\u00e4riin erilaisten tapahtumien aikaan. Palvelu on tuotu osaksi kaupungin Tampere.Finland-sovellusta.<br>&#8211; tutki Pulssia Tampere.Finland -sovelluksessasi yritysk\u00e4ytt\u00e4j\u00e4n\u00e4kym\u00e4ss\u00e4 (sovelluksen yl\u00e4laidassa voit valita hahmo -painikkeen alta n\u00e4kym\u00e4n)<br>&#8211; lue lis\u00e4\u00e4 Tampereen Pulssista <a href=\"https:\/\/www.tampere.fi\/ajankohtaista\/2023\/05\/10\/kavijavirtoja-ennustava-tampereen-pulssi-palvelu-on-julkaistu\" target=\"_blank\" rel=\"noopener\" title=\"\">&gt;linkki<\/a><a href=\"https:\/\/www.tampere.fi\/sites\/default\/files\/2022-12\/elinvoimalaskennan_tulokset_-_tampere_2022_h2.pdf\"><\/a><\/p>\n\n\n\n<p> <\/p>\n","protected":false},"excerpt":{"rendered":"<p>Tampereen keskustaa kehitet\u00e4\u00e4n Tampereen kaupunkiorganisaatiossa Viiden t\u00e4hden keskusta -kehitysohjelman vetovastuulla. Mielenkiintoinen ja vetovoimainen keskusta-alue koostuu monista isoista ja pienist\u00e4 kohteista ja palveluista. Tampereen keskustaan halutaan luoda paras mahdollinen ymp\u00e4rist\u00f6 asua ja tehd\u00e4 liiketoimintaa. Tampereen kaupungin Viiden t\u00e4hden keskusta -hankeohjelman kotisivuilla on runsaasti tietoa k\u00e4ynniss\u00e4 olevista hankkeista, itse hankeohjelman kuvaus sek\u00e4 tietoa ja lukuja.Viiden t\u00e4hden keskusta [&hellip;]<\/p>\n","protected":false},"author":3,"featured_media":0,"parent":0,"menu_order":0,"comment_status":"closed","ping_status":"closed","template":"","meta":{"_acf_changed":false,"content-type":"","footnotes":""},"class_list":["post-92","page","type-page","status-publish","hentry"],"acf":[],"aioseo_notices":[],"_links":{"self":[{"href":"https:\/\/rakastampere.fi\/jasenille\/wp-json\/wp\/v2\/pages\/92","targetHints":{"allow":["GET"]}}],"collection":[{"href":"https:\/\/rakastampere.fi\/jasenille\/wp-json\/wp\/v2\/pages"}],"about":[{"href":"https:\/\/rakastampere.fi\/jasenille\/wp-json\/wp\/v2\/types\/page"}],"author":[{"embeddable":true,"href":"https:\/\/rakastampere.fi\/jasenille\/wp-json\/wp\/v2\/users\/3"}],"replies":[{"embeddable":true,"href":"https:\/\/rakastampere.fi\/jasenille\/wp-json\/wp\/v2\/comments?post=92"}],"version-history":[{"count":8,"href":"https:\/\/rakastampere.fi\/jasenille\/wp-json\/wp\/v2\/pages\/92\/revisions"}],"predecessor-version":[{"id":1693,"href":"https:\/\/rakastampere.fi\/jasenille\/wp-json\/wp\/v2\/pages\/92\/revisions\/1693"}],"wp:attachment":[{"href":"https:\/\/rakastampere.fi\/jasenille\/wp-json\/wp\/v2\/media?parent=92"}],"curies":[{"name":"wp","href":"https:\/\/api.w.org\/{rel}","templated":true}]}}