{"id":900,"date":"2024-05-06T11:20:16","date_gmt":"2024-05-06T08:20:16","guid":{"rendered":"https:\/\/rakastampere.fi\/jasenille\/?page_id=900"},"modified":"2024-05-06T13:00:20","modified_gmt":"2024-05-06T10:00:20","slug":"nay-yli-miljoonalle-yhteisessa-digi-artikkelissa","status":"publish","type":"page","link":"https:\/\/rakastampere.fi\/jasenille\/nay-yli-miljoonalle-yhteisessa-digi-artikkelissa\/","title":{"rendered":"N\u00e4y yli miljoonalle yhteisess\u00e4 digiartikkelissa"},"content":{"rendered":"\n<h5 class=\"wp-block-heading\">Tampere Tunnetuksi ry luo kes\u00e4ll\u00e4 2024 mielenkiintoisia artikkelipaketteja, joissa kerrotaan Tampereen keskustan mahdollisuuksista kotimaan matkailijoille. Yhdistys on kilpailuttanut mediapaketin ja j\u00e4senet voivat nyt ostaa paikan eritt\u00e4in edulliseen yhteismarkkinointihintaan. <\/h5>\n\n\n\n<p>Rakas Tampere -artikkelit julkaistaan osana Aamulehti Digin uutissivustoa 7 p\u00e4iv\u00e4n ajan. Lis\u00e4ksi artikkeleihin tilataan tulospohjaista klikkimainontaa 1000 euron arvosta. Mainoksia n\u00e4ytet\u00e4\u00e4n kaikissa Sanoman verkostoon kuuluvissa medioissa Pirkanmaan alueella.<\/p>\n\n\n\n<h4 class=\"wp-block-heading has-white-color has-green-background-color has-text-color has-background has-link-color wp-elements-370c422b5b38867baa569abe345f3058\">Vastaava vuonna 2023 luotu artikkelipaikka saavutti kes\u00e4n 2023 kampanjan aikana 1319\u202f518 n\u00e4ytt\u00f6\u00e4 ja 4\u202f983 klikkausta.&nbsp;&nbsp;<\/h4>\n\n\n\n<p><strong>Artikkelit teemoitetaan mukaan l\u00e4htevien j\u00e4senyritysten mukaan. <\/strong>Yhteen artikkeliin ker\u00e4t\u00e4\u00e4n minimiss\u00e4\u00e4n nelj\u00e4 j\u00e4senyrityst\u00e4. Aiheena voi olla esimerkiksi vinkit lapsiperheille, uudet mielenkiintoiset ravintolat tai romanttiset kohteet pariskunnille. Artikkelien yhteydess\u00e4 mainitaan Rakas Tampere Passi.<\/p>\n\n\n\n<p><strong>Yhteisesti luodulla kampanjalla pystyt\u00e4\u00e4n kampittamaan hintaa. <\/strong><\/p>\n\n\n\n<p>Kilpailuttamisen lis\u00e4ksi hintaa yksitt\u00e4iselle j\u00e4senelle pystyt\u00e4\u00e4n laskemaan my\u00f6s kimppaostoksen avulla. Vastaava mediatilan hankinta tekstintuotantoineen maksaisi v\u00e4hint\u00e4\u00e4n 5000 euroa.<\/p>\n\n\n\n<h3 class=\"wp-block-heading\"><strong>Etuhinta yhdistyksen j\u00e4senille on 1300 \u20ac + alv.<\/strong><\/h3>\n\n\n\n<p>T\u00e4m\u00e4 hinta sis\u00e4lt\u00e4\u00e4 tekstin tuotannon, 7 p\u00e4iv\u00e4n n\u00e4kyvyyden digi-AL feediss\u00e4 ja klikkimainonnan. HUOM! Hinta ei sis\u00e4ll\u00e4 valokuvausta natiiviartikkeliin. Jokainen osallistuva yritys tuottaa tai l\u00e4hett\u00e4\u00e4 kuvan itse. <\/p>\n\n\n\n<p><strong>Ilmoittaudu mukaan viimeist\u00e4\u00e4n maanantaihin 20.5.2024. Tekstit tuotetaan nopealla tahdilla t\u00e4m\u00e4n j\u00e4lkeen. <\/strong><\/p>\n\n\n\n<p>Artikkelit tuotetaan, jos  mukaan saadaan riitt\u00e4v\u00e4 m\u00e4\u00e4r\u00e4 kiinnostuneita yrityksi\u00e4. <\/p>\n\n\n\n<p>\u00c4l\u00e4 j\u00e4\u00e4 turhaan odottelemaan, vaan ilmoita yrityksesi kaupalliselle tuottajalle, Heidi Kormanolle, heti.<\/p>\n\n\n\n\n\n\n<p><br><\/p>\n","protected":false},"excerpt":{"rendered":"<p>Tampere Tunnetuksi ry luo kes\u00e4ll\u00e4 2024 mielenkiintoisia artikkelipaketteja, joissa kerrotaan Tampereen keskustan mahdollisuuksista kotimaan matkailijoille. Yhdistys on kilpailuttanut mediapaketin ja j\u00e4senet voivat nyt ostaa paikan eritt\u00e4in edulliseen yhteismarkkinointihintaan. Rakas Tampere -artikkelit julkaistaan osana Aamulehti Digin uutissivustoa 7 p\u00e4iv\u00e4n ajan. Lis\u00e4ksi artikkeleihin tilataan tulospohjaista klikkimainontaa 1000 euron arvosta. Mainoksia n\u00e4ytet\u00e4\u00e4n kaikissa Sanoman verkostoon kuuluvissa medioissa Pirkanmaan [&hellip;]<\/p>\n","protected":false},"author":5,"featured_media":0,"parent":0,"menu_order":0,"comment_status":"closed","ping_status":"closed","template":"","meta":{"_acf_changed":false,"content-type":"","footnotes":""},"class_list":["post-900","page","type-page","status-publish","hentry"],"acf":[],"aioseo_notices":[],"_links":{"self":[{"href":"https:\/\/rakastampere.fi\/jasenille\/wp-json\/wp\/v2\/pages\/900","targetHints":{"allow":["GET"]}}],"collection":[{"href":"https:\/\/rakastampere.fi\/jasenille\/wp-json\/wp\/v2\/pages"}],"about":[{"href":"https:\/\/rakastampere.fi\/jasenille\/wp-json\/wp\/v2\/types\/page"}],"author":[{"embeddable":true,"href":"https:\/\/rakastampere.fi\/jasenille\/wp-json\/wp\/v2\/users\/5"}],"replies":[{"embeddable":true,"href":"https:\/\/rakastampere.fi\/jasenille\/wp-json\/wp\/v2\/comments?post=900"}],"version-history":[{"count":7,"href":"https:\/\/rakastampere.fi\/jasenille\/wp-json\/wp\/v2\/pages\/900\/revisions"}],"predecessor-version":[{"id":916,"href":"https:\/\/rakastampere.fi\/jasenille\/wp-json\/wp\/v2\/pages\/900\/revisions\/916"}],"wp:attachment":[{"href":"https:\/\/rakastampere.fi\/jasenille\/wp-json\/wp\/v2\/media?parent=900"}],"curies":[{"name":"wp","href":"https:\/\/api.w.org\/{rel}","templated":true}]}}