{"id":90,"date":"2023-05-09T14:00:29","date_gmt":"2023-05-09T11:00:29","guid":{"rendered":"https:\/\/rakastampere.fi\/jasenille\/?page_id=90"},"modified":"2025-05-02T11:11:50","modified_gmt":"2025-05-02T08:11:50","slug":"yhteys","status":"publish","type":"page","link":"https:\/\/rakastampere.fi\/jasenille\/yhteys\/","title":{"rendered":"Yhteys"},"content":{"rendered":"\n<p><strong>Tampere Tunnetuksi ry<\/strong><br>Viinikankatu 47<br>33800 Tampere<br><a href=\"mailto:toimisto@tamperetunnetuksi.fi\">toimisto@tamperetunnetuksi.fi<\/a><\/p>\n\n\n\n<p><strong><br>S\u00e4hk\u00f6inen laskutusosoite<\/strong><br>Verkkolaskuosoite\/OVT-tunnus: 003702915407<strong><br><\/strong>V\u00e4litt\u00e4j\u00e4: Apix Messaging Oy,&nbsp;003723327487<br>Y-tunnus: 0291540-7<\/p>\n\n\n\n<p><\/p>\n\n\n\n<p><strong>Toiminnanjohtaja<\/strong><br>Riikka T\u00f6yt\u00e4ri<br><a href=\"mailto:riikka.toytari@tamperetunnetuksi.fi\">riikka.toytari@tamperetunnetuksi.fi<\/a><br>p. 040 582 1949<br>\u2013 Tampereen keskusta-alueen kehitt\u00e4minen, j\u00e4senasiat, yhdistyksen hallinto, laskutus, yhteisty\u00f6, Kuninkaankatu<\/p>\n\n\n\n<p><\/p>\n\n\n\n<p><strong>Kaupallinen tuottaja<\/strong><br>Heidi Kormano<br>heidi.kormano (at) tamperetunnetuksi.fi<br>p. 0400 987850<br>\u2013 Rakas Tampere Passi, kampanjat<\/p>\n\n\n\n<p><\/p>\n\n\n\n<p><a href=\"https:\/\/rakastampere.fi\/jasenille\/hallitus\/\" title=\"Hallitus\">Hallitus<\/a> <br><a href=\"https:\/\/rakastampere.fi\/jasenille\/tyoryhmat-2\/\" title=\"Ty\u00f6ryhm\u00e4t\">Ty\u00f6ryhm\u00e4t<\/a> <\/p>\n\n\n\n<p><a href=\"https:\/\/rakastampere.fi\/jasenille\/mediapankki\/\" title=\"Mediapankki\">Logot<\/a>: Tampere Tunnetuksi, Rakas Tampere, Rakas Tampere Passi<\/p>\n","protected":false},"excerpt":{"rendered":"<p>Tampere Tunnetuksi ryViinikankatu 4733800 Tamperetoimisto@tamperetunnetuksi.fi S\u00e4hk\u00f6inen laskutusosoiteVerkkolaskuosoite\/OVT-tunnus: 003702915407V\u00e4litt\u00e4j\u00e4: Apix Messaging Oy,&nbsp;003723327487Y-tunnus: 0291540-7 ToiminnanjohtajaRiikka T\u00f6yt\u00e4ririikka.toytari@tamperetunnetuksi.fip. 040 582 1949\u2013 Tampereen keskusta-alueen kehitt\u00e4minen, j\u00e4senasiat, yhdistyksen hallinto, laskutus, yhteisty\u00f6, Kuninkaankatu Kaupallinen tuottajaHeidi Kormanoheidi.kormano (at) tamperetunnetuksi.fip. 0400 987850\u2013 Rakas Tampere Passi, kampanjat Hallitus Ty\u00f6ryhm\u00e4t Logot: Tampere Tunnetuksi, Rakas Tampere, Rakas Tampere Passi<\/p>\n","protected":false},"author":3,"featured_media":0,"parent":0,"menu_order":0,"comment_status":"closed","ping_status":"closed","template":"","meta":{"_acf_changed":false,"content-type":"","footnotes":""},"class_list":["post-90","page","type-page","status-publish","hentry"],"acf":[],"aioseo_notices":[],"_links":{"self":[{"href":"https:\/\/rakastampere.fi\/jasenille\/wp-json\/wp\/v2\/pages\/90","targetHints":{"allow":["GET"]}}],"collection":[{"href":"https:\/\/rakastampere.fi\/jasenille\/wp-json\/wp\/v2\/pages"}],"about":[{"href":"https:\/\/rakastampere.fi\/jasenille\/wp-json\/wp\/v2\/types\/page"}],"author":[{"embeddable":true,"href":"https:\/\/rakastampere.fi\/jasenille\/wp-json\/wp\/v2\/users\/3"}],"replies":[{"embeddable":true,"href":"https:\/\/rakastampere.fi\/jasenille\/wp-json\/wp\/v2\/comments?post=90"}],"version-history":[{"count":22,"href":"https:\/\/rakastampere.fi\/jasenille\/wp-json\/wp\/v2\/pages\/90\/revisions"}],"predecessor-version":[{"id":1460,"href":"https:\/\/rakastampere.fi\/jasenille\/wp-json\/wp\/v2\/pages\/90\/revisions\/1460"}],"wp:attachment":[{"href":"https:\/\/rakastampere.fi\/jasenille\/wp-json\/wp\/v2\/media?parent=90"}],"curies":[{"name":"wp","href":"https:\/\/api.w.org\/{rel}","templated":true}]}}