{"id":857,"date":"2024-04-10T14:18:54","date_gmt":"2024-04-10T11:18:54","guid":{"rendered":"https:\/\/rakastampere.fi\/jasenille\/?page_id=857"},"modified":"2025-08-28T09:38:31","modified_gmt":"2025-08-28T06:38:31","slug":"koulutukset","status":"publish","type":"page","link":"https:\/\/rakastampere.fi\/jasenille\/koulutukset\/","title":{"rendered":"Koulutukset"},"content":{"rendered":"\n<p>Tampere Tunnetuksi ry j\u00e4rjest\u00e4\u00e4 vuosittain koulutuksia eri teemoista jotka liittyv\u00e4t usein kivijalan tarpeisiin kuten markkinointiin, visuaalisuuteen, mediasuhteiden yll\u00e4pitoon. <\/p>\n\n\n\n<h4 class=\"wp-block-heading has-blue-color has-text-color has-link-color wp-elements-568cf986ccaad4f2596016954a69fbbd\">KOULUTUKSET 2025:<\/h4>\n\n\n\n<p><strong>keskiviikko 16.4.2025<\/strong> Google Business Profilen p\u00e4ivitys (webinar) &gt; <a href=\"https:\/\/rakastampere.fi\/jasenille\/google-business-profile-koulutus\/\" target=\"_blank\" rel=\"noopener\" title=\"\">ilmoittautumissivusto<\/a><\/p>\n\n\n\n<p><strong>perjantai 16.5.2025<\/strong> klo 9-11:30 Tampereen keskustan turvallisuus &gt; ilmoittautumissivusto<\/p>\n\n\n\n<p>syksyll\u00e4 2025 &#8211; visuaalisuus yrityksen myynniss\u00e4; n\u00e4yteikkuna ja s\u00e4hk\u00f6inen maailma<\/p>\n\n\n\n<figure class=\"wp-block-image size-large\"><img loading=\"lazy\" decoding=\"async\" width=\"1024\" height=\"799\" src=\"https:\/\/rakastampere.fi\/jasenille\/wp-content\/uploads\/sites\/2\/2024\/04\/mediakoulutus-1024x799.jpg\" alt=\"\" class=\"wp-image-860\" style=\"object-fit:cover\" srcset=\"https:\/\/rakastampere.fi\/jasenille\/wp-content\/uploads\/sites\/2\/2024\/04\/mediakoulutus-1024x799.jpg 1024w, https:\/\/rakastampere.fi\/jasenille\/wp-content\/uploads\/sites\/2\/2024\/04\/mediakoulutus-800x624.jpg 800w, https:\/\/rakastampere.fi\/jasenille\/wp-content\/uploads\/sites\/2\/2024\/04\/mediakoulutus-768x599.jpg 768w, https:\/\/rakastampere.fi\/jasenille\/wp-content\/uploads\/sites\/2\/2024\/04\/mediakoulutus-1200x936.jpg 1200w, https:\/\/rakastampere.fi\/jasenille\/wp-content\/uploads\/sites\/2\/2024\/04\/mediakoulutus.jpg 1400w\" sizes=\"auto, (max-width: 1024px) 100vw, 1024px\" \/><\/figure>\n\n\n\n<p class=\"has-black-color has-text-color has-link-color wp-elements-9ac00cf961d1ea846fe5a532228b76c6\"><\/p>\n\n\n\n<p class=\"has-text-align-center has-white-color has-blue-background-color has-text-color has-background has-link-color wp-elements-394134b5f0905b6fd1c380e90d6bd81c\"><strong>Koulutukset ovat suunnattu Tampere Tunnetuksi ry:n j\u00e4senyritysten edustajille. <\/strong><\/p>\n","protected":false},"excerpt":{"rendered":"<p>Tampere Tunnetuksi ry j\u00e4rjest\u00e4\u00e4 vuosittain koulutuksia eri teemoista jotka liittyv\u00e4t usein kivijalan tarpeisiin kuten markkinointiin, visuaalisuuteen, mediasuhteiden yll\u00e4pitoon. KOULUTUKSET 2025: keskiviikko 16.4.2025 Google Business Profilen p\u00e4ivitys (webinar) &gt; ilmoittautumissivusto perjantai 16.5.2025 klo 9-11:30 Tampereen keskustan turvallisuus &gt; ilmoittautumissivusto syksyll\u00e4 2025 &#8211; visuaalisuus yrityksen myynniss\u00e4; n\u00e4yteikkuna ja s\u00e4hk\u00f6inen maailma Koulutukset ovat suunnattu Tampere Tunnetuksi ry:n j\u00e4senyritysten [&hellip;]<\/p>\n","protected":false},"author":5,"featured_media":860,"parent":0,"menu_order":0,"comment_status":"closed","ping_status":"closed","template":"","meta":{"_acf_changed":false,"content-type":"","footnotes":""},"class_list":["post-857","page","type-page","status-publish","has-post-thumbnail","hentry"],"acf":[],"aioseo_notices":[],"_links":{"self":[{"href":"https:\/\/rakastampere.fi\/jasenille\/wp-json\/wp\/v2\/pages\/857","targetHints":{"allow":["GET"]}}],"collection":[{"href":"https:\/\/rakastampere.fi\/jasenille\/wp-json\/wp\/v2\/pages"}],"about":[{"href":"https:\/\/rakastampere.fi\/jasenille\/wp-json\/wp\/v2\/types\/page"}],"author":[{"embeddable":true,"href":"https:\/\/rakastampere.fi\/jasenille\/wp-json\/wp\/v2\/users\/5"}],"replies":[{"embeddable":true,"href":"https:\/\/rakastampere.fi\/jasenille\/wp-json\/wp\/v2\/comments?post=857"}],"version-history":[{"count":18,"href":"https:\/\/rakastampere.fi\/jasenille\/wp-json\/wp\/v2\/pages\/857\/revisions"}],"predecessor-version":[{"id":1694,"href":"https:\/\/rakastampere.fi\/jasenille\/wp-json\/wp\/v2\/pages\/857\/revisions\/1694"}],"wp:featuredmedia":[{"embeddable":true,"href":"https:\/\/rakastampere.fi\/jasenille\/wp-json\/wp\/v2\/media\/860"}],"wp:attachment":[{"href":"https:\/\/rakastampere.fi\/jasenille\/wp-json\/wp\/v2\/media?parent=857"}],"curies":[{"name":"wp","href":"https:\/\/api.w.org\/{rel}","templated":true}]}}