{"id":84,"date":"2023-05-09T13:59:48","date_gmt":"2023-05-09T10:59:48","guid":{"rendered":"https:\/\/rakastampere.fi\/jasenille\/?page_id=84"},"modified":"2023-05-19T11:33:38","modified_gmt":"2023-05-19T08:33:38","slug":"saannot","status":"publish","type":"page","link":"https:\/\/rakastampere.fi\/jasenille\/saannot\/","title":{"rendered":"S\u00e4\u00e4nn\u00f6t"},"content":{"rendered":"\n<p><strong>Tampere Tunnetuksi ry:n s\u00e4\u00e4nn\u00f6t<\/strong><\/p>\n\n\n\n<p><strong>1. Yhdistyksen nimi ja kotipaikka<\/strong><\/p>\n\n\n\n<p>Yhdistyksen nimi on Tampere Tunnetuksi ry ja sen kotipaikka on Tampereen kaupunki.<\/p>\n\n\n\n<p><strong>2. Tarkoitus ja toiminnan laatu<\/strong><\/p>\n\n\n\n<p>Yhdistyksen tarkoituksena on Tampereen kaupungin keskustan el\u00e4v\u00f6itt\u00e4minen ja kehitt\u00e4minen. Yhdistys toteuttaa tarkoitustaan j\u00e4rjest\u00e4m\u00e4ll\u00e4 ja mahdollistamalla tapahtumia, kokouksia ja neuvottelutilaisuuksia, julkaisemalla tiedonantoja ja julkaisuja sek\u00e4 toimimalla muilla n\u00e4ihin verrattavilla tavoilla. Toimintansa tukemiseksi yhdistys voi ottaa vastaan lahjoituksia ja tehd\u00e4 varainhankintaa.<\/p>\n\n\n\n<p><strong>3. J\u00e4senet<\/strong><\/p>\n\n\n\n<p>Yhdistyksen j\u00e4seneksi voivat p\u00e4\u00e4st\u00e4 oikeuskelpoiset juridiset ja fyysiset henkil\u00f6t, jotka yhdistyksen hallitus hyv\u00e4ksyy j\u00e4seniksi. N\u00e4iden varsinaisten j\u00e4senten lis\u00e4ksi yhdistyksell\u00e4 voi olla kannatusj\u00e4senin\u00e4 oikeuskelpoisia juridisia henkil\u00f6it\u00e4, jotka haluavat tukea yhdistyksen toimintaa ja jotka hallitus hyv\u00e4ksyy j\u00e4seniksi.<\/p>\n\n\n\n<p><strong>4. J\u00e4senen eroaminen ja erottaminen<\/strong><\/p>\n\n\n\n<p>Yhdistyksest\u00e4 voi erota ilmoittamalla siit\u00e4 kirjallisesti yhdistyksen hallitukselle tai sen puheenjohtajalle tai yhdistyksen kokouksessa merkitt\u00e4v\u00e4ksi p\u00f6yt\u00e4kirjaan. Jos j\u00e4sen on j\u00e4tt\u00e4nyt er\u00e4\u00e4ntyneen j\u00e4senmaksunsa maksamatta tai menettelyll\u00e4\u00e4n on loukannut yhdistyksen tarkoitusperi\u00e4, on hallituksella oikeus erottaa j\u00e4sen yhdistyksest\u00e4.<\/p>\n\n\n\n<p><strong>5. J\u00e4senmaksu<\/strong><\/p>\n\n\n\n<p>Varsinaisilta ja kannatusj\u00e4senilt\u00e4 peritt\u00e4v\u00e4n vuotuisen j\u00e4senmaksun suuruudesta p\u00e4\u00e4tt\u00e4\u00e4 vuosikokous erikseen kummallekin j\u00e4senryhm\u00e4lle.<\/p>\n\n\n\n<p><strong>6. Hallitus<\/strong><\/p>\n\n\n\n<p>Yhdistyksen asioita hoitaa hallitus, johon kuuluu 10-13 j\u00e4sent\u00e4, joista yksi valitaan vuosittain kaupunginhallituksen nime\u00e4mist\u00e4 ehdokkaista, ja joista kuusi on vuosittain erovuorossa. Hallitus valitsee keskuudestaan puheenjohtajan ja varapuheenjohtajan sek\u00e4 muut tarvittavat hallituksesta muodostettavat toimikunnat. Hallitus valitsee keskuudestaan tai ulkopuoleltaan sihteerin ja muut tarvittavat toimihenkil\u00f6t sek\u00e4 m\u00e4\u00e4r\u00e4\u00e4 heid\u00e4n palkkionsa. Hallitus kokoontuu puheenjohtajan tai h\u00e4nen estyneen\u00e4 ollessaan varapuheenjohtajan kutsusta, kun he katsovat siihen olevan aihetta tai kun v\u00e4hint\u00e4\u00e4n puolet hallituksen j\u00e4senist\u00e4 sit\u00e4 vaatii.<\/p>\n\n\n\n<p>Hallitus on p\u00e4\u00e4t\u00f6svaltainen, kun v\u00e4hint\u00e4\u00e4n viisi sen j\u00e4senist\u00e4, puheenjohtaja tai varapuheenjohtaja mukaanluettuna, on l\u00e4sn\u00e4. P\u00e4\u00e4t\u00f6kset tehd\u00e4\u00e4n yksinkertaisella \u00e4\u00e4nten enemmist\u00f6ll\u00e4. \u00c4\u00e4nten menness\u00e4 tasan ratkaisee puheenjohtajan \u00e4\u00e4ni, paitsi vaaleissa arpa.<\/p>\n\n\n\n<p><strong>7. Yhdistyksen nimen kirjoittaminen<\/strong><\/p>\n\n\n\n<p>Yhdistyksen nimen kirjoittavat hallituksen puheenjohtaja tai varapuheenjohtaja yhdess\u00e4 sihteerin tai jonkun muun hallituksen siihen m\u00e4\u00e4r\u00e4\u00e4m\u00e4n henkil\u00f6n kanssa.<\/p>\n\n\n\n<p><strong>8. Tilikausi ja tilintarkastus<\/strong><\/p>\n\n\n\n<p>Yhdistyksen tilikausi on kalenterivuosi. Tilinp\u00e4\u00e4t\u00f6s tarvittavine asiakirjoineen ja hallituksen vuosikertomus on annettava tilintarkastajille hyviss\u00e4 ajoin ennen vuosikokousta. Tilintarkastajien tulee antaa kirjallinen lausuntonsa viimeist\u00e4\u00e4n kaksi viikkoa ennen vuosikokousta hallitukselle. Yhdistyksell\u00e4 on yksi varsinainen tilintarkastaja ja yksi varatilintarkastaja.<\/p>\n\n\n\n<p><strong>9. Yhdistyksen kokoukset<\/strong><\/p>\n\n\n\n<p>Yhdistyksen vuosikokous pidet\u00e4\u00e4n hallituksen m\u00e4\u00e4r\u00e4\u00e4m\u00e4n\u00e4 p\u00e4iv\u00e4n\u00e4 elo-lokakuussa.<br>Ylim\u00e4\u00e4r\u00e4inen yhdistyksen kokous pidet\u00e4\u00e4n, kun yhdistyksen kokous niin p\u00e4\u00e4tt\u00e4\u00e4 tai hallitus katsoo siihen olevan aihetta tai v\u00e4hint\u00e4\u00e4n kymmenesosa (1\/10) yhdistyksen \u00e4\u00e4nioikeutetuista j\u00e4senist\u00e4 sit\u00e4 kirjallisesti ilmoittamansa asian k\u00e4sittely\u00e4 varten vaatii. Kokous on pidett\u00e4v\u00e4 kolmenkymmenen vuorokauden kuluessa siit\u00e4, kun vaatimus sen pit\u00e4misest\u00e4 on esitetty hallitukselle. Yhdistyksen kokouksissa on jokaisella varsinaisella j\u00e4senell\u00e4 tai h\u00e4nen valtuuttamallaan yksi \u00e4\u00e4ni. Kannatusj\u00e4senill\u00e4 on kokouksessa l\u00e4sn\u00e4olo- ja puheoikeus.<\/p>\n\n\n\n<p>Yhdistyksen kokouksen p\u00e4\u00e4t\u00f6kseksi tulee, ellei s\u00e4\u00e4nn\u00f6iss\u00e4 ole toisin m\u00e4\u00e4r\u00e4tty, se mielipide, jota on kannattanut yli puolet annetuista \u00e4\u00e4nist\u00e4. \u00c4\u00e4nten menness\u00e4 tasan ratkaisee kokouksen puheenjohtajan \u00e4\u00e4ni, vaaleissa kuitenkin arpa.<\/p>\n\n\n\n<p><strong>10. Yhdistyksen kokousten koollekutsuminen<\/strong><\/p>\n\n\n\n<p>Hallituksen on kutsuttava yhdistyksen kokoukset koolle v\u00e4hint\u00e4\u00e4n seitsem\u00e4n vuorokautta ennen kokousta j\u00e4senille postitetuilla kirjeill\u00e4, ilmoituksella paikallisissa hallituksen m\u00e4\u00e4r\u00e4\u00e4miss\u00e4 sanomalehdiss\u00e4 tai s\u00e4hk\u00f6postilla j\u00e4senen ilmoittamaan osoitteeseen.<\/p>\n\n\n\n<p><strong>11. Vuosikokous<\/strong><\/p>\n\n\n\n<p>Yhdistyksen vuosikokouksessa k\u00e4sitell\u00e4\u00e4n seuraavat asiat:<br>1. kokouksen avaus<br>2.valitaan kokouksen puheenjohtaja, sihteeri kaksi p\u00f6yt\u00e4kirjantarkastajaa ja tarvittaessa kaksi \u00e4\u00e4ntenlaskijaa<br>3. todetaan kokouksen laillisuus ja p\u00e4\u00e4t\u00f6svaltaisuus<br>4. hyv\u00e4ksyt\u00e4\u00e4n kokouksen ty\u00f6j\u00e4rjestys<br>5. esitet\u00e4\u00e4n tilinp\u00e4\u00e4t\u00f6s, vuosikertomus ja tilintarkastajan lausunto<br>6. p\u00e4\u00e4tet\u00e4\u00e4n tilinp\u00e4\u00e4t\u00f6ksen vahvistamisesta ja vastuuvapauden my\u00f6nt\u00e4misest\u00e4 hallitukselle ja muille vastuuvelvollisille<br>7. vahvistetaan toimintasuunnitelma, tulo \u2013 ja menoarvio sek\u00e4 j\u00e4senmaksun suuruus<br>8 valitaan hallituksen j\u00e4senet erovuoroisten tilalle ja valitaan yksi hallituksen j\u00e4sen kaupunginhallituksen nime\u00e4mist\u00e4 ehdokkaista ja m\u00e4\u00e4r\u00e4t\u00e4\u00e4n hallituksen kokouspalkkioiden suuruus <br>9. valitaan yksi tai kaksi tilintarkastajaa ja heille varatilintarkastajat<br>10. k\u00e4sitell\u00e4\u00e4n muut kokouskutsussa mainitut asiat<\/p>\n\n\n\n<p>Mik\u00e4li yhdistyksen j\u00e4sen haluaa saada jonkin asian yhdistyksen vuosikokouksen k\u00e4sitelt\u00e4v\u00e4ksi, on h\u00e4nen ilmoitettava siit\u00e4 hallitukselle niin hyviss\u00e4 ajoin, ett\u00e4 asia voidaan sis\u00e4llytt\u00e4\u00e4 kokouskutsuun.<\/p>\n\n\n\n<p><strong>12. S\u00e4\u00e4nt\u00f6jen muuttaminen ja yhdistyksen purkaminen<\/strong><\/p>\n\n\n\n<p>P\u00e4\u00e4t\u00f6s s\u00e4\u00e4nt\u00f6jen muuttamisesta tai yhdistyksen purkamisesta on teht\u00e4v\u00e4 yhdistyksen kokouksessa v\u00e4hint\u00e4\u00e4n kolmen nelj\u00e4sosan (3\/4) enemmist\u00f6ll\u00e4 annetuista \u00e4\u00e4nist\u00e4. Kokouskutsussa on mainittava s\u00e4\u00e4nt\u00f6jen muuttamisesta tai yhdistyksen purkamisesta. Yhdistyksen purkaantuessa sen varat siirtyv\u00e4t Tampereen kaupungille kaupunginhallituksen k\u00e4ytett\u00e4v\u00e4ksi yhdistyksen tarkoitusperien toteuttamiseen<\/p>\n\n\n\n<p>S\u00e4\u00e4nn\u00f6t voimassa alkaen 1.10.2014<\/p>\n","protected":false},"excerpt":{"rendered":"<p>Tampere Tunnetuksi ry:n s\u00e4\u00e4nn\u00f6t 1. Yhdistyksen nimi ja kotipaikka Yhdistyksen nimi on Tampere Tunnetuksi ry ja sen kotipaikka on Tampereen kaupunki. 2. Tarkoitus ja toiminnan laatu Yhdistyksen tarkoituksena on Tampereen kaupungin keskustan el\u00e4v\u00f6itt\u00e4minen ja kehitt\u00e4minen. Yhdistys toteuttaa tarkoitustaan j\u00e4rjest\u00e4m\u00e4ll\u00e4 ja mahdollistamalla tapahtumia, kokouksia ja neuvottelutilaisuuksia, julkaisemalla tiedonantoja ja julkaisuja sek\u00e4 toimimalla muilla n\u00e4ihin verrattavilla tavoilla. [&hellip;]<\/p>\n","protected":false},"author":3,"featured_media":0,"parent":0,"menu_order":0,"comment_status":"closed","ping_status":"closed","template":"","meta":{"_acf_changed":false,"content-type":"","footnotes":""},"class_list":["post-84","page","type-page","status-publish","hentry"],"acf":[],"aioseo_notices":[],"_links":{"self":[{"href":"https:\/\/rakastampere.fi\/jasenille\/wp-json\/wp\/v2\/pages\/84","targetHints":{"allow":["GET"]}}],"collection":[{"href":"https:\/\/rakastampere.fi\/jasenille\/wp-json\/wp\/v2\/pages"}],"about":[{"href":"https:\/\/rakastampere.fi\/jasenille\/wp-json\/wp\/v2\/types\/page"}],"author":[{"embeddable":true,"href":"https:\/\/rakastampere.fi\/jasenille\/wp-json\/wp\/v2\/users\/3"}],"replies":[{"embeddable":true,"href":"https:\/\/rakastampere.fi\/jasenille\/wp-json\/wp\/v2\/comments?post=84"}],"version-history":[{"count":3,"href":"https:\/\/rakastampere.fi\/jasenille\/wp-json\/wp\/v2\/pages\/84\/revisions"}],"predecessor-version":[{"id":150,"href":"https:\/\/rakastampere.fi\/jasenille\/wp-json\/wp\/v2\/pages\/84\/revisions\/150"}],"wp:attachment":[{"href":"https:\/\/rakastampere.fi\/jasenille\/wp-json\/wp\/v2\/media?parent=84"}],"curies":[{"name":"wp","href":"https:\/\/api.w.org\/{rel}","templated":true}]}}