{"id":821,"date":"2024-03-05T10:35:03","date_gmt":"2024-03-05T08:35:03","guid":{"rendered":"https:\/\/rakastampere.fi\/jasenille\/?page_id=821"},"modified":"2024-03-21T13:12:20","modified_gmt":"2024-03-21T11:12:20","slug":"google-markkinointikoulutus","status":"publish","type":"page","link":"https:\/\/rakastampere.fi\/jasenille\/google-markkinointikoulutus\/","title":{"rendered":"Google-markkinointikoulutus"},"content":{"rendered":"\n<p>Google-markkinointi on yksi kustannustehokkaimmista tavoista tehd\u00e4 digitaalista markkinointia. Tule mukaan parin tunnin koulutukseen, jotta saat varmasti t\u00e4yden edun irti niin maksuttomasta kuin maksullisestakin Google-toiminnasta. <\/p>\n\n\n\n<h6 class=\"wp-block-heading has-blue-color has-text-color has-link-color wp-elements-08d88f09d887087cb19a981e3c63e3f4\">ILMOITTAUTUMINEN ON P\u00c4\u00c4TTYNYT! Kysy peruutuspaikkoja: Heidi Kormano, puh 0400987850<\/h6>\n\n\n\n<figure class=\"wp-block-image size-large\"><img loading=\"lazy\" decoding=\"async\" width=\"1024\" height=\"683\" src=\"https:\/\/rakastampere.fi\/jasenille\/wp-content\/uploads\/sites\/2\/2024\/03\/headway-5QgIuuBxKwM-unsplash-1-1024x683.jpg\" alt=\"\" class=\"wp-image-823\" style=\"object-fit:cover\" srcset=\"https:\/\/rakastampere.fi\/jasenille\/wp-content\/uploads\/sites\/2\/2024\/03\/headway-5QgIuuBxKwM-unsplash-1-1024x683.jpg 1024w, https:\/\/rakastampere.fi\/jasenille\/wp-content\/uploads\/sites\/2\/2024\/03\/headway-5QgIuuBxKwM-unsplash-1-800x533.jpg 800w, https:\/\/rakastampere.fi\/jasenille\/wp-content\/uploads\/sites\/2\/2024\/03\/headway-5QgIuuBxKwM-unsplash-1-768x512.jpg 768w, https:\/\/rakastampere.fi\/jasenille\/wp-content\/uploads\/sites\/2\/2024\/03\/headway-5QgIuuBxKwM-unsplash-1-1536x1024.jpg 1536w, https:\/\/rakastampere.fi\/jasenille\/wp-content\/uploads\/sites\/2\/2024\/03\/headway-5QgIuuBxKwM-unsplash-1-1200x800.jpg 1200w, https:\/\/rakastampere.fi\/jasenille\/wp-content\/uploads\/sites\/2\/2024\/03\/headway-5QgIuuBxKwM-unsplash-1.jpg 1920w\" sizes=\"auto, (max-width: 1024px) 100vw, 1024px\" \/><\/figure>\n\n\n\n<p>Suurin osa t\u00e4m\u00e4n p\u00e4iv\u00e4n kuluttajista hakee tuotteita ja palveluja ostaessaan ensin tietoa Googlesta. Ennakkoon tietoa ker\u00e4\u00e4m\u00e4ll\u00e4 s\u00e4\u00e4stet\u00e4\u00e4n aikaa, kun tiedet\u00e4\u00e4n heti, minne l\u00e4hte\u00e4 ostoksille. Pelk\u00e4st\u00e4\u00e4n Suomessa tehd\u00e4\u00e4n miljoonia Google-hakuja p\u00e4ivitt\u00e4in. <\/p>\n\n\n\n<h5 class=\"wp-block-heading has-green-color has-text-color has-link-color wp-elements-fa13735900d1944be2cecb1cfcf3c2a7\">Google tarjoaa uskomattoman edullisesti &#8211; usein t\u00e4ysin ilmaiseksi &#8211; keinoja p\u00e4\u00e4st\u00e4 maksavien asiakkaiden tietoisuuteen. Usein ongelmana vain on, ettei n\u00e4it\u00e4 keinoja osata hy\u00f6dynt\u00e4\u00e4. Suurimman osan asioista jokainen yritt\u00e4j\u00e4 pystyy kuitenkin  laittamaan kuntoon itse. <\/h5>\n\n\n\n<p>Verrataanko? <\/p>\n\n\n\n<ul class=\"wp-block-list\">\n<li>Ostaisitko 2500\u20ac mainoksen lehdest\u00e4, jolla voi jopa saada mukaan pienen jutun? Vai laitatko 200\u20ac mainokseen, johon saat miljoona n\u00e4ytt\u00f6kertaa, ja jota ihmiset pystyv\u00e4t klikkaamaan &#8211; ja n\u00e4in tutustumaan yritykseesi paremmin.<\/li>\n\n\n\n<li>Sijoitatko tonneja asiakaskokemusteknologiaan vai ker\u00e4\u00e4tk\u00f6 arvosteluita suoraan Googleen saaden samalla lis\u00e4\u00e4 nostetta liiketoiminnalle? Samalla saat arvokasta palautetta siit\u00e4, kuinka voit kehitt\u00e4\u00e4 liiketoimintaasi. <\/li>\n<\/ul>\n\n\n\n<p class=\"has-white-color has-blue-background-color has-text-color has-background has-link-color wp-elements-9a97bdb3f4ba59f8bc36e6f751eecd7b\"><strong>Tampere Tunnetuksi ry j\u00e4rjest\u00e4\u00e4 j\u00e4senyrityksilleen koulutuksen, jossa opit, kuinka saat t\u00e4ydet tehot irti Googlen maksuttomasta ja maksetusta ymp\u00e4rist\u00f6st\u00e4.<\/strong><\/p>\n\n\n\n<p><strong>Koulutusaika: keskiviikko 27.3.2024, klo 8.15-11.00<\/strong><\/p>\n\n\n\n<p><strong>Koulutuspaikka: Mow Supernova, Ratinankuja 1, Tampere<\/strong><\/p>\n\n\n\n<p><strong>Hinta: 30 \u20ac + alv \/ henkil\u00f6<\/strong> <\/p>\n\n\n\n<p>Mukaan mahtuu 55 henkil\u00f6\u00e4. Osallistujien maksimim\u00e4\u00e4r\u00e4 per j\u00e4senyritys on viisi henkil\u00f6\u00e4.<br>Varaa paikkasi heti, ilmoittautuminen on sitova. Aloitetaan koulutus pienell\u00e4 aamupalalla.<\/p>\n\n\n\n<p><strong>Koulutuksen sis\u00e4lt\u00f6:<\/strong><\/p>\n\n\n\n<ul class=\"wp-block-list\">\n<li>Yleinen katsaus Googlen ty\u00f6kalujen kokonaisuuteen yritt\u00e4jille (Ads, Analytics, Search Console, My Business)<\/li>\n\n\n\n<li>Koulutuksessa asiat k\u00e4yd\u00e4\u00e4n erityisesti kivijalkaliikkeiden n\u00e4k\u00f6kulmasta: miten rakennetaan paikallista n\u00e4kyvyytt\u00e4.<\/li>\n<\/ul>\n\n\n\n<div class=\"wp-block-media-text is-stacked-on-mobile\" style=\"grid-template-columns:32% auto\"><figure class=\"wp-block-media-text__media\"><img loading=\"lazy\" decoding=\"async\" width=\"740\" height=\"1024\" src=\"https:\/\/rakastampere.fi\/jasenille\/wp-content\/uploads\/sites\/2\/2024\/03\/juho-L-740x1024.jpg\" alt=\"\" class=\"wp-image-827 size-full\" srcset=\"https:\/\/rakastampere.fi\/jasenille\/wp-content\/uploads\/sites\/2\/2024\/03\/juho-L-740x1024.jpg 740w, https:\/\/rakastampere.fi\/jasenille\/wp-content\/uploads\/sites\/2\/2024\/03\/juho-L-578x800.jpg 578w, https:\/\/rakastampere.fi\/jasenille\/wp-content\/uploads\/sites\/2\/2024\/03\/juho-L-768x1063.jpg 768w, https:\/\/rakastampere.fi\/jasenille\/wp-content\/uploads\/sites\/2\/2024\/03\/juho-L-1109x1536.jpg 1109w, https:\/\/rakastampere.fi\/jasenille\/wp-content\/uploads\/sites\/2\/2024\/03\/juho-L-1200x1662.jpg 1200w, https:\/\/rakastampere.fi\/jasenille\/wp-content\/uploads\/sites\/2\/2024\/03\/juho-L.jpg 1300w\" sizes=\"auto, (max-width: 740px) 100vw, 740px\" \/><\/figure><div class=\"wp-block-media-text__content\">\n<p><\/p>\n\n\n\n<p>Koulutuksen pit\u00e4\u00e4 Kasvuasiantoimisto Kansleri Oy toimitusjohtaja Juho Liljeroos, DI. <\/p>\n\n\n\n<p>Juholla on pitk\u00e4 kokemus myynnist\u00e4 ja markkinoinnista. Koulutuksia h\u00e4n on pit\u00e4nyt palvelumuotoilun, myynnin ja markkinoinnin alalta viimeiset 6 vuotta opettaen muun muassa Tampereen yliopistossa vierailijana. H\u00e4n pit\u00e4\u00e4 yksityisi\u00e4 koulutuksia niin julkiselle kuin yksityiselle puolelle.<\/p>\n<\/div><\/div>\n","protected":false},"excerpt":{"rendered":"<p>Google-markkinointi on yksi kustannustehokkaimmista tavoista tehd\u00e4 digitaalista markkinointia. Tule mukaan parin tunnin koulutukseen, jotta saat varmasti t\u00e4yden edun irti niin maksuttomasta kuin maksullisestakin Google-toiminnasta. ILMOITTAUTUMINEN ON P\u00c4\u00c4TTYNYT! Kysy peruutuspaikkoja: Heidi Kormano, puh 0400987850 Suurin osa t\u00e4m\u00e4n p\u00e4iv\u00e4n kuluttajista hakee tuotteita ja palveluja ostaessaan ensin tietoa Googlesta. Ennakkoon tietoa ker\u00e4\u00e4m\u00e4ll\u00e4 s\u00e4\u00e4stet\u00e4\u00e4n aikaa, kun tiedet\u00e4\u00e4n heti, minne [&hellip;]<\/p>\n","protected":false},"author":5,"featured_media":823,"parent":0,"menu_order":0,"comment_status":"closed","ping_status":"closed","template":"","meta":{"_acf_changed":false,"content-type":"","footnotes":""},"class_list":["post-821","page","type-page","status-publish","has-post-thumbnail","hentry"],"acf":[],"aioseo_notices":[],"_links":{"self":[{"href":"https:\/\/rakastampere.fi\/jasenille\/wp-json\/wp\/v2\/pages\/821","targetHints":{"allow":["GET"]}}],"collection":[{"href":"https:\/\/rakastampere.fi\/jasenille\/wp-json\/wp\/v2\/pages"}],"about":[{"href":"https:\/\/rakastampere.fi\/jasenille\/wp-json\/wp\/v2\/types\/page"}],"author":[{"embeddable":true,"href":"https:\/\/rakastampere.fi\/jasenille\/wp-json\/wp\/v2\/users\/5"}],"replies":[{"embeddable":true,"href":"https:\/\/rakastampere.fi\/jasenille\/wp-json\/wp\/v2\/comments?post=821"}],"version-history":[{"count":15,"href":"https:\/\/rakastampere.fi\/jasenille\/wp-json\/wp\/v2\/pages\/821\/revisions"}],"predecessor-version":[{"id":854,"href":"https:\/\/rakastampere.fi\/jasenille\/wp-json\/wp\/v2\/pages\/821\/revisions\/854"}],"wp:featuredmedia":[{"embeddable":true,"href":"https:\/\/rakastampere.fi\/jasenille\/wp-json\/wp\/v2\/media\/823"}],"wp:attachment":[{"href":"https:\/\/rakastampere.fi\/jasenille\/wp-json\/wp\/v2\/media?parent=821"}],"curies":[{"name":"wp","href":"https:\/\/api.w.org\/{rel}","templated":true}]}}