{"id":80,"date":"2023-05-09T13:59:26","date_gmt":"2023-05-09T10:59:26","guid":{"rendered":"https:\/\/rakastampere.fi\/jasenille\/?page_id=80"},"modified":"2025-12-31T09:40:42","modified_gmt":"2025-12-31T07:40:42","slug":"liity-mukaan","status":"publish","type":"page","link":"https:\/\/rakastampere.fi\/jasenille\/liity-mukaan\/","title":{"rendered":"Liity mukaan"},"content":{"rendered":"\n<h3 class=\"wp-block-heading\">J\u00e4seneksi liittymislomake 2026<\/h3>\n\n\n\n<p>Liity t\u00e4ll\u00e4 lomakkeella Tampere Tunnetuksi ry:n j\u00e4seneksi. J\u00e4senyyden ehtona on ett\u00e4 yritys tai yhteis\u00f6 sijaitsee Tampereen keskusta-alueella. <\/p>\n\n\n\n<div class=\"wp-block-buttons is-layout-flex wp-block-buttons-is-layout-flex\">\n<div class=\"wp-block-button\"><a class=\"wp-block-button__link wp-element-button\" href=\"https:\/\/rakastampere.fi\/jasenille\/yhdistyksen-esittely\/#jasenkartta\">Tutustu j\u00e4senalueeseen<\/a><\/div>\n<\/div>\n\n\n\n<h3 class=\"wp-block-heading\">J\u00e4senkategoriat ja vuosimaksujen suuruus vuonna 2026:<\/h3>\n\n\n\n<ul class=\"wp-block-list\">\n<li>Mikroyritykset 1-3 hl\u00f6\u00e4 100 e<\/li>\n\n\n\n<li>Yritykset 4-10 hl\u00f6 200 e<\/li>\n\n\n\n<li>Yritykset 11-30 hl\u00f6 350 e<\/li>\n\n\n\n<li>Yritykset 31-50&nbsp;hl\u00f6 550 e<\/li>\n\n\n\n<li>Yritykset 51-100&nbsp;hl\u00f6 750 e<\/li>\n\n\n\n<li>Yritykset 101- hl\u00f6 v\u00e4h. 1000 e<\/li>\n\n\n\n<li>Yhdistykset 200 e<\/li>\n<\/ul>\n\n\n\n<ul class=\"wp-block-list\">\n<li>Kauppakeskukset ja tavaratalot 1500 e<\/li>\n\n\n\n<li>Kiinteist\u00f6sijoittajat 2000 e<\/li>\n\n\n\n<li>Yksitt\u00e4iset asunto-\/kiinteist\u00f6yhti\u00f6t 350 e<\/li>\n<\/ul>\n\n\n\n<div style=\"height:60px\" aria-hidden=\"true\" class=\"wp-block-spacer\"><\/div>\n\n\n\n<script charset=\"utf-8\" type=\"text\/javascript\" src=\"\/\/js-eu1.hsforms.net\/forms\/embed\/v2.js\"><\/script>\n<script>\nhbspt.forms.create({\nregion: \"eu1\",\nportalId: \"26231444\",\nformId: \"b0b82e27-cc40-409e-bd89-5eccac7fdb96\"\n});\n<\/script>\n","protected":false},"excerpt":{"rendered":"<p>J\u00e4seneksi liittymislomake 2026 Liity t\u00e4ll\u00e4 lomakkeella Tampere Tunnetuksi ry:n j\u00e4seneksi. J\u00e4senyyden ehtona on ett\u00e4 yritys tai yhteis\u00f6 sijaitsee Tampereen keskusta-alueella. J\u00e4senkategoriat ja vuosimaksujen suuruus vuonna 2026:<\/p>\n","protected":false},"author":3,"featured_media":0,"parent":0,"menu_order":0,"comment_status":"closed","ping_status":"closed","template":"","meta":{"_acf_changed":false,"content-type":"","footnotes":""},"class_list":["post-80","page","type-page","status-publish","hentry"],"acf":[],"aioseo_notices":[],"_links":{"self":[{"href":"https:\/\/rakastampere.fi\/jasenille\/wp-json\/wp\/v2\/pages\/80","targetHints":{"allow":["GET"]}}],"collection":[{"href":"https:\/\/rakastampere.fi\/jasenille\/wp-json\/wp\/v2\/pages"}],"about":[{"href":"https:\/\/rakastampere.fi\/jasenille\/wp-json\/wp\/v2\/types\/page"}],"author":[{"embeddable":true,"href":"https:\/\/rakastampere.fi\/jasenille\/wp-json\/wp\/v2\/users\/3"}],"replies":[{"embeddable":true,"href":"https:\/\/rakastampere.fi\/jasenille\/wp-json\/wp\/v2\/comments?post=80"}],"version-history":[{"count":26,"href":"https:\/\/rakastampere.fi\/jasenille\/wp-json\/wp\/v2\/pages\/80\/revisions"}],"predecessor-version":[{"id":1850,"href":"https:\/\/rakastampere.fi\/jasenille\/wp-json\/wp\/v2\/pages\/80\/revisions\/1850"}],"wp:attachment":[{"href":"https:\/\/rakastampere.fi\/jasenille\/wp-json\/wp\/v2\/media?parent=80"}],"curies":[{"name":"wp","href":"https:\/\/api.w.org\/{rel}","templated":true}]}}