{"id":544,"date":"2023-11-02T15:02:49","date_gmt":"2023-11-02T13:02:49","guid":{"rendered":"https:\/\/rakastampere.fi\/jasenille\/?page_id=544"},"modified":"2023-11-14T14:51:52","modified_gmt":"2023-11-14T12:51:52","slug":"joulukoristehaaste","status":"publish","type":"page","link":"https:\/\/rakastampere.fi\/jasenille\/joulukoristehaaste\/","title":{"rendered":"Joulukoristehaaste"},"content":{"rendered":"\n<p>Osallistu joulun 2023 hyv\u00e4n mielen joulukoristehaasteeseen tekem\u00e4ll\u00e4 koriste Keskustorin pikkukuusiin. <\/p>\n\n\n\n<p>Tampere Tunnetuksi, <a href=\"https:\/\/www.aamulehti.fi\/moro\/art-2000009966859.html\" target=\"_blank\" rel=\"noopener\" title=\"\">Moro-lehti<\/a>, <a href=\"https:\/\/tampereenjoulutori.fi\" target=\"_blank\" rel=\"noopener\" title=\"\">Tampereen Joulutori<\/a>, <a href=\"https:\/\/tampereenteatteri.fi\" target=\"_blank\" rel=\"noopener\" title=\"\">Tampereen Teatteri<\/a> ja <a href=\"https:\/\/tampereenseurakunnat.fi\/sivustot\/vanha_kirkko\" target=\"_blank\" rel=\"noopener\" title=\"\">Vanha Kirkko<\/a> haastavat tamperelaisia tekem\u00e4\u00e4n s\u00e4\u00e4n kest\u00e4vi\u00e4 joulukuusenkoristeita ja tulla tuomaan koristeensa Keskustorin pikkukuusiin.<\/p>\n\n\n\n<ol class=\"wp-block-list\">\n<li>Askartele s\u00e4\u00e4n kest\u00e4v\u00e4 joulukuusen koriste<\/li>\n\n\n\n<li>Tule Keskustorille 26.11. klo 14 alkaen<\/li>\n\n\n\n<li>Etsi pikkukuusi ja laita koristeesi esille<\/li>\n\n\n\n<li>Ihastele<\/li>\n<\/ol>\n\n\n\n<p>Toivomme koristeiden olevan kierr\u00e4tyshenkisi\u00e4 sek\u00e4 s\u00e4\u00e4n kest\u00e4vi\u00e4. Kuusen koristeet ovat esill\u00e4 niiden kunnon mukaan Tampereen Joulutorin ajan.  Pikkukuusia l\u00f6ytyy Vanhan Kirkon edustalta sek\u00e4 Joulutorilta H\u00e4meenkadun laidalta.<\/p>\n\n\n\n<h2 class=\"wp-block-heading\">Esimerkkikoristeet:<\/h2>\n\n\n\n<p>Kuvan esimerkkikoristeet ovat tehty kotona lasten avustamina.<\/p>\n\n\n\n<p>T\u00c4HTI: Maitot\u00f6lkki, jonka siniset puolet on liimattu liimapuikolla yhteen. Naruna lahjanaru.<\/p>\n\n\n\n<p>PALLOT: Maksalaatikko -alumiinivuoka. Leikattu huonoilla saksilla, tasoitettu lusikalla ja sukkapuikolla tehty kuviot. Ruuvimeisselill\u00e4 tehty reij\u00e4t. Puuvillanaru ja lahjanaru. <\/p>\n\n\n\n<p>KELLO: Kauramaito -t\u00f6lkki. Liimattu liimapuikolla ulkopuolet vastakkain (t\u00e4ss\u00e4 kuumaliima voisi olla parempi), leikattu kartongista koristeita jotka liimattu liimapuikolla. Puuvillanaru.<\/p>\n\n\n\n<p>Ty\u00f6v\u00e4linein\u00e4 k\u00e4ytetty piparkakkumuotteja, kuviosaksia ja reijitint\u00e4. <\/p>\n\n\n\n<figure class=\"wp-block-image size-large\"><img loading=\"lazy\" decoding=\"async\" width=\"1024\" height=\"680\" src=\"https:\/\/rakastampere.fi\/jasenille\/wp-content\/uploads\/sites\/2\/2023\/11\/Koristehaaste_mallikoristeet_2023-1024x680.jpg\" alt=\"\" class=\"wp-image-545\" srcset=\"https:\/\/rakastampere.fi\/jasenille\/wp-content\/uploads\/sites\/2\/2023\/11\/Koristehaaste_mallikoristeet_2023-1024x680.jpg 1024w, https:\/\/rakastampere.fi\/jasenille\/wp-content\/uploads\/sites\/2\/2023\/11\/Koristehaaste_mallikoristeet_2023-800x531.jpg 800w, https:\/\/rakastampere.fi\/jasenille\/wp-content\/uploads\/sites\/2\/2023\/11\/Koristehaaste_mallikoristeet_2023-768x510.jpg 768w, https:\/\/rakastampere.fi\/jasenille\/wp-content\/uploads\/sites\/2\/2023\/11\/Koristehaaste_mallikoristeet_2023-1536x1020.jpg 1536w, https:\/\/rakastampere.fi\/jasenille\/wp-content\/uploads\/sites\/2\/2023\/11\/Koristehaaste_mallikoristeet_2023-2048x1360.jpg 2048w, https:\/\/rakastampere.fi\/jasenille\/wp-content\/uploads\/sites\/2\/2023\/11\/Koristehaaste_mallikoristeet_2023-1200x797.jpg 1200w\" sizes=\"auto, (max-width: 1024px) 100vw, 1024px\" \/><\/figure>\n","protected":false},"excerpt":{"rendered":"<p>Osallistu joulun 2023 hyv\u00e4n mielen joulukoristehaasteeseen tekem\u00e4ll\u00e4 koriste Keskustorin pikkukuusiin. Tampere Tunnetuksi, Moro-lehti, Tampereen Joulutori, Tampereen Teatteri ja Vanha Kirkko haastavat tamperelaisia tekem\u00e4\u00e4n s\u00e4\u00e4n kest\u00e4vi\u00e4 joulukuusenkoristeita ja tulla tuomaan koristeensa Keskustorin pikkukuusiin. Toivomme koristeiden olevan kierr\u00e4tyshenkisi\u00e4 sek\u00e4 s\u00e4\u00e4n kest\u00e4vi\u00e4. Kuusen koristeet ovat esill\u00e4 niiden kunnon mukaan Tampereen Joulutorin ajan. Pikkukuusia l\u00f6ytyy Vanhan Kirkon edustalta sek\u00e4 [&hellip;]<\/p>\n","protected":false},"author":4,"featured_media":0,"parent":0,"menu_order":0,"comment_status":"closed","ping_status":"closed","template":"","meta":{"_acf_changed":false,"content-type":"","footnotes":""},"class_list":["post-544","page","type-page","status-publish","hentry"],"acf":[],"aioseo_notices":[],"_links":{"self":[{"href":"https:\/\/rakastampere.fi\/jasenille\/wp-json\/wp\/v2\/pages\/544","targetHints":{"allow":["GET"]}}],"collection":[{"href":"https:\/\/rakastampere.fi\/jasenille\/wp-json\/wp\/v2\/pages"}],"about":[{"href":"https:\/\/rakastampere.fi\/jasenille\/wp-json\/wp\/v2\/types\/page"}],"author":[{"embeddable":true,"href":"https:\/\/rakastampere.fi\/jasenille\/wp-json\/wp\/v2\/users\/4"}],"replies":[{"embeddable":true,"href":"https:\/\/rakastampere.fi\/jasenille\/wp-json\/wp\/v2\/comments?post=544"}],"version-history":[{"count":7,"href":"https:\/\/rakastampere.fi\/jasenille\/wp-json\/wp\/v2\/pages\/544\/revisions"}],"predecessor-version":[{"id":576,"href":"https:\/\/rakastampere.fi\/jasenille\/wp-json\/wp\/v2\/pages\/544\/revisions\/576"}],"wp:attachment":[{"href":"https:\/\/rakastampere.fi\/jasenille\/wp-json\/wp\/v2\/media?parent=544"}],"curies":[{"name":"wp","href":"https:\/\/api.w.org\/{rel}","templated":true}]}}