{"id":406,"date":"2023-08-08T14:02:43","date_gmt":"2023-08-08T11:02:43","guid":{"rendered":"https:\/\/rakastampere.fi\/jasenille\/?page_id=406"},"modified":"2023-08-09T11:11:44","modified_gmt":"2023-08-09T08:11:44","slug":"visualistin-nayteikkunakoulutus","status":"publish","type":"page","link":"https:\/\/rakastampere.fi\/jasenille\/visualistin-nayteikkunakoulutus\/","title":{"rendered":"Visualistin n\u00e4yteikkunakoulutus"},"content":{"rendered":"\n<figure class=\"wp-block-image size-large\"><img loading=\"lazy\" decoding=\"async\" width=\"1024\" height=\"683\" src=\"https:\/\/rakastampere.fi\/jasenille\/wp-content\/uploads\/sites\/2\/2023\/08\/visualistin-ikkunasomistusopetus-S-1024x683.jpg\" alt=\"\" class=\"wp-image-408\" srcset=\"https:\/\/rakastampere.fi\/jasenille\/wp-content\/uploads\/sites\/2\/2023\/08\/visualistin-ikkunasomistusopetus-S-1024x683.jpg 1024w, https:\/\/rakastampere.fi\/jasenille\/wp-content\/uploads\/sites\/2\/2023\/08\/visualistin-ikkunasomistusopetus-S-800x533.jpg 800w, https:\/\/rakastampere.fi\/jasenille\/wp-content\/uploads\/sites\/2\/2023\/08\/visualistin-ikkunasomistusopetus-S-768x512.jpg 768w, https:\/\/rakastampere.fi\/jasenille\/wp-content\/uploads\/sites\/2\/2023\/08\/visualistin-ikkunasomistusopetus-S-1536x1024.jpg 1536w, https:\/\/rakastampere.fi\/jasenille\/wp-content\/uploads\/sites\/2\/2023\/08\/visualistin-ikkunasomistusopetus-S-2048x1365.jpg 2048w, https:\/\/rakastampere.fi\/jasenille\/wp-content\/uploads\/sites\/2\/2023\/08\/visualistin-ikkunasomistusopetus-S-1200x800.jpg 1200w\" sizes=\"auto, (max-width: 1024px) 100vw, 1024px\" \/><\/figure>\n\n\n\n<p>Visuaalisen markkinoinnin keinoilla pystyy tekem\u00e4\u00e4n ostamisen helpommaksi ja houkuttelemaan asiakkaat liikkeen sis\u00e4lle. Inspiroiva ymp\u00e4rist\u00f6 my\u00f6s lis\u00e4\u00e4 myynti\u00e4 ja parantaa muun mainonnan tehoa.<\/p>\n\n\n\n<blockquote class=\"wp-block-quote is-layout-flow wp-block-quote-is-layout-flow\">\n<p><strong>N\u00e4yteikkuna on mainostilasi, joka on auki vuorokauden ymp\u00e4ri ja kertoo lyhyess\u00e4 ajassa my\u00f6s millaisia tuotteita liikkeest\u00e4si saa. Se erottaa liikkeesi kilpailijoiden liikkeest\u00e4.<\/strong> <\/p>\n<\/blockquote>\n\n\n\n<p>Tampere Tunnetuksi ry j\u00e4rjest\u00e4\u00e4 j\u00e4senilleen ammattivisualistin koulutustilaisuuden keskiviikkona 11.10.2023 klo 8.30 &#8211; 10.30 Ratinan l\u00e4heisyydest\u00e4 l\u00f6ytyv\u00e4ss\u00e4 Mow Supernova-koulutustilassa (Ratinankuja 1). <\/p>\n\n\n\n<p><strong>Tule oppimaan uutta tai p\u00e4ivitt\u00e4m\u00e4\u00e4n nykytietojasi visualisti Heidi Lehdon pit\u00e4m\u00e4\u00e4n koulutukseen, jolla samalla starttaamme yhdistyksen jouluikkunakisaan! <\/strong><\/p>\n\n\n\n<p>Heidi Lehto kertoo koulutuksestaan n\u00e4in: <\/p>\n\n\n\n<p>&#8221;Yritt\u00e4j\u00e4lle jouluikkunan t\u00e4rkein teht\u00e4v\u00e4 on myyd\u00e4. Mutta miten nykyp\u00e4iv\u00e4n asiakkaat saadaan ostamaan ja kuinka moderni n\u00e4yteikkuna palvelee yrityst\u00e4 monikanavaisesti ja tehokkaasti. Jokainen yritys tuntee omat asiakkaansa, mutta tunteeko se visuaalisen sommittelun salaisuudet ja myyntitekniikat? Mist\u00e4 l\u00f6ytyy painava idea ikkunaan ja miten ikkunan rakentaminen pysyy tehokkaana. Onnistunut jouluikkuna yll\u00e4tt\u00e4\u00e4 asiakkaat.&#8221;<\/p>\n\n\n\n<h5 class=\"wp-block-heading\"><strong>Koulutuksen hinta on edullinen 20\u20ac + alv \/ hl\u00f6 (yhdistys tukee j\u00e4senist\u00f6\u00e4\u00e4n maksamalla osan kuluista) <\/strong><\/h5>\n\n\n\n<p>Ilmoittaudu pian ja varmista paikkasi! Koulutukseen mahtuu 70 halukasta.<\/p>\n\n\n\n<p><strong>Tarkempi aikataulu: <\/strong><\/p>\n\n\n\n<p>8.00-8.30 Saapuminen paikalle, kahvit ja verkostoitumiset<\/p>\n\n\n\n<p>8.30-10.00 Heidi Lehdon koulutus<\/p>\n\n\n\n<p>10.00-10.30 Lis\u00e4kysymykset ja verkostoituminen<\/p>\n\n\n\n<p>AIKA: ke 11.10.2023 klo 8.00 &#8211; 10.30<\/p>\n\n\n\n<p>PAIKKA: Mow Supernova-koulutustilassa (Ratinankuja 1). <\/p>\n\n\n","protected":false},"excerpt":{"rendered":"<p>Visuaalisen markkinoinnin keinoilla pystyy tekem\u00e4\u00e4n ostamisen helpommaksi ja houkuttelemaan asiakkaat liikkeen sis\u00e4lle. Inspiroiva ymp\u00e4rist\u00f6 my\u00f6s lis\u00e4\u00e4 myynti\u00e4 ja parantaa muun mainonnan tehoa. N\u00e4yteikkuna on mainostilasi, joka on auki vuorokauden ymp\u00e4ri ja kertoo lyhyess\u00e4 ajassa my\u00f6s millaisia tuotteita liikkeest\u00e4si saa. Se erottaa liikkeesi kilpailijoiden liikkeest\u00e4. Tampere Tunnetuksi ry j\u00e4rjest\u00e4\u00e4 j\u00e4senilleen ammattivisualistin koulutustilaisuuden keskiviikkona 11.10.2023 klo 8.30 [&hellip;]<\/p>\n","protected":false},"author":5,"featured_media":0,"parent":0,"menu_order":0,"comment_status":"closed","ping_status":"closed","template":"","meta":{"_acf_changed":false,"content-type":"","footnotes":""},"class_list":["post-406","page","type-page","status-publish","hentry"],"acf":[],"aioseo_notices":[],"_links":{"self":[{"href":"https:\/\/rakastampere.fi\/jasenille\/wp-json\/wp\/v2\/pages\/406","targetHints":{"allow":["GET"]}}],"collection":[{"href":"https:\/\/rakastampere.fi\/jasenille\/wp-json\/wp\/v2\/pages"}],"about":[{"href":"https:\/\/rakastampere.fi\/jasenille\/wp-json\/wp\/v2\/types\/page"}],"author":[{"embeddable":true,"href":"https:\/\/rakastampere.fi\/jasenille\/wp-json\/wp\/v2\/users\/5"}],"replies":[{"embeddable":true,"href":"https:\/\/rakastampere.fi\/jasenille\/wp-json\/wp\/v2\/comments?post=406"}],"version-history":[{"count":8,"href":"https:\/\/rakastampere.fi\/jasenille\/wp-json\/wp\/v2\/pages\/406\/revisions"}],"predecessor-version":[{"id":440,"href":"https:\/\/rakastampere.fi\/jasenille\/wp-json\/wp\/v2\/pages\/406\/revisions\/440"}],"wp:attachment":[{"href":"https:\/\/rakastampere.fi\/jasenille\/wp-json\/wp\/v2\/media?parent=406"}],"curies":[{"name":"wp","href":"https:\/\/api.w.org\/{rel}","templated":true}]}}