{"id":319,"date":"2023-05-30T15:14:25","date_gmt":"2023-05-30T12:14:25","guid":{"rendered":"https:\/\/rakastampere.fi\/jasenille\/?page_id=319"},"modified":"2023-05-30T15:14:26","modified_gmt":"2023-05-30T12:14:26","slug":"tietosuojaseloste","status":"publish","type":"page","link":"https:\/\/rakastampere.fi\/jasenille\/tietosuojaseloste\/","title":{"rendered":"Tietosuojaseloste"},"content":{"rendered":"\n<h3 class=\"wp-block-heading\">1. Rekisterinpit\u00e4j\u00e4<\/h3>\n\n\n\n<p>Tampere Tunnetuksi ry<br>Y-tunnus: 0291540-7<br>Viinikankatu 47, 33800 Tampere<br>toimisto@tamperetunnetuksi.fi<\/p>\n\n\n\n<h3 class=\"wp-block-heading\">2. Rekisteriasioiden yhteyshenkil\u00f6<\/h3>\n\n\n\n<p>Riikka T\u00f6yt\u00e4ri<br>toiminnanjohtaja<br>riikka.toytari@tamperetunnetuksi.fi<br>puh. 040-5821949<\/p>\n\n\n\n<h3 class=\"wp-block-heading\">3. Yhdistyksen toiminnassa syntyv\u00e4t seuraavat henkil\u00f6rekisterit:<\/h3>\n\n\n\n<h4 class=\"wp-block-heading\">Hallintorekisteri<\/h4>\n\n\n\n<ul class=\"wp-block-list\">\n<li>Rekisteri voi sis\u00e4lt\u00e4\u00e4 seuraavia henkil\u00f6tietoja rekister\u00f6idyst\u00e4: asiakkaan\/asiakasyrityksen yhteishenkil\u00f6n nimi, puhelinnumero, s\u00e4hk\u00f6posti, valokuva<\/li>\n\n\n\n<li>Henkil\u00f6tietoja k\u00e4sitell\u00e4\u00e4n Tampere Tunnetuksi ry:n tapahtumiin, paraateihin, koulutuksiin, kilpailuihin sek\u00e4 vapaaehtoistoimintaan liittyviss\u00e4 asiointi-, markkinointi- ja yhteisty\u00f6teht\u00e4viss\u00e4 sek\u00e4 n\u00e4ihin asiallisessa suhteessa olevien toimien toteuttamiseksi. Rekisteriss\u00e4 oleville henkil\u00f6ille l\u00e4hetet\u00e4\u00e4n tietoa tapahtumista, markkinointimateriaalia sek\u00e4 ohjeistusta koskien kohdetta\/tapahtumaa, johon he ovat vapaaehtoisesti ilmoittautuneet.<\/li>\n\n\n\n<li>Henkil\u00f6tietojen k\u00e4sittelyperusteena katsotaan hallintorekisterin osalta olevan sek\u00e4 sopimus ett\u00e4 oikeutettu etu. Henkil\u00f6tietojen k\u00e4sittely on edellytys tointen suorittamiseksi.<\/li>\n<\/ul>\n\n\n\n<h4 class=\"wp-block-heading\">J\u00e4senrekisteri<\/h4>\n\n\n\n<ul class=\"wp-block-list\">\n<li>Rekisteri voi sis\u00e4lt\u00e4\u00e4 seuraavia henkil\u00f6tietoja rekister\u00f6idyst\u00e4: nimi, puhelinnumero, s\u00e4hk\u00f6posti, osoitetiedot.<\/li>\n\n\n\n<li>Henkil\u00f6tietoja k\u00e4sitell\u00e4\u00e4n j\u00e4sensuhteeseen perustuen Tampere Tunnetuksi ry:n j\u00e4senyyteen kuuluvien toimien edist\u00e4miseksi ja takaamiseksi, muun muassa j\u00e4sentiedotteiden, Tampereen kaupungin tiedotteiden sek\u00e4 yhdistyksen tapahtumien tiedottamisen yhteydess\u00e4. Lis\u00e4ksi tietoja saatetaan k\u00e4sitell\u00e4 j\u00e4sensuhteeseen asiallisessa yhteydess\u00e4 olevien toimien hoitamiseksi osana Tampere Tunnetuksi ry:n toimintaa. Henkil\u00f6tietoja k\u00e4sitell\u00e4\u00e4n j\u00e4sensuhteeseen kuuluvien toimien edist\u00e4miseksi ja takaamiseksi, muun muassa j\u00e4sentiedotteiden, Tampereen kaupungin tiedotteiden sek\u00e4 yhdistyksen tapahtumien tiedottamisen yhteydess\u00e4. Lis\u00e4ksi tietoja saatetaan k\u00e4sitell\u00e4 j\u00e4sensuhteeseen asiallisessa yhteydess\u00e4 olevien toimien suorittamiseksi osana Tampere Tunnetuksi ry:n toimintaa.<\/li>\n\n\n\n<li>Henkil\u00f6tietojen k\u00e4sittelyperusteena j\u00e4senrekisterin osalta katsotaan olevan sek\u00e4 sopimus ett\u00e4 oikeutettu etu. Tampere Tunnetuksi ry:n on k\u00e4sitelt\u00e4v\u00e4 j\u00e4senen henkil\u00f6tietoja j\u00e4sensuhteen solmimisen vuoksi toteutettavien tointen suorittamiseksi.<\/li>\n<\/ul>\n\n\n\n<h4 class=\"wp-block-heading\">Osanottajarekisteri<\/h4>\n\n\n\n<ul class=\"wp-block-list\">\n<li>Rekisteri voi sis\u00e4lt\u00e4\u00e4 seuraavia henkil\u00f6tietoja rekister\u00f6idyst\u00e4: Kilpailun osanottajan nimi, syntym\u00e4aika, osoite, puhelinnumero, s\u00e4hk\u00f6posti, pituus, paino, valokuva. Lis\u00e4ksi rekisteriss\u00e4 voidaan k\u00e4sitell\u00e4 muita kilpailun toteuttamiseksi edellytett\u00e4vi\u00e4 tietoja. Rekister\u00f6idyst\u00e4 ker\u00e4t\u00e4\u00e4n vain kunkin kilpailun toteuttamiseksi tarpeelliseksi katsotut tiedot.<\/li>\n\n\n\n<li>Rekister\u00f6ityjen tietoja k\u00e4sitell\u00e4\u00e4n kilpailun j\u00e4rjest\u00e4miseksi sek\u00e4 yhteydenpitoon rekister\u00f6ityjen ja rekisterinpit\u00e4j\u00e4n v\u00e4lill\u00e4. Lis\u00e4ksi tietoja voidaan k\u00e4sitell\u00e4 kilpailun j\u00e4rjest\u00e4miseen asiallisessa yhteydess\u00e4 olevien toimien suorittamiseksi.<\/li>\n\n\n\n<li>K\u00e4sittelyperuste tietojen k\u00e4sittelemiseksi on yhdistyksen oikeutettu etu. Kilpailujen toteuttaminen vaatii rekister\u00f6idyn tunnistamista ja yksil\u00f6imist\u00e4 luotettavalla tavalla ja siten henkil\u00f6tietojen k\u00e4sittely kilpailun toteuttamiseksi on tarpeen Rekisterinpit\u00e4j\u00e4n toiminnassa.<\/li>\n\n\n\n<li>Rekisterit syntyv\u00e4t kustakin yhdistyksen yll\u00e4pit\u00e4m\u00e4st\u00e4 sivustosta itsen\u00e4isesti.<\/li>\n\n\n\n<li>Tampere tunnetuksi ry:n yll\u00e4pit\u00e4mi\u00e4 sivustoja ovat mm. www.tamperetunnetuksi.fi ja www.rakastampere.fi.<\/li>\n<\/ul>\n\n\n\n<h3 class=\"wp-block-heading\">4. Henkil\u00f6tietojen k\u00e4sittelyn yleiset periaatteet<\/h3>\n\n\n\n<p>Rekisterinpit\u00e4j\u00e4 k\u00e4sittelee ker\u00e4\u00e4mi\u00e4\u00e4n henkil\u00f6tietoja EU:n yleisen tietosuoja-asetuksen mukaisesti huolellisuusperiaatetta noudattaen. Rekisterinpit\u00e4j\u00e4 noudattaa henkil\u00f6tietojen k\u00e4sittelyss\u00e4 tietojen k\u00e4sittelyn minimoinnin periaatetta, jonka mukaan tietoja k\u00e4ytet\u00e4\u00e4n vain siin\u00e4 laajuudessa kuin on v\u00e4ltt\u00e4m\u00e4t\u00f6nt\u00e4 ja vain siihen tarkoitukseen, johon ne on ker\u00e4tty.<\/p>\n\n\n\n<h3 class=\"wp-block-heading\">5. Rekister\u00f6idyn oikeudet<\/h3>\n\n\n\n<p>Rekister\u00f6idyll\u00e4 on oikeus tarkastaa h\u00e4nest\u00e4 rekisteriss\u00e4 olevat tiedot ja vaatia virheellisten tai puutteellisten tietojen korjaamista. Tarkastus- ja oikaisupyynn\u00f6t tulee osoittaa t\u00e4ss\u00e4 tietosuojaselosteessa kohdassa 2 mainitulle yhteyshenkil\u00f6lle.<\/p>\n\n\n\n<p>Mik\u00e4li henkil\u00f6tietojen k\u00e4sittely perustuu ainoastaan rekister\u00f6idyn antamaan suostumukseen, on rekister\u00f6idyll\u00e4 oikeus milloin tahansa peruuttaa suostumuksensa ilmoittamalla siit\u00e4 t\u00e4m\u00e4n selosteen kohdassa 2 mainitulle rekisterin yhteyshenkil\u00f6lle.<\/p>\n\n\n\n<h3 class=\"wp-block-heading\">6. Rekister\u00f6idyn oikeus tehd\u00e4 valitus valvontaviranomaiselle<\/h3>\n\n\n\n<p>Rekister\u00f6idyll\u00e4 on oikeus tehd\u00e4 valitus toimivaltaiselle valvontaviranomaiselle, jos rekisterinpit\u00e4j\u00e4 ei ole noudattanut toiminnassaan soveltuvaa tietosuojas\u00e4\u00e4ntely\u00e4.<\/p>\n\n\n\n<h3 class=\"wp-block-heading\">7. Tietojen luovutus<\/h3>\n\n\n\n<p>Rekisterinpit\u00e4j\u00e4 voi luovuttaa ker\u00e4\u00e4mi\u00e4ns\u00e4 henkil\u00f6tietoja eteenp\u00e4in yhdistyksen sis\u00e4ll\u00e4 sen toimintojen varmistamiseksi. Lis\u00e4ksi Rekisterinpit\u00e4j\u00e4 voi luovuttaa henkil\u00f6tietoja luotetuille yhteisty\u00f6kumppaneilleen, alihankkijoille tai viranomaisille voimassa olevan lains\u00e4\u00e4d\u00e4nn\u00f6n sallimissa ja velvoittamissa rajoissa. Tietoja ei luovuteta kolmannelle osapuolelle markkinointitarkoituksiin. Mik\u00e4li tietoja luovutetaan kolmannen osapuolen k\u00e4sitelt\u00e4v\u00e4ksi, varmistaa Rekisterinpit\u00e4j\u00e4, ett\u00e4 henkil\u00f6tietojen k\u00e4sittely tapahtuu yleisen tietosuoja-asetuksen mukaisesti.<\/p>\n\n\n\n<p>Tietoja ei luovuteta EU\/ETA-alueen ulkopuolelle.<\/p>\n\n\n\n<h3 class=\"wp-block-heading\">8. Rekisterin suojaus<\/h3>\n\n\n\n<p>Henkil\u00f6tietoja k\u00e4sitell\u00e4\u00e4n luottamuksellisina tietoina. Tiedot suojataan sek\u00e4 teknisin ett\u00e4 organisatorisin keinoin, joilla yhteisesti pyrit\u00e4\u00e4n saattamaan tietosuojan taso riski\u00e4 vastaavaksi.<br>Rekisterinpit\u00e4j\u00e4n tietoj\u00e4rjestelm\u00e4 ja tiedostot ovat suojattu my\u00f6s yritystoiminnassa normaalisti k\u00e4yt\u00f6ss\u00e4 olevilla teknisill\u00e4 suojausmenetelmill\u00e4.<\/p>\n\n\n\n<h3 class=\"wp-block-heading\">9. Henkil\u00f6tietojen s\u00e4ilytysaika<\/h3>\n\n\n\n<p>Tietoja k\u00e4sitell\u00e4\u00e4n vain siihen tarkoitukseen, johon ne on alun perin ker\u00e4tty, ja vain niin kauan kuin se on v\u00e4ltt\u00e4m\u00e4t\u00f6nt\u00e4 t\u00e4ss\u00e4 tietosuojaselosteessa m\u00e4\u00e4riteltyjen henkil\u00f6tietojen k\u00e4sittelytarkoitusten toteuttamiseksi.<\/p>\n\n\n\n<p>Hallintorekisterin osalta tietoja katsotaan tarpeelliseksi s\u00e4ilytt\u00e4\u00e4 6 kuukauden ajan tapahtuman p\u00e4\u00e4ttymisest\u00e4, jonka j\u00e4lkeen ne h\u00e4vitet\u00e4\u00e4n luotettavalla tavalla.<br>Henkil\u00f6tietoja s\u00e4ilytet\u00e4\u00e4n huomioiden erityisesti kansallinen erityislains\u00e4\u00e4d\u00e4nt\u00f6 ja muutoinkin voimassa olevan lains\u00e4\u00e4d\u00e4nn\u00f6n velvoittamat minimis\u00e4ilytysajat.<\/p>\n","protected":false},"excerpt":{"rendered":"<p>1. Rekisterinpit\u00e4j\u00e4 Tampere Tunnetuksi ryY-tunnus: 0291540-7Viinikankatu 47, 33800 Tamperetoimisto@tamperetunnetuksi.fi 2. Rekisteriasioiden yhteyshenkil\u00f6 Riikka T\u00f6yt\u00e4ritoiminnanjohtajariikka.toytari@tamperetunnetuksi.fipuh. 040-5821949 3. Yhdistyksen toiminnassa syntyv\u00e4t seuraavat henkil\u00f6rekisterit: Hallintorekisteri J\u00e4senrekisteri Osanottajarekisteri 4. Henkil\u00f6tietojen k\u00e4sittelyn yleiset periaatteet Rekisterinpit\u00e4j\u00e4 k\u00e4sittelee ker\u00e4\u00e4mi\u00e4\u00e4n henkil\u00f6tietoja EU:n yleisen tietosuoja-asetuksen mukaisesti huolellisuusperiaatetta noudattaen. Rekisterinpit\u00e4j\u00e4 noudattaa henkil\u00f6tietojen k\u00e4sittelyss\u00e4 tietojen k\u00e4sittelyn minimoinnin periaatetta, jonka mukaan tietoja k\u00e4ytet\u00e4\u00e4n vain siin\u00e4 laajuudessa kuin [&hellip;]<\/p>\n","protected":false},"author":3,"featured_media":0,"parent":0,"menu_order":0,"comment_status":"closed","ping_status":"closed","template":"","meta":{"_acf_changed":false,"content-type":"","footnotes":""},"class_list":["post-319","page","type-page","status-publish","hentry"],"acf":[],"aioseo_notices":[],"_links":{"self":[{"href":"https:\/\/rakastampere.fi\/jasenille\/wp-json\/wp\/v2\/pages\/319","targetHints":{"allow":["GET"]}}],"collection":[{"href":"https:\/\/rakastampere.fi\/jasenille\/wp-json\/wp\/v2\/pages"}],"about":[{"href":"https:\/\/rakastampere.fi\/jasenille\/wp-json\/wp\/v2\/types\/page"}],"author":[{"embeddable":true,"href":"https:\/\/rakastampere.fi\/jasenille\/wp-json\/wp\/v2\/users\/3"}],"replies":[{"embeddable":true,"href":"https:\/\/rakastampere.fi\/jasenille\/wp-json\/wp\/v2\/comments?post=319"}],"version-history":[{"count":1,"href":"https:\/\/rakastampere.fi\/jasenille\/wp-json\/wp\/v2\/pages\/319\/revisions"}],"predecessor-version":[{"id":320,"href":"https:\/\/rakastampere.fi\/jasenille\/wp-json\/wp\/v2\/pages\/319\/revisions\/320"}],"wp:attachment":[{"href":"https:\/\/rakastampere.fi\/jasenille\/wp-json\/wp\/v2\/media?parent=319"}],"curies":[{"name":"wp","href":"https:\/\/api.w.org\/{rel}","templated":true}]}}