{"id":245,"date":"2023-05-22T11:20:07","date_gmt":"2023-05-22T08:20:07","guid":{"rendered":"https:\/\/rakastampere.fi\/jasenille\/?page_id=245"},"modified":"2023-05-22T19:33:12","modified_gmt":"2023-05-22T16:33:12","slug":"kaikki-irti-passista","status":"publish","type":"page","link":"https:\/\/rakastampere.fi\/jasenille\/kaikki-irti-passista\/","title":{"rendered":"Kaikki irti Passista"},"content":{"rendered":"\n<p><strong>Oletko jo asettanut ilmoituksen Rakas Tampere Passiin? Hienoa!<br>Tarkista viel\u00e4 n\u00e4m\u00e4 kohdat ja saat varmasti kaiken markkinoinnillisen hy\u00f6dyn ilmoituksestasi.<\/strong><\/p>\n\n\n\n<figure class=\"wp-block-image size-medium\"><img loading=\"lazy\" decoding=\"async\" width=\"800\" height=\"536\" src=\"https:\/\/rakastampere.fi\/jasenille\/wp-content\/uploads\/sites\/2\/2023\/05\/passi_kasikuva_edut-Netti-800x536.jpg\" alt=\"\" class=\"wp-image-276\" srcset=\"https:\/\/rakastampere.fi\/jasenille\/wp-content\/uploads\/sites\/2\/2023\/05\/passi_kasikuva_edut-Netti-800x536.jpg 800w, https:\/\/rakastampere.fi\/jasenille\/wp-content\/uploads\/sites\/2\/2023\/05\/passi_kasikuva_edut-Netti-1024x686.jpg 1024w, https:\/\/rakastampere.fi\/jasenille\/wp-content\/uploads\/sites\/2\/2023\/05\/passi_kasikuva_edut-Netti-768x514.jpg 768w, https:\/\/rakastampere.fi\/jasenille\/wp-content\/uploads\/sites\/2\/2023\/05\/passi_kasikuva_edut-Netti.jpg 1059w\" sizes=\"auto, (max-width: 800px) 100vw, 800px\" \/><\/figure>\n\n\n\n<ol class=\"wp-block-list\">\n<li>HUOMIOI KUVAN LIS\u00c4ARVO<br>Tampere Tunnetuksi Passissa on paikka niin yrityskuvalle kuin ilmoituskuvallekin.<\/li>\n\n\n\n<li>MIT\u00c4 ENEMM\u00c4N ILMOITUKSIA, SIT\u00c4 ENEMM\u00c4N HUOMIOTA<br>K\u00e4ytt\u00e4j\u00e4 voi lis\u00e4t\u00e4 Passiin suosikkikohteita tai tilata ilmoituksen, kun yritykselt\u00e4 tulee uusi tarjous tai jos tarjous on p\u00e4\u00e4ttym\u00e4ss\u00e4. Uusi ilmoitus siis lis\u00e4\u00e4 huomiota.<\/li>\n\n\n\n<li>JAA TIETOA KANAVISSASI<br>Passin sis\u00e4lt\u00f6j\u00e4 voi jakaa sosiaalisessa mediassa. Mit\u00e4 enemm\u00e4n tietoa jaetaan, sit\u00e4 vankemmin Tampere Tunnetuksi Passi saa k\u00e4ytt\u00e4ji\u00e4 ja huomiota. Kaikki hy\u00f6tyv\u00e4t!<\/li>\n\n\n\n<li>KERRO PASSISTA OMASSA MYYM\u00c4L\u00c4SS\u00c4SI<br>\u00c4l\u00e4 piilota hyv\u00e4\u00e4 tarjoustasi Passiin, vaan kerro siit\u00e4 my\u00f6s myym\u00e4l\u00e4ss\u00e4si. Asiakkaasi ei olisi v\u00e4ltt\u00e4m\u00e4tt\u00e4 juuri t\u00e4n\u00e4\u00e4n tarvinnut tuotetta tai palvelua, mutta koska se on nyt esimerkiksi 15 % alennuksessa, niin ostop\u00e4\u00e4t\u00f6s voikin olla helppo tehd\u00e4.<\/li>\n<\/ol>\n\n\n\n<p>Auta asiakastasi tekem\u00e4\u00e4n hyv\u00e4 ostop\u00e4\u00e4t\u00f6s ja kerro aktiivisesti edusta tai lis\u00e4palvelusta, jonka olet laittanut hy\u00f6dynnett\u00e4v\u00e4ksi Rakas Tampere Passin kautta. Asiakastasi harmittaa, jos h\u00e4n saa my\u00f6hemmin tiet\u00e4\u00e4, ett\u00e4 tuote tai palvelu olisi maksanut v\u00e4hemm\u00e4n, jos Passi olisi tullut puheeksi.<\/p>\n\n\n\n<p>Palvele asiakastasi hyvin, ja kerro yrityksesi oman valikoiman lis\u00e4ksi keskustan muista ostosmahdollisuuksista. Asiakkaasi voi haluta k\u00e4yd\u00e4 kahvilla naapurissa, menn\u00e4 illalla teatteriin, tai ostaa samalla Tampereen reissullaan jotain siskonpojallekin. Mit\u00e4 paremmin Tampereen keskustassa viihdyt\u00e4\u00e4n ja mit\u00e4 innostuneemmin palveluista puhutaan, sit\u00e4 enemm\u00e4n kauppa k\u00e4y ihan jokaisella.<\/p>\n\n\n\n<ol class=\"wp-block-list\" start=\"5\">\n<li>LAITA ESITTELY, VAIKKA ET VIEL\u00c4 TEKISI ILMOITUSTA<br>Passissa esitell\u00e4\u00e4n vuonna 2023 alkaneen linjauksen mukaisesti sek\u00e4 yritys ett\u00e4 yrityksen ajankohtaiset ilmoitukset (tarjoukset, edut). N\u00e4in pystyt\u00e4\u00e4n maksimoimaan yritysten saama n\u00e4kyvyys, vaikka yrityksell\u00e4 ei olisikaan aktiivista hinta- tai palveluetua Passissa.<\/li>\n<\/ol>\n\n\n\n<p>Alekampanjan tai tarjouksen puuttuminen ei siis est\u00e4 yrityksen n\u00e4kyvyytt\u00e4 Passissa vaan p\u00e4invastoin \u2013 Passin yrityskatalogi + karttan\u00e4kym\u00e4 listaavat keskustan palvelevat erikoisliikkeet, tavaratalot, kaupat, kahvilat ja ravintolat helposti silm\u00e4ilt\u00e4v\u00e4ss\u00e4 muodossa.<\/p>\n\n\n\n<div class=\"wp-block-buttons is-layout-flex wp-block-buttons-is-layout-flex\">\n<div class=\"wp-block-button\"><a class=\"wp-block-button__link wp-element-button\" href=\"https:\/\/rakastampere.fi\/jasenille\/yhteys\/\">Ota yhteytt\u00e4<\/a><\/div>\n<\/div>\n\n\n\n<div class=\"wp-block-buttons is-layout-flex wp-block-buttons-is-layout-flex\"><\/div>\n","protected":false},"excerpt":{"rendered":"<p>Oletko jo asettanut ilmoituksen Rakas Tampere Passiin? Hienoa!Tarkista viel\u00e4 n\u00e4m\u00e4 kohdat ja saat varmasti kaiken markkinoinnillisen hy\u00f6dyn ilmoituksestasi. Auta asiakastasi tekem\u00e4\u00e4n hyv\u00e4 ostop\u00e4\u00e4t\u00f6s ja kerro aktiivisesti edusta tai lis\u00e4palvelusta, jonka olet laittanut hy\u00f6dynnett\u00e4v\u00e4ksi Rakas Tampere Passin kautta. Asiakastasi harmittaa, jos h\u00e4n saa my\u00f6hemmin tiet\u00e4\u00e4, ett\u00e4 tuote tai palvelu olisi maksanut v\u00e4hemm\u00e4n, jos Passi olisi tullut [&hellip;]<\/p>\n","protected":false},"author":5,"featured_media":0,"parent":0,"menu_order":0,"comment_status":"closed","ping_status":"closed","template":"","meta":{"_acf_changed":false,"content-type":"","footnotes":""},"class_list":["post-245","page","type-page","status-publish","hentry"],"acf":[],"aioseo_notices":[],"_links":{"self":[{"href":"https:\/\/rakastampere.fi\/jasenille\/wp-json\/wp\/v2\/pages\/245","targetHints":{"allow":["GET"]}}],"collection":[{"href":"https:\/\/rakastampere.fi\/jasenille\/wp-json\/wp\/v2\/pages"}],"about":[{"href":"https:\/\/rakastampere.fi\/jasenille\/wp-json\/wp\/v2\/types\/page"}],"author":[{"embeddable":true,"href":"https:\/\/rakastampere.fi\/jasenille\/wp-json\/wp\/v2\/users\/5"}],"replies":[{"embeddable":true,"href":"https:\/\/rakastampere.fi\/jasenille\/wp-json\/wp\/v2\/comments?post=245"}],"version-history":[{"count":4,"href":"https:\/\/rakastampere.fi\/jasenille\/wp-json\/wp\/v2\/pages\/245\/revisions"}],"predecessor-version":[{"id":301,"href":"https:\/\/rakastampere.fi\/jasenille\/wp-json\/wp\/v2\/pages\/245\/revisions\/301"}],"wp:attachment":[{"href":"https:\/\/rakastampere.fi\/jasenille\/wp-json\/wp\/v2\/media?parent=245"}],"curies":[{"name":"wp","href":"https:\/\/api.w.org\/{rel}","templated":true}]}}