{"id":1876,"date":"2026-03-13T09:52:38","date_gmt":"2026-03-13T07:52:38","guid":{"rendered":"https:\/\/rakastampere.fi\/jasenille\/?page_id=1876"},"modified":"2026-03-13T11:09:47","modified_gmt":"2026-03-13T09:09:47","slug":"rakas-tampere-juhannuskalenteri-2026","status":"publish","type":"page","link":"https:\/\/rakastampere.fi\/jasenille\/rakas-tampere-juhannuskalenteri-2026\/","title":{"rendered":"Rakas Tampere Juhannuskalenteri 2026"},"content":{"rendered":"\n<p><strong>L\u00e4hde mukaan Rakas Tampereen Juhannuskalenteriin! Askeleet kes\u00e4\u00e4n otetaan Rakas Tampereen sosiaalisen median tileill\u00e4 Facebookissa ja Instagramissa. Yhteens\u00e4 19 kalenteriluukkua (1.6.-19.6.) avataan p\u00e4ivitt\u00e4in joulukuulta tutun arvontakalenterin tavoin. <\/strong><\/p>\n\n\n\n<p>Rakas Tampereen kalenteriarvonnat ovat saaneet ihmisi\u00e4 aktivoitumaan sosiaalisessa mediassa runsaasti. Kyseess\u00e4 on p\u00e4ivitt\u00e4in julkaistava arvonta, jonka kommentointim\u00e4\u00e4r\u00e4t kulkevat useissa sadoissa per kanava. <\/p>\n\n\n\n<p class=\"has-white-color has-green-background-color has-text-color has-background has-link-color has-medium-font-size wp-elements-da83949a77c7f7bccefca9194e3ba642\"><strong>Arvontap\u00e4iv\u00e4n\u00e4\u00e4n j\u00e4senyritys saa kertoa itsest\u00e4\u00e4n, tuotteistaan tai tapahtumistaan yleisesti tai tulevaa kes\u00e4\u00e4 silm\u00e4ll\u00e4 pit\u00e4en. <\/strong><\/p>\n\n\n\n<p>JUHANNUSKALENTERIIN OSALLISTUMINEN: ilmoittaudu mukaan oheisella lomakkeella ja l\u00e4het\u00e4 tuottajalle yrityksesi n\u00e4k\u00f6inen kalenterikuva ja arvontatekstin perussis\u00e4lt\u00f6 sek\u00e4 yleist\u00e4 tietoa yrityksest\u00e4si tai tapahtumasta, jota haluat arvonnassa promota. <\/p>\n\n\n\n<p>Yhdistys hoitaa arvonnan sosiaalisen median kautta. Yhdistys ilmoittaa voittajasta yritykselle, joka toimittaa palkinnon edelleen itse voittajalle tai palkinto on esimerkiksi s\u00e4hk\u00f6postitse l\u00e4hetett\u00e4v\u00e4 lahjakortti tai tapahtumalippu, jonka tuottaja voi itsekin l\u00e4hett\u00e4\u00e4 voittajalle.<\/p>\n\n\n<div class=\"wp-block-image is-style-default\">\n<figure class=\"aligncenter size-large is-resized\"><img loading=\"lazy\" decoding=\"async\" width=\"1024\" height=\"576\" src=\"https:\/\/rakastampere.fi\/jasenille\/wp-content\/uploads\/sites\/2\/2025\/03\/passi_juhannuskalenteri_laajakuva-1-1024x576.jpg\" alt=\"\" class=\"wp-image-1315\" style=\"width:823px;height:auto\" srcset=\"https:\/\/rakastampere.fi\/jasenille\/wp-content\/uploads\/sites\/2\/2025\/03\/passi_juhannuskalenteri_laajakuva-1-1024x576.jpg 1024w, https:\/\/rakastampere.fi\/jasenille\/wp-content\/uploads\/sites\/2\/2025\/03\/passi_juhannuskalenteri_laajakuva-1-800x450.jpg 800w, https:\/\/rakastampere.fi\/jasenille\/wp-content\/uploads\/sites\/2\/2025\/03\/passi_juhannuskalenteri_laajakuva-1-768x432.jpg 768w, https:\/\/rakastampere.fi\/jasenille\/wp-content\/uploads\/sites\/2\/2025\/03\/passi_juhannuskalenteri_laajakuva-1-1536x864.jpg 1536w, https:\/\/rakastampere.fi\/jasenille\/wp-content\/uploads\/sites\/2\/2025\/03\/passi_juhannuskalenteri_laajakuva-1-1200x675.jpg 1200w, https:\/\/rakastampere.fi\/jasenille\/wp-content\/uploads\/sites\/2\/2025\/03\/passi_juhannuskalenteri_laajakuva-1.jpg 1920w\" sizes=\"auto, (max-width: 1024px) 100vw, 1024px\" \/><\/figure>\n<\/div>\n\n\n<p>Huomioithan, ett\u00e4 arvonnan j\u00e4rjest\u00e4minen kustantaa aina <a href=\"https:\/\/rakastampere.fi\/jasenille\/jarjesta-arpajaiset-oikein\/\" title=\"\">arvontaveron<\/a>. Yhdistys maksaa veron osallistujien puolesta. T\u00e4st\u00e4 syyst\u00e4 arvontavoittojen tulisi olla noin 30-70\u20ac arvoltaan.<\/p>\n\n\n\n<p>Osallistumishinta:<\/p>\n\n\n\n<p><strong>150 \u20ac + alv 25,5%<br>Kampanja-aika: 1.6.\u2014 19.6.2026<br>Kilpailupaikkojen varaus viimeist\u00e4\u00e4n: 17.05.2026. Paikkoja on 19. <\/strong><\/p>\n\n\n\n<p>HUOM! J\u00e4\u00e4 tarkistamaan sivustolta, ett\u00e4 lomake varmasti l\u00e4hti. Jos pakollisia tietoja ei ole t\u00e4ytetty, j\u00e4rjestelm\u00e4 osoittaa kohtaa punaisella.<\/p>\n\n\n<script>\nvar gform;gform||(document.addEventListener(\"gform_main_scripts_loaded\",function(){gform.scriptsLoaded=!0}),document.addEventListener(\"gform\/theme\/scripts_loaded\",function(){gform.themeScriptsLoaded=!0}),window.addEventListener(\"DOMContentLoaded\",function(){gform.domLoaded=!0}),gform={domLoaded:!1,scriptsLoaded:!1,themeScriptsLoaded:!1,isFormEditor:()=>\"function\"==typeof InitializeEditor,callIfLoaded:function(o){return!(!gform.domLoaded||!gform.scriptsLoaded||!gform.themeScriptsLoaded&&!gform.isFormEditor()||(gform.isFormEditor()&&console.warn(\"The use of gform.initializeOnLoaded() is deprecated in the form editor context and will be removed in Gravity Forms 3.1.\"),o(),0))},initializeOnLoaded:function(o){gform.callIfLoaded(o)||(document.addEventListener(\"gform_main_scripts_loaded\",()=>{gform.scriptsLoaded=!0,gform.callIfLoaded(o)}),document.addEventListener(\"gform\/theme\/scripts_loaded\",()=>{gform.themeScriptsLoaded=!0,gform.callIfLoaded(o)}),window.addEventListener(\"DOMContentLoaded\",()=>{gform.domLoaded=!0,gform.callIfLoaded(o)}))},hooks:{action:{},filter:{}},addAction:function(o,r,e,t){gform.addHook(\"action\",o,r,e,t)},addFilter:function(o,r,e,t){gform.addHook(\"filter\",o,r,e,t)},doAction:function(o){gform.doHook(\"action\",o,arguments)},applyFilters:function(o){return gform.doHook(\"filter\",o,arguments)},removeAction:function(o,r){gform.removeHook(\"action\",o,r)},removeFilter:function(o,r,e){gform.removeHook(\"filter\",o,r,e)},addHook:function(o,r,e,t,n){null==gform.hooks[o][r]&&(gform.hooks[o][r]=[]);var d=gform.hooks[o][r];null==n&&(n=r+\"_\"+d.length),gform.hooks[o][r].push({tag:n,callable:e,priority:t=null==t?10:t})},doHook:function(r,o,e){var t;if(e=Array.prototype.slice.call(e,1),null!=gform.hooks[r][o]&&((o=gform.hooks[r][o]).sort(function(o,r){return o.priority-r.priority}),o.forEach(function(o){\"function\"!=typeof(t=o.callable)&&(t=window[t]),\"action\"==r?t.apply(null,e):e[0]=t.apply(null,e)})),\"filter\"==r)return e[0]},removeHook:function(o,r,t,n){var e;null!=gform.hooks[o][r]&&(e=(e=gform.hooks[o][r]).filter(function(o,r,e){return!!(null!=n&&n!=o.tag||null!=t&&t!=o.priority)}),gform.hooks[o][r]=e)}});\n<\/script>\n\n                <div class='gf_browser_gecko gform_wrapper gravity-theme gform-theme--no-framework' data-form-theme='gravity-theme' data-form-index='0' id='gform_wrapper_49' style='display:none'>\n                        <div class='gform_heading'>\n                            <h2 class=\"gform_title\">Juhannuskalenteri 2026 - varaa arvontapaikka<\/h2>\n                            <p class='gform_description'>Lomakkeella ker\u00e4t\u00e4\u00e4n tiedot Juhannuskalenteri 2026-kampanjaan.<\/p>\n                        <\/div><form method='post' enctype='multipart\/form-data'  id='gform_49'  action='\/jasenille\/wp-json\/wp\/v2\/pages\/1876' data-formid='49' novalidate>\n                        <div class='gform-body gform_body'><div id='gform_fields_49' class='gform_fields top_label form_sublabel_above description_above validation_below'><fieldset id=\"field_49_3\" class=\"gfield gfield--type-checkbox gfield--type-choice gfield--input-type-checkbox gfield_contains_required field_sublabel_above gfield--no-description field_description_above field_validation_below gfield_visibility_visible\"  ><legend class='gfield_label gform-field-label gfield_label_before_complex' >Suostumus<span class=\"gfield_required\"><span class=\"gfield_required gfield_required_text\">(Pakollinen)<\/span><\/span><\/legend><div class='ginput_container ginput_container_checkbox'><div class='gfield_checkbox ' id='input_49_3'><div class='gchoice gchoice_49_3_1'>\n\t\t\t\t\t\t\t\t<input class='gfield-choice-input' name='input_3.1' type='checkbox'  value='Hyv\u00e4ksyn henkil\u00f6tietojeni k\u00e4sittelyn  &lt;a href=&quot;https:\/\/rakastampere.fi\/jasenille\/tietosuojaseloste\/&quot;&gt;selosteen&lt;\/a&gt; mukaisesti.'  id='choice_49_3_1'   \/>\n\t\t\t\t\t\t\t\t<label for='choice_49_3_1' id='label_49_3_1' class='gform-field-label gform-field-label--type-inline'>Hyv\u00e4ksyn henkil\u00f6tietojeni k\u00e4sittelyn  <a href=\"https:\/\/rakastampere.fi\/jasenille\/tietosuojaseloste\/\">selosteen<\/a> mukaisesti.<\/label>\n\t\t\t\t\t\t\t<\/div><\/div><\/div><\/fieldset><div id=\"field_49_7\" class=\"gfield gfield--type-text gfield--input-type-text gfield--width-full gfield_contains_required field_sublabel_above gfield--no-description field_description_above field_validation_below gfield_visibility_visible\"  ><label class='gfield_label gform-field-label' for='input_49_7'>Organisaation nimi<span class=\"gfield_required\"><span class=\"gfield_required gfield_required_text\">(Pakollinen)<\/span><\/span><\/label><div class='ginput_container ginput_container_text'><input name='input_7' id='input_49_7' type='text' value='' class='large'     aria-required=\"true\" aria-invalid=\"false\"   \/><\/div><\/div><div id=\"field_49_10\" class=\"gfield gfield--type-text gfield--input-type-text gfield--width-full gfield_contains_required field_sublabel_above gfield--no-description field_description_above field_validation_below gfield_visibility_visible\"  ><label class='gfield_label gform-field-label' for='input_49_10'>Organisaation Y-tunnus<span class=\"gfield_required\"><span class=\"gfield_required gfield_required_text\">(Pakollinen)<\/span><\/span><\/label><div class='ginput_container ginput_container_text'><input name='input_10' id='input_49_10' type='text' value='' class='large'     aria-required=\"true\" aria-invalid=\"false\"   \/><\/div><\/div><div id=\"field_49_12\" class=\"gfield gfield--type-text gfield--input-type-text gfield--width-full gfield_contains_required field_sublabel_above gfield--no-description field_description_above field_validation_below gfield_visibility_visible\"  ><label class='gfield_label gform-field-label' for='input_49_12'>Yhteyshenkil\u00f6<span class=\"gfield_required\"><span class=\"gfield_required gfield_required_text\">(Pakollinen)<\/span><\/span><\/label><div class='ginput_container ginput_container_text'><input name='input_12' id='input_49_12' type='text' value='' class='large'     aria-required=\"true\" aria-invalid=\"false\"   \/><\/div><\/div><div id=\"field_49_49\" class=\"gfield gfield--type-email gfield--input-type-email gfield--width-full gfield_contains_required field_sublabel_above gfield--no-description field_description_above field_validation_below gfield_visibility_visible\"  ><label class='gfield_label gform-field-label' for='input_49_49'>Yhteyshenkil\u00f6n s\u00e4hk\u00f6posti<span class=\"gfield_required\"><span class=\"gfield_required gfield_required_text\">(Pakollinen)<\/span><\/span><\/label><div class='ginput_container ginput_container_email'>\n                            <input name='input_49' id='input_49_49' type='email' value='' class='large'    aria-required=\"true\" aria-invalid=\"false\"  \/>\n                        <\/div><\/div><div id=\"field_49_14\" class=\"gfield gfield--type-text gfield--input-type-text gfield--width-full gfield_contains_required field_sublabel_above gfield--no-description field_description_above field_validation_below gfield_visibility_visible\"  ><label class='gfield_label gform-field-label' for='input_49_14'>Yhteyshenkil\u00f6n puhelinnumero<span class=\"gfield_required\"><span class=\"gfield_required gfield_required_text\">(Pakollinen)<\/span><\/span><\/label><div class='ginput_container ginput_container_text'><input name='input_14' id='input_49_14' type='text' value='' class='large'     aria-required=\"true\" aria-invalid=\"false\"   \/><\/div><\/div><div id=\"field_49_20\" class=\"gfield gfield--type-section gfield--input-type-section gsection field_sublabel_above gfield--has-description field_description_above field_validation_below gfield_visibility_visible\"  ><h3 class=\"gsection_title\">Yrityksen tiedot<\/h3><div class='gsection_description' id='gfield_description_49_20'>T\u00e4ss\u00e4 osioissa ker\u00e4t\u00e4\u00e4n perustiedot arvontapalkintoa ja teksti\u00e4 varten. <\/div><\/div><div id=\"field_49_21\" class=\"gfield gfield--type-text gfield--input-type-text gfield--width-full gfield_contains_required field_sublabel_above gfield--no-description field_description_above field_validation_below gfield_visibility_visible\"  ><label class='gfield_label gform-field-label' for='input_49_21'>Yrityksen markkinointinimi<span class=\"gfield_required\"><span class=\"gfield_required gfield_required_text\">(Pakollinen)<\/span><\/span><\/label><div class='ginput_container ginput_container_text'><input name='input_21' id='input_49_21' type='text' value='' class='large'     aria-required=\"true\" aria-invalid=\"false\"   \/><\/div><\/div><div id=\"field_49_52\" class=\"gfield gfield--type-text gfield--input-type-text gfield--width-full field_sublabel_above gfield--no-description field_description_above field_validation_below gfield_visibility_visible\"  ><label class='gfield_label gform-field-label' for='input_49_52'>Yrityksen k\u00e4yntiosoite<\/label><div class='ginput_container ginput_container_text'><input name='input_52' id='input_49_52' type='text' value='' class='large'      aria-invalid=\"false\"   \/><\/div><\/div><div id=\"field_49_46\" class=\"gfield gfield--type-text gfield--input-type-text gfield--width-full field_sublabel_above gfield--no-description field_description_above field_validation_below gfield_visibility_visible\"  ><label class='gfield_label gform-field-label' for='input_49_46'>Yrityksen Instagram-tili:<\/label><div class='ginput_container ginput_container_text'><input name='input_46' id='input_49_46' type='text' value='' class='large'      aria-invalid=\"false\"   \/><\/div><\/div><div id=\"field_49_53\" class=\"gfield gfield--type-text gfield--input-type-text gfield--width-full field_sublabel_above gfield--no-description field_description_above field_validation_below gfield_visibility_visible\"  ><label class='gfield_label gform-field-label' for='input_49_53'>Yrityksen Facebook-tili:<\/label><div class='ginput_container ginput_container_text'><input name='input_53' id='input_49_53' type='text' value='' class='large'      aria-invalid=\"false\"   \/><\/div><\/div><div id=\"field_49_57\" class=\"gfield gfield--type-section gfield--input-type-section gsection field_sublabel_above gfield--has-description field_description_above field_validation_below gfield_visibility_visible\"  ><h3 class=\"gsection_title\">Arvontatiedot<\/h3><div class='gsection_description' id='gfield_description_49_57'>J\u00e4t\u00e4 tiedot arvontaa varten. Arvontapalkkio voidaan luovuttaa yrityksest\u00e4 tai se voi olla s\u00e4hk\u00f6postitse l\u00e4hetett\u00e4v\u00e4 lahjakortti, tapahtumalippu tai koodi. T\u00e4ll\u00f6in tuottaja voi l\u00e4hett\u00e4\u00e4 sen suoraan voittajalle. <\/div><\/div><div id=\"field_49_19\" class=\"gfield gfield--type-textarea gfield--input-type-textarea gfield_contains_required field_sublabel_above gfield--has-description field_description_above field_validation_below gfield_visibility_visible\"  ><label class='gfield_label gform-field-label' for='input_49_19'>Kerro arvontapalkkiosta ja teist\u00e4 yrityksen\u00e4.<span class=\"gfield_required\"><span class=\"gfield_required gfield_required_text\">(Pakollinen)<\/span><\/span><\/label><div class='gfield_description' id='gfield_description_49_19'>MIT\u00c4 ARVOTAAN? KEIT\u00c4 OLETTE? Sinun ei tarvitse laittaa suoraa teksti\u00e4, jos olet kiireinen, riitt\u00e4\u00e4 ett\u00e4 k\u00e4yt\u00e4t erillisi\u00e4 lauseita tai ranskalaisia viivoja. T\u00e4m\u00e4 on paikka, jossa voi nyt \"myyd\u00e4\" itse\u00e4si arvonnasta kiinnostuneille seuraajille. Lopullinen teksti muokataan kanavan linjan mukaiseksi. <\/div><div class='ginput_container ginput_container_textarea'><textarea name='input_19' id='input_49_19' class='textarea large'  aria-describedby=\"gfield_description_49_19\" maxlength='500'  aria-required=\"true\" aria-invalid=\"false\"   rows='10' cols='50'><\/textarea><\/div><\/div><div id=\"field_49_27\" class=\"gfield gfield--type-text gfield--input-type-text gfield--width-full field_sublabel_above gfield--has-description field_description_above field_validation_below gfield_visibility_visible\"  ><label class='gfield_label gform-field-label' for='input_49_27'>Arvontapostaukseen tulee aina kuva! Tuottaja lis\u00e4\u00e4 sen kalenteripohjaan. Kirjaa t\u00e4h\u00e4n latausosoite tai l\u00e4het\u00e4 kuva s\u00e4hk\u00f6postilla tuottajalle: heidi.kormano@tamperetunnetuksi.fi<\/label><div class='gfield_description' id='gfield_description_49_27'>Kuva voi olla kuva rakennuksesta, jossa yritys toimii, br\u00e4ndi- tai tuotekuva sek\u00e4 tapahtumakuva. Mielell\u00e4\u00e4n pelkk\u00e4 kuva, ilman tekstej\u00e4. \n\nSamoilla tiedoilla voi my\u00f6s l\u00e4hett\u00e4\u00e4 voiton, jos se on PDF-muodossa. <\/div><div class='ginput_container ginput_container_text'><input name='input_27' id='input_49_27' type='text' value='' class='large'  aria-describedby=\"gfield_description_49_27\"    aria-invalid=\"false\"   \/><\/div><\/div><fieldset id=\"field_49_43\" class=\"gfield gfield--type-checkbox gfield--type-choice gfield--input-type-checkbox gfield--width-full gfield_contains_required field_sublabel_above gfield--no-description field_description_above field_validation_below gfield_visibility_visible\"  ><legend class='gfield_label gform-field-label gfield_label_before_complex' >J\u00e4senyys<span class=\"gfield_required\"><span class=\"gfield_required gfield_required_text\">(Pakollinen)<\/span><\/span><\/legend><div class='ginput_container ginput_container_checkbox'><div class='gfield_checkbox ' id='input_49_43'><div class='gchoice gchoice_49_43_1'>\n\t\t\t\t\t\t\t\t<input class='gfield-choice-input' name='input_43.1' type='checkbox'  value='Olemme yhdistyksen j\u00e4sen.'  id='choice_49_43_1'   \/>\n\t\t\t\t\t\t\t\t<label for='choice_49_43_1' id='label_49_43_1' class='gform-field-label gform-field-label--type-inline'>Olemme yhdistyksen j\u00e4sen.<\/label>\n\t\t\t\t\t\t\t<\/div><div class='gchoice gchoice_49_43_2'>\n\t\t\t\t\t\t\t\t<input class='gfield-choice-input' name='input_43.2' type='checkbox'  value='Haluamme liitty\u00e4 j\u00e4seneksi.'  id='choice_49_43_2'   \/>\n\t\t\t\t\t\t\t\t<label for='choice_49_43_2' id='label_49_43_2' class='gform-field-label gform-field-label--type-inline'>Haluamme liitty\u00e4 j\u00e4seneksi.<\/label>\n\t\t\t\t\t\t\t<\/div><\/div><\/div><\/fieldset><div id=\"field_49_44\" class=\"gfield gfield--type-textarea gfield--input-type-textarea gfield--width-full field_sublabel_above gfield--no-description field_description_above field_validation_below gfield_visibility_visible\"  ><label class='gfield_label gform-field-label' for='input_49_44'>Yrityksen laskutustiedot<\/label><div class='ginput_container ginput_container_textarea'><textarea name='input_44' id='input_49_44' class='textarea large'      aria-invalid=\"false\"   rows='10' cols='50'><\/textarea><\/div><\/div><\/div><\/div>\n        <div class='gform-footer gform_footer top_label'> <input type='submit' id='gform_submit_button_49' class='gform_button button' onclick='gform.submission.handleButtonClick(this);' data-submission-type='submit' value='L\u00e4het\u00e4 tiedot'  \/> \n            <input type='hidden' class='gform_hidden' name='gform_submission_method' data-js='gform_submission_method_49' value='postback' \/>\n            <input type='hidden' class='gform_hidden' name='gform_theme' data-js='gform_theme_49' id='gform_theme_49' value='gravity-theme' \/>\n            <input type='hidden' class='gform_hidden' name='gform_style_settings' data-js='gform_style_settings_49' id='gform_style_settings_49' value='[]' \/>\n            <input type='hidden' class='gform_hidden' name='is_submit_49' value='1' \/>\n            <input type='hidden' class='gform_hidden' name='gform_submit' value='49' \/>\n            \n            <input type='hidden' class='gform_hidden' name='gform_currency' data-currency='EUR' value='BwEKNMFGMfWy7cVHQbP4bLowRPkAGDFZtuMjWO3ndcgNtFDU7YS7kuaSZ\/shZx3\/84TXQtaQ6vAhMywMukNEXz58GprYodbP0vApnLLLkaZHrPo=' \/>\n            <input type='hidden' class='gform_hidden' name='gform_unique_id' value='' \/>\n            <input type='hidden' class='gform_hidden' name='state_49' value='WyJ7XCIzLjFcIjpcIjY5YzFjMDIwOWZkNjcyNzA0Mzg3ZjAzZDFkN2I5ODA0XCIsXCI0My4xXCI6XCJiYzNkNGFjMzYwZDlkNDA3OWVjOTZkZTkwMWRlMDM3N1wiLFwiNDMuMlwiOlwiNTg3ODBkYjJkMzExNDE1MGQyMjFmMmJjNDFkMjVlZDNcIn0iLCI2NTQxZmYzYzZhMzI5YTg4NTczMDc4MjExODA2ODAxNCJd' \/>\n            <input type='hidden' autocomplete='off' class='gform_hidden' name='gform_target_page_number_49' id='gform_target_page_number_49' value='0' \/>\n            <input type='hidden' autocomplete='off' class='gform_hidden' name='gform_source_page_number_49' id='gform_source_page_number_49' value='1' \/>\n            <input type='hidden' name='gform_field_values' value='' \/>\n            \n        <\/div>\n                        <\/form>\n                        <\/div><script>\ngform.initializeOnLoaded( function() {gformInitSpinner( 49, 'https:\/\/rakastampere.fi\/jasenille\/wp-content\/plugins\/gravityforms\/images\/spinner.svg', true );jQuery('#gform_ajax_frame_49').on('load',function(){var contents = jQuery(this).contents().find('*').html();var is_postback = contents.indexOf('GF_AJAX_POSTBACK') >= 0;if(!is_postback){return;}var form_content = jQuery(this).contents().find('#gform_wrapper_49');var is_confirmation = jQuery(this).contents().find('#gform_confirmation_wrapper_49').length > 0;var is_redirect = contents.indexOf('gformRedirect(){') >= 0;var is_form = form_content.length > 0 && ! is_redirect && ! is_confirmation;var mt = parseInt(jQuery('html').css('margin-top'), 10) + parseInt(jQuery('body').css('margin-top'), 10) + 100;if(is_form){form_content.find('form').css('opacity', 0);jQuery('#gform_wrapper_49').html(form_content.html());if(form_content.hasClass('gform_validation_error')){jQuery('#gform_wrapper_49').addClass('gform_validation_error');} else {jQuery('#gform_wrapper_49').removeClass('gform_validation_error');}setTimeout( function() { \/* delay the scroll by 50 milliseconds to fix a bug in chrome *\/  }, 50 );if(window['gformInitDatepicker']) {gformInitDatepicker();}if(window['gformInitPriceFields']) {gformInitPriceFields();}var current_page = jQuery('#gform_source_page_number_49').val();gformInitSpinner( 49, 'https:\/\/rakastampere.fi\/jasenille\/wp-content\/plugins\/gravityforms\/images\/spinner.svg', true );jQuery(document).trigger('gform_page_loaded', [49, current_page]);window['gf_submitting_49'] = false;}else if(!is_redirect){var confirmation_content = jQuery(this).contents().find('.GF_AJAX_POSTBACK').html();if(!confirmation_content){confirmation_content = contents;}jQuery('#gform_wrapper_49').replaceWith(confirmation_content);jQuery(document).trigger('gform_confirmation_loaded', [49]);window['gf_submitting_49'] = false;wp.a11y.speak(jQuery('#gform_confirmation_message_49').text());}else{jQuery('#gform_49').append(contents);if(window['gformRedirect']) {gformRedirect();}}jQuery(document).trigger(\"gform_pre_post_render\", [{ formId: \"49\", currentPage: \"current_page\", abort: function() { this.preventDefault(); } }]);        if (event && event.defaultPrevented) {                return;        }        const gformWrapperDiv = document.getElementById( \"gform_wrapper_49\" );        if ( gformWrapperDiv ) {            const visibilitySpan = document.createElement( \"span\" );            visibilitySpan.id = \"gform_visibility_test_49\";            gformWrapperDiv.insertAdjacentElement( \"afterend\", visibilitySpan );        }        const visibilityTestDiv = document.getElementById( \"gform_visibility_test_49\" );        let postRenderFired = false;        function triggerPostRender() {            if ( postRenderFired ) {                return;            }            postRenderFired = true;            gform.core.triggerPostRenderEvents( 49, current_page );            if ( visibilityTestDiv ) {                visibilityTestDiv.parentNode.removeChild( visibilityTestDiv );            }        }        function debounce( func, wait, immediate ) {            var timeout;            return function() {                var context = this, args = arguments;                var later = function() {                    timeout = null;                    if ( !immediate ) func.apply( context, args );                };                var callNow = immediate && !timeout;                clearTimeout( timeout );                timeout = setTimeout( later, wait );                if ( callNow ) func.apply( context, args );            };        }        const debouncedTriggerPostRender = debounce( function() {            triggerPostRender();        }, 200 );        if ( visibilityTestDiv && visibilityTestDiv.offsetParent === null ) {            const observer = new MutationObserver( ( mutations ) => {                mutations.forEach( ( mutation ) => {                    if ( mutation.type === 'attributes' && visibilityTestDiv.offsetParent !== null ) {                        debouncedTriggerPostRender();                        observer.disconnect();                    }                });            });            observer.observe( document.body, {                attributes: true,                childList: false,                subtree: true,                attributeFilter: [ 'style', 'class' ],            });        } else {            triggerPostRender();        }    } );} );\n<\/script>\n\n","protected":false},"excerpt":{"rendered":"<p>L\u00e4hde mukaan Rakas Tampereen Juhannuskalenteriin! Askeleet kes\u00e4\u00e4n otetaan Rakas Tampereen sosiaalisen median tileill\u00e4 Facebookissa ja Instagramissa. Yhteens\u00e4 19 kalenteriluukkua (1.6.-19.6.) avataan p\u00e4ivitt\u00e4in joulukuulta tutun arvontakalenterin tavoin. Rakas Tampereen kalenteriarvonnat ovat saaneet ihmisi\u00e4 aktivoitumaan sosiaalisessa mediassa runsaasti. Kyseess\u00e4 on p\u00e4ivitt\u00e4in julkaistava arvonta, jonka kommentointim\u00e4\u00e4r\u00e4t kulkevat useissa sadoissa per kanava. Arvontap\u00e4iv\u00e4n\u00e4\u00e4n j\u00e4senyritys saa kertoa itsest\u00e4\u00e4n, tuotteistaan tai [&hellip;]<\/p>\n","protected":false},"author":5,"featured_media":1312,"parent":0,"menu_order":0,"comment_status":"closed","ping_status":"closed","template":"","meta":{"_acf_changed":false,"content-type":"","footnotes":""},"class_list":["post-1876","page","type-page","status-publish","has-post-thumbnail","hentry"],"acf":[],"aioseo_notices":[],"_links":{"self":[{"href":"https:\/\/rakastampere.fi\/jasenille\/wp-json\/wp\/v2\/pages\/1876","targetHints":{"allow":["GET"]}}],"collection":[{"href":"https:\/\/rakastampere.fi\/jasenille\/wp-json\/wp\/v2\/pages"}],"about":[{"href":"https:\/\/rakastampere.fi\/jasenille\/wp-json\/wp\/v2\/types\/page"}],"author":[{"embeddable":true,"href":"https:\/\/rakastampere.fi\/jasenille\/wp-json\/wp\/v2\/users\/5"}],"replies":[{"embeddable":true,"href":"https:\/\/rakastampere.fi\/jasenille\/wp-json\/wp\/v2\/comments?post=1876"}],"version-history":[{"count":2,"href":"https:\/\/rakastampere.fi\/jasenille\/wp-json\/wp\/v2\/pages\/1876\/revisions"}],"predecessor-version":[{"id":1888,"href":"https:\/\/rakastampere.fi\/jasenille\/wp-json\/wp\/v2\/pages\/1876\/revisions\/1888"}],"wp:featuredmedia":[{"embeddable":true,"href":"https:\/\/rakastampere.fi\/jasenille\/wp-json\/wp\/v2\/media\/1312"}],"wp:attachment":[{"href":"https:\/\/rakastampere.fi\/jasenille\/wp-json\/wp\/v2\/media?parent=1876"}],"curies":[{"name":"wp","href":"https:\/\/api.w.org\/{rel}","templated":true}]}}