{"id":1619,"date":"2025-08-13T13:04:15","date_gmt":"2025-08-13T10:04:15","guid":{"rendered":"https:\/\/rakastampere.fi\/jasenille\/?page_id=1619"},"modified":"2025-08-21T14:19:24","modified_gmt":"2025-08-21T11:19:24","slug":"materiaalit","status":"publish","type":"page","link":"https:\/\/rakastampere.fi\/jasenille\/susijengi-tampereella\/materiaalit\/","title":{"rendered":"Tampere Says AAUUU! -kampanjamateriaalit"},"content":{"rendered":"\n<p>Tampere Says AAUUU! -kampanja ja kampanjamateriaalit on valmisteltu teille yritykset, ett\u00e4 voitte helposti somistaa liiketilaanne, n\u00e4ky\u00e4 somessa ja laittaa digipintanne korishuumaan. <a href=\"https:\/\/rakastampere.fi\/jasenille\/susijengi-tampereella\/\" title=\"Susijengi Tampereella\">Kampanjaohjeet<\/a>. <br><\/p>\n\n\n\n<h2 class=\"wp-block-heading\">Tulostettavat materiaalit<\/h2>\n\n\n\n<h3 class=\"wp-block-heading mb-2\">Tampere Says Aauu! -julisteet<\/h3>\n\n\n\n<div class=\"wp-block-columns is-layout-flex wp-container-core-columns-is-layout-9d6595d7 wp-block-columns-is-layout-flex\">\n<div class=\"wp-block-column is-layout-flow wp-block-column-is-layout-flow\">\n<h4 class=\"wp-block-heading mb-1\">Personoitava juliste A4<\/h4>\n\n\n\n<div class=\"wp-block-buttons is-layout-flex wp-block-buttons-is-layout-flex\">\n<div class=\"wp-block-button\"><a class=\"wp-block-button__link wp-element-button\" href=\"https:\/\/rakastampere.fi\/jasenille\/wp-content\/uploads\/sites\/2\/2025\/08\/susijengi_tampereella_juliste_A4_personoitava.pdf\" target=\"_blank\" rel=\"noreferrer noopener\">Lataa (PDF)<\/a><\/div>\n<\/div>\n<\/div>\n\n\n\n<div class=\"wp-block-column is-layout-flow wp-block-column-is-layout-flow\">\n<h4 class=\"wp-block-heading mb-1\">Personoitava juliste A3<\/h4>\n\n\n\n<div class=\"wp-block-buttons is-layout-flex wp-block-buttons-is-layout-flex\">\n<div class=\"wp-block-button\"><a class=\"wp-block-button__link wp-element-button\" href=\"https:\/\/rakastampere.fi\/jasenille\/wp-content\/uploads\/sites\/2\/2025\/08\/susijengi_tampereella_juliste_A3_personoitava.pdf\" target=\"_blank\" rel=\"noreferrer noopener\">Lataa (pdf)<\/a><\/div>\n<\/div>\n<\/div>\n<\/div>\n\n\n\n<div class=\"wp-block-columns is-layout-flex wp-container-core-columns-is-layout-9d6595d7 wp-block-columns-is-layout-flex\">\n<div class=\"wp-block-column is-layout-flow wp-block-column-is-layout-flow\">\n<h4 class=\"wp-block-heading mb-1\">Juliste A4<\/h4>\n\n\n\n<div class=\"wp-block-buttons is-layout-flex wp-block-buttons-is-layout-flex\">\n<div class=\"wp-block-button\"><a class=\"wp-block-button__link wp-element-button\" href=\"https:\/\/rakastampere.fi\/jasenille\/wp-content\/uploads\/sites\/2\/2025\/08\/susijengi_tampereella_juliste_A4.pdf\" target=\"_blank\" rel=\"noreferrer noopener\">Lataa (pdf)<\/a><\/div>\n<\/div>\n<\/div>\n\n\n\n<div class=\"wp-block-column is-layout-flow wp-block-column-is-layout-flow\">\n<h4 class=\"wp-block-heading mb-1\">Juliste A3<\/h4>\n\n\n\n<div class=\"wp-block-buttons is-layout-flex wp-block-buttons-is-layout-flex\">\n<div class=\"wp-block-button\"><a class=\"wp-block-button__link wp-element-button\" href=\"https:\/\/rakastampere.fi\/jasenille\/wp-content\/uploads\/sites\/2\/2025\/08\/susijengi_tampereella_juliste_A3.pdf\" target=\"_blank\" rel=\"noreferrer noopener\">Lataa (pdf)<\/a><\/div>\n<\/div>\n<\/div>\n<\/div>\n\n\n\n<p><br>? Tai voit my\u00f6s soittaa A-Printtiin (<a href=\"https:\/\/www.a-print.fi\/yhteystiedot\/\">https:\/\/www.a-print.fi\/yhteystiedot\/<\/a>) ja tilata sielt\u00e4.<\/p>\n\n\n\n<h2 class=\"wp-block-heading\">Some -pohjat<\/h2>\n\n\n\n<h3 class=\"wp-block-heading\">Instagram sy\u00f6te (pysty)<\/h3>\n\n\n\n<p><a href=\"https:\/\/rakastampere.fi\/jasenille\/wp-content\/uploads\/sites\/2\/2025\/08\/AUUU-1080x1350-1.jpg\" target=\"_blank\" rel=\"noopener\" title=\"\">AUUU-1080&#215;1350 (jpg)<\/a><\/p>\n\n\n\n<h3 class=\"wp-block-heading\">Instagram tarinat (pysty)<\/h3>\n\n\n\n<p><a href=\"https:\/\/rakastampere.fi\/jasenille\/wp-content\/uploads\/sites\/2\/2025\/08\/AUUU-1080x1920-1.jpg\" target=\"_blank\" rel=\"noopener\" title=\"\">AUUU-1080&#215;1920 (jpg)<\/a><\/p>\n\n\n\n<h3 class=\"wp-block-heading\">Instagram ja Facebook -sy\u00f6te (neli\u00f6)<\/h3>\n\n\n\n<p><a href=\"https:\/\/rakastampere.fi\/jasenille\/wp-content\/uploads\/sites\/2\/2025\/08\/AUUU-1080x1080-1.jpg\" target=\"_blank\" rel=\"noopener\" title=\"\">AUUU-1080&#215;1080 (jpg)<\/a><\/p>\n\n\n\n<p><br><\/p>\n","protected":false},"excerpt":{"rendered":"<p>Tampere Says AAUUU! -kampanja ja kampanjamateriaalit on valmisteltu teille yritykset, ett\u00e4 voitte helposti somistaa liiketilaanne, n\u00e4ky\u00e4 somessa ja laittaa digipintanne korishuumaan. Kampanjaohjeet. Tulostettavat materiaalit Tampere Says Aauu! -julisteet Personoitava juliste A4 Personoitava juliste A3 Juliste A4 Juliste A3 ? Tai voit my\u00f6s soittaa A-Printtiin (https:\/\/www.a-print.fi\/yhteystiedot\/) ja tilata sielt\u00e4. Some -pohjat Instagram sy\u00f6te (pysty) AUUU-1080&#215;1350 (jpg) [&hellip;]<\/p>\n","protected":false},"author":3,"featured_media":0,"parent":1430,"menu_order":0,"comment_status":"closed","ping_status":"closed","template":"","meta":{"_acf_changed":false,"content-type":"","footnotes":""},"class_list":["post-1619","page","type-page","status-publish","hentry"],"acf":[],"aioseo_notices":[],"_links":{"self":[{"href":"https:\/\/rakastampere.fi\/jasenille\/wp-json\/wp\/v2\/pages\/1619","targetHints":{"allow":["GET"]}}],"collection":[{"href":"https:\/\/rakastampere.fi\/jasenille\/wp-json\/wp\/v2\/pages"}],"about":[{"href":"https:\/\/rakastampere.fi\/jasenille\/wp-json\/wp\/v2\/types\/page"}],"author":[{"embeddable":true,"href":"https:\/\/rakastampere.fi\/jasenille\/wp-json\/wp\/v2\/users\/3"}],"replies":[{"embeddable":true,"href":"https:\/\/rakastampere.fi\/jasenille\/wp-json\/wp\/v2\/comments?post=1619"}],"version-history":[{"count":18,"href":"https:\/\/rakastampere.fi\/jasenille\/wp-json\/wp\/v2\/pages\/1619\/revisions"}],"predecessor-version":[{"id":1657,"href":"https:\/\/rakastampere.fi\/jasenille\/wp-json\/wp\/v2\/pages\/1619\/revisions\/1657"}],"up":[{"embeddable":true,"href":"https:\/\/rakastampere.fi\/jasenille\/wp-json\/wp\/v2\/pages\/1430"}],"wp:attachment":[{"href":"https:\/\/rakastampere.fi\/jasenille\/wp-json\/wp\/v2\/media?parent=1619"}],"curies":[{"name":"wp","href":"https:\/\/api.w.org\/{rel}","templated":true}]}}