{"id":1452,"date":"2025-05-02T11:04:25","date_gmt":"2025-05-02T08:04:25","guid":{"rendered":"https:\/\/rakastampere.fi\/jasenille\/?page_id=1452"},"modified":"2026-01-26T09:44:27","modified_gmt":"2026-01-26T07:44:27","slug":"hallitus","status":"publish","type":"page","link":"https:\/\/rakastampere.fi\/jasenille\/hallitus\/","title":{"rendered":"Hallitus"},"content":{"rendered":"\n<h3 class=\"wp-block-heading\"><strong>Tampere Tunnetuksi ry:n hallitus 202<\/strong>6<\/h3>\n\n\n\n<div style=\"height:25px\" aria-hidden=\"true\" class=\"wp-block-spacer\"><\/div>\n\n\n\n<div class=\"wp-block-columns is-layout-flex wp-container-core-columns-is-layout-9d6595d7 wp-block-columns-is-layout-flex\">\n<div class=\"wp-block-column is-layout-flow wp-block-column-is-layout-flow\">\n<div class=\"wp-block-columns is-layout-flex wp-container-core-columns-is-layout-9d6595d7 wp-block-columns-is-layout-flex\">\n<div class=\"wp-block-column is-vertically-aligned-top is-layout-flow wp-block-column-is-layout-flow\">\n<figure class=\"wp-block-image size-full\"><img loading=\"lazy\" decoding=\"async\" width=\"700\" height=\"705\" src=\"https:\/\/rakastampere.fi\/jasenille\/wp-content\/uploads\/sites\/2\/2025\/05\/laaksonen.png\" alt=\"\" class=\"wp-image-1487\" srcset=\"https:\/\/rakastampere.fi\/jasenille\/wp-content\/uploads\/sites\/2\/2025\/05\/laaksonen.png 700w, https:\/\/rakastampere.fi\/jasenille\/wp-content\/uploads\/sites\/2\/2025\/05\/laaksonen-160x160.png 160w\" sizes=\"auto, (max-width: 700px) 100vw, 700px\" \/><\/figure>\n<\/div>\n\n\n\n<div class=\"wp-block-column is-vertically-aligned-center is-layout-flow wp-block-column-is-layout-flow\">\n<p class=\"has-medium-font-size\"><strong><strong>Marko <\/strong><\/strong><br><strong><strong>Laaksonen<\/strong><\/strong><\/p>\n\n\n\n<p class=\"has-blue-color has-text-color has-link-color wp-elements-cc65af2ea633c2a5b0ea5a421717c0fa\"><strong>kauppias<\/strong><\/p>\n\n\n\n<p>K-Supermarket Ratina (puheenjohtaja)<\/p>\n<\/div>\n<\/div>\n<\/div>\n\n\n\n<div class=\"wp-block-column is-layout-flow wp-block-column-is-layout-flow\">\n<div class=\"wp-block-columns is-layout-flex wp-container-core-columns-is-layout-9d6595d7 wp-block-columns-is-layout-flex\">\n<div class=\"wp-block-column is-vertically-aligned-top is-layout-flow wp-block-column-is-layout-flow\">\n<figure class=\"wp-block-image size-full\"><img loading=\"lazy\" decoding=\"async\" width=\"700\" height=\"705\" src=\"https:\/\/rakastampere.fi\/jasenille\/wp-content\/uploads\/sites\/2\/2025\/05\/lehtonen.png\" alt=\"\" class=\"wp-image-1488\" srcset=\"https:\/\/rakastampere.fi\/jasenille\/wp-content\/uploads\/sites\/2\/2025\/05\/lehtonen.png 700w, https:\/\/rakastampere.fi\/jasenille\/wp-content\/uploads\/sites\/2\/2025\/05\/lehtonen-160x160.png 160w\" sizes=\"auto, (max-width: 700px) 100vw, 700px\" \/><\/figure>\n<\/div>\n\n\n\n<div class=\"wp-block-column is-vertically-aligned-center is-layout-flow wp-block-column-is-layout-flow\">\n<p class=\"has-medium-font-size\"><strong><strong>Karoliina <\/strong><\/strong><br><strong><strong>Lehtonen<\/strong><\/strong><\/p>\n\n\n\n<p class=\"has-blue-color has-text-color has-link-color wp-elements-ddfe8342b732cfec7518d8089b1f91f4\"><strong>myynti- ja markkinointip\u00e4\u00e4llikk\u00f6<\/strong><\/p>\n\n\n\n<p>Tampereen Teatteri (varapuheenjohtaja)<\/p>\n<\/div>\n<\/div>\n<\/div>\n<\/div>\n\n\n\n<div class=\"wp-block-columns is-layout-flex wp-container-core-columns-is-layout-9d6595d7 wp-block-columns-is-layout-flex\">\n<div class=\"wp-block-column is-layout-flow wp-block-column-is-layout-flow\">\n<div class=\"wp-block-columns is-layout-flex wp-container-core-columns-is-layout-9d6595d7 wp-block-columns-is-layout-flex\">\n<div class=\"wp-block-column is-vertically-aligned-top is-layout-flow wp-block-column-is-layout-flow\">\n<figure class=\"wp-block-image size-full\"><img loading=\"lazy\" decoding=\"async\" width=\"700\" height=\"705\" src=\"https:\/\/rakastampere.fi\/jasenille\/wp-content\/uploads\/sites\/2\/2025\/05\/haalahti.png\" alt=\"\" class=\"wp-image-1493\" srcset=\"https:\/\/rakastampere.fi\/jasenille\/wp-content\/uploads\/sites\/2\/2025\/05\/haalahti.png 700w, https:\/\/rakastampere.fi\/jasenille\/wp-content\/uploads\/sites\/2\/2025\/05\/haalahti-160x160.png 160w\" sizes=\"auto, (max-width: 700px) 100vw, 700px\" \/><\/figure>\n<\/div>\n\n\n\n<div class=\"wp-block-column is-vertically-aligned-center is-layout-flow wp-block-column-is-layout-flow\">\n<p class=\"has-medium-font-size\"><strong>Anu <\/strong><br><strong>Haalahti<\/strong><\/p>\n\n\n\n<p class=\"has-blue-color has-text-color has-link-color wp-elements-2df3a592ed18e730f6d3428c4adbc81a\"><strong>luova johtaja<\/strong><\/p>\n\n\n\n<p>Palmroth International <\/p>\n<\/div>\n<\/div>\n<\/div>\n\n\n\n<div class=\"wp-block-column is-layout-flow wp-block-column-is-layout-flow\">\n<div class=\"wp-block-columns is-layout-flex wp-container-core-columns-is-layout-9d6595d7 wp-block-columns-is-layout-flex\">\n<div class=\"wp-block-column is-vertically-aligned-top is-layout-flow wp-block-column-is-layout-flow\">\n<figure class=\"wp-block-image size-full\"><img loading=\"lazy\" decoding=\"async\" width=\"700\" height=\"705\" src=\"https:\/\/rakastampere.fi\/jasenille\/wp-content\/uploads\/sites\/2\/2025\/05\/heino.png\" alt=\"\" class=\"wp-image-1494\" srcset=\"https:\/\/rakastampere.fi\/jasenille\/wp-content\/uploads\/sites\/2\/2025\/05\/heino.png 700w, https:\/\/rakastampere.fi\/jasenille\/wp-content\/uploads\/sites\/2\/2025\/05\/heino-160x160.png 160w\" sizes=\"auto, (max-width: 700px) 100vw, 700px\" \/><\/figure>\n<\/div>\n\n\n\n<div class=\"wp-block-column is-vertically-aligned-center is-layout-flow wp-block-column-is-layout-flow\">\n<p class=\"has-medium-font-size\"><strong>Noora <\/strong><br><strong>Heino<\/strong><\/p>\n\n\n\n<p class=\"has-blue-color has-text-color has-link-color wp-elements-cffffd93bb5b0c3d0796b0d4ef2fb542\"><strong>sales and Marketing Manager <\/strong><\/p>\n\n\n\n<p>at Courtyard Tampere City<\/p>\n<\/div>\n<\/div>\n<\/div>\n<\/div>\n\n\n\n<div class=\"wp-block-columns is-layout-flex wp-container-core-columns-is-layout-9d6595d7 wp-block-columns-is-layout-flex\">\n<div class=\"wp-block-column is-layout-flow wp-block-column-is-layout-flow\">\n<div class=\"wp-block-columns is-layout-flex wp-container-core-columns-is-layout-9d6595d7 wp-block-columns-is-layout-flex\">\n<div class=\"wp-block-column is-vertically-aligned-top is-layout-flow wp-block-column-is-layout-flow\">\n<figure class=\"wp-block-image size-full\"><img loading=\"lazy\" decoding=\"async\" width=\"700\" height=\"705\" src=\"https:\/\/rakastampere.fi\/jasenille\/wp-content\/uploads\/sites\/2\/2025\/05\/jokela.png\" alt=\"\" class=\"wp-image-1495\" srcset=\"https:\/\/rakastampere.fi\/jasenille\/wp-content\/uploads\/sites\/2\/2025\/05\/jokela.png 700w, https:\/\/rakastampere.fi\/jasenille\/wp-content\/uploads\/sites\/2\/2025\/05\/jokela-160x160.png 160w\" sizes=\"auto, (max-width: 700px) 100vw, 700px\" \/><\/figure>\n<\/div>\n\n\n\n<div class=\"wp-block-column is-vertically-aligned-center is-layout-flow wp-block-column-is-layout-flow\">\n<p class=\"has-medium-font-size\"><strong>Heli <\/strong><br><strong>Jokela<\/strong><\/p>\n\n\n\n<p class=\"has-blue-color has-text-color has-link-color wp-elements-d6e92f5ead41917ec09dc4fb49dbf10c\"><strong>markkinointi- ja viestint\u00e4p\u00e4\u00e4llikk\u00f6<\/strong><\/p>\n\n\n\n<p>Visit Tampere<\/p>\n<\/div>\n<\/div>\n<\/div>\n\n\n\n<div class=\"wp-block-column is-layout-flow wp-block-column-is-layout-flow\">\n<div class=\"wp-block-columns is-layout-flex wp-container-core-columns-is-layout-9d6595d7 wp-block-columns-is-layout-flex\">\n<div class=\"wp-block-column is-vertically-aligned-top is-layout-flow wp-block-column-is-layout-flow\">\n<figure class=\"wp-block-image size-full\"><img loading=\"lazy\" decoding=\"async\" width=\"700\" height=\"705\" src=\"https:\/\/rakastampere.fi\/jasenille\/wp-content\/uploads\/sites\/2\/2025\/05\/koski.png\" alt=\"\" class=\"wp-image-1496\" srcset=\"https:\/\/rakastampere.fi\/jasenille\/wp-content\/uploads\/sites\/2\/2025\/05\/koski.png 700w, https:\/\/rakastampere.fi\/jasenille\/wp-content\/uploads\/sites\/2\/2025\/05\/koski-160x160.png 160w\" sizes=\"auto, (max-width: 700px) 100vw, 700px\" \/><\/figure>\n<\/div>\n\n\n\n<div class=\"wp-block-column is-vertically-aligned-center is-layout-flow wp-block-column-is-layout-flow\">\n<p class=\"has-medium-font-size\"><strong>Kirsi <\/strong><br><strong>Koski<\/strong><\/p>\n\n\n\n<p class=\"has-blue-color has-text-color has-link-color wp-elements-6faf9a6c01a3a3833b6985c44e8b7304\"><strong>toimitusjohtaja<\/strong><\/p>\n\n\n\n<p>TOAS <\/p>\n<\/div>\n<\/div>\n<\/div>\n<\/div>\n\n\n\n<div class=\"wp-block-columns is-layout-flex wp-container-core-columns-is-layout-9d6595d7 wp-block-columns-is-layout-flex\">\n<div class=\"wp-block-column is-layout-flow wp-block-column-is-layout-flow\">\n<div class=\"wp-block-columns is-layout-flex wp-container-core-columns-is-layout-9d6595d7 wp-block-columns-is-layout-flex\">\n<div class=\"wp-block-column is-vertically-aligned-top is-layout-flow wp-block-column-is-layout-flow\">\n<figure class=\"wp-block-image size-full\"><img loading=\"lazy\" decoding=\"async\" width=\"700\" height=\"705\" src=\"https:\/\/rakastampere.fi\/jasenille\/wp-content\/uploads\/sites\/2\/2025\/05\/lehtonen_a-p.png\" alt=\"\" class=\"wp-image-1497\" srcset=\"https:\/\/rakastampere.fi\/jasenille\/wp-content\/uploads\/sites\/2\/2025\/05\/lehtonen_a-p.png 700w, https:\/\/rakastampere.fi\/jasenille\/wp-content\/uploads\/sites\/2\/2025\/05\/lehtonen_a-p-160x160.png 160w\" sizes=\"auto, (max-width: 700px) 100vw, 700px\" \/><\/figure>\n<\/div>\n\n\n\n<div class=\"wp-block-column is-vertically-aligned-center is-layout-flow wp-block-column-is-layout-flow\">\n<p class=\"has-medium-font-size\"><strong>Ari-Pekka <\/strong><br><strong>Lehtonen<\/strong><\/p>\n\n\n\n<p class=\"has-blue-color has-text-color has-link-color wp-elements-33a1827474d570296d92e07aec5daa2e\"><strong>aluep\u00e4\u00e4llikk\u00f6<\/strong><\/p>\n\n\n\n<p>Sponda Oyj<\/p>\n<\/div>\n<\/div>\n<\/div>\n\n\n\n<div class=\"wp-block-column is-layout-flow wp-block-column-is-layout-flow\">\n<div class=\"wp-block-columns is-layout-flex wp-container-core-columns-is-layout-9d6595d7 wp-block-columns-is-layout-flex\">\n<div class=\"wp-block-column is-vertically-aligned-top is-layout-flow wp-block-column-is-layout-flow\">\n<figure class=\"wp-block-image size-full\"><img loading=\"lazy\" decoding=\"async\" width=\"700\" height=\"705\" src=\"https:\/\/rakastampere.fi\/jasenille\/wp-content\/uploads\/sites\/2\/2025\/05\/marttila.png\" alt=\"\" class=\"wp-image-1498\" srcset=\"https:\/\/rakastampere.fi\/jasenille\/wp-content\/uploads\/sites\/2\/2025\/05\/marttila.png 700w, https:\/\/rakastampere.fi\/jasenille\/wp-content\/uploads\/sites\/2\/2025\/05\/marttila-160x160.png 160w\" sizes=\"auto, (max-width: 700px) 100vw, 700px\" \/><\/figure>\n<\/div>\n\n\n\n<div class=\"wp-block-column is-vertically-aligned-center is-layout-flow wp-block-column-is-layout-flow\">\n<p class=\"has-medium-font-size\"><strong>Antti <\/strong><br><strong>Marttila<\/strong><\/p>\n\n\n\n<p class=\"has-blue-color has-text-color has-link-color wp-elements-6faf9a6c01a3a3833b6985c44e8b7304\"><strong>toimitusjohtaja<\/strong><\/p>\n\n\n\n<p>Finnpark<\/p>\n<\/div>\n<\/div>\n<\/div>\n<\/div>\n\n\n\n<div class=\"wp-block-columns is-layout-flex wp-container-core-columns-is-layout-9d6595d7 wp-block-columns-is-layout-flex\">\n<div class=\"wp-block-column is-layout-flow wp-block-column-is-layout-flow\">\n<div class=\"wp-block-columns is-layout-flex wp-container-core-columns-is-layout-9d6595d7 wp-block-columns-is-layout-flex\">\n<div class=\"wp-block-column is-vertically-aligned-top is-layout-flow wp-block-column-is-layout-flow\">\n<figure class=\"wp-block-image size-full\"><img loading=\"lazy\" decoding=\"async\" width=\"700\" height=\"705\" src=\"https:\/\/rakastampere.fi\/jasenille\/wp-content\/uploads\/sites\/2\/2025\/05\/pietarila.png\" alt=\"\" class=\"wp-image-1499\" srcset=\"https:\/\/rakastampere.fi\/jasenille\/wp-content\/uploads\/sites\/2\/2025\/05\/pietarila.png 700w, https:\/\/rakastampere.fi\/jasenille\/wp-content\/uploads\/sites\/2\/2025\/05\/pietarila-160x160.png 160w\" sizes=\"auto, (max-width: 700px) 100vw, 700px\" \/><\/figure>\n<\/div>\n\n\n\n<div class=\"wp-block-column is-vertically-aligned-center is-layout-flow wp-block-column-is-layout-flow\">\n<p class=\"has-medium-font-size\"><strong>Jenni <\/strong><br><strong>Pietarila<\/strong><\/p>\n\n\n\n<p class=\"has-blue-color has-text-color has-link-color wp-elements-8bcec897f3b685d446a3187f2e84b54d\"><strong>yritt\u00e4j\u00e4<\/strong><\/p>\n\n\n\n<p>Kalevan Kello<\/p>\n<\/div>\n<\/div>\n<\/div>\n\n\n\n<div class=\"wp-block-column is-layout-flow wp-block-column-is-layout-flow\">\n<div class=\"wp-block-columns is-layout-flex wp-container-core-columns-is-layout-9d6595d7 wp-block-columns-is-layout-flex\">\n<div class=\"wp-block-column is-vertically-aligned-top is-layout-flow wp-block-column-is-layout-flow\">\n<figure class=\"wp-block-image size-full\"><img loading=\"lazy\" decoding=\"async\" width=\"700\" height=\"705\" src=\"https:\/\/rakastampere.fi\/jasenille\/wp-content\/uploads\/sites\/2\/2025\/05\/roito.png\" alt=\"\" class=\"wp-image-1502\" srcset=\"https:\/\/rakastampere.fi\/jasenille\/wp-content\/uploads\/sites\/2\/2025\/05\/roito.png 700w, https:\/\/rakastampere.fi\/jasenille\/wp-content\/uploads\/sites\/2\/2025\/05\/roito-160x160.png 160w\" sizes=\"auto, (max-width: 700px) 100vw, 700px\" \/><\/figure>\n<\/div>\n\n\n\n<div class=\"wp-block-column is-vertically-aligned-center is-layout-flow wp-block-column-is-layout-flow\">\n<p class=\"has-medium-font-size\"><strong>Mika <\/strong><br><strong>Roito<\/strong><\/p>\n\n\n\n<p class=\"has-blue-color has-text-color has-link-color wp-elements-d6ca841ed672638d485a2fe84d9b013b\"><strong>ravintoloitsija<\/strong><\/p>\n\n\n\n<p>Veljekset Ponteva Oy<\/p>\n<\/div>\n<\/div>\n<\/div>\n<\/div>\n\n\n\n<div class=\"wp-block-columns is-layout-flex wp-container-core-columns-is-layout-9d6595d7 wp-block-columns-is-layout-flex\">\n<div class=\"wp-block-column is-layout-flow wp-block-column-is-layout-flow\">\n<div class=\"wp-block-columns is-layout-flex wp-container-core-columns-is-layout-9d6595d7 wp-block-columns-is-layout-flex\">\n<div class=\"wp-block-column is-vertically-aligned-top is-layout-flow wp-block-column-is-layout-flow\">\n<figure class=\"wp-block-image size-full\"><img loading=\"lazy\" decoding=\"async\" width=\"700\" height=\"705\" src=\"https:\/\/rakastampere.fi\/jasenille\/wp-content\/uploads\/sites\/2\/2025\/05\/sara.png\" alt=\"\" class=\"wp-image-1500\" srcset=\"https:\/\/rakastampere.fi\/jasenille\/wp-content\/uploads\/sites\/2\/2025\/05\/sara.png 700w, https:\/\/rakastampere.fi\/jasenille\/wp-content\/uploads\/sites\/2\/2025\/05\/sara-160x160.png 160w\" sizes=\"auto, (max-width: 700px) 100vw, 700px\" \/><\/figure>\n<\/div>\n\n\n\n<div class=\"wp-block-column is-vertically-aligned-center is-layout-flow wp-block-column-is-layout-flow\">\n<p class=\"has-medium-font-size\"><strong>Tarja <\/strong><br><strong>Sara<\/strong><\/p>\n\n\n\n<p class=\"has-blue-color has-text-color has-link-color wp-elements-87c21dca0c33c9ec2ac42e58334cf5ae\"><strong>henkil\u00f6st\u00f6- ja viestint\u00e4johtaja<\/strong><\/p>\n\n\n\n<p>Pirkanmaan<br>Osuuspankki<\/p>\n<\/div>\n<\/div>\n<\/div>\n\n\n\n<div class=\"wp-block-column is-layout-flow wp-block-column-is-layout-flow\">\n<div class=\"wp-block-columns is-layout-flex wp-container-core-columns-is-layout-9d6595d7 wp-block-columns-is-layout-flex\">\n<div class=\"wp-block-column is-vertically-aligned-top is-layout-flow wp-block-column-is-layout-flow\">\n<figure class=\"wp-block-image size-full\"><img loading=\"lazy\" decoding=\"async\" width=\"700\" height=\"705\" src=\"https:\/\/rakastampere.fi\/jasenille\/wp-content\/uploads\/sites\/2\/2025\/05\/thure.png\" alt=\"\" class=\"wp-image-1501\" srcset=\"https:\/\/rakastampere.fi\/jasenille\/wp-content\/uploads\/sites\/2\/2025\/05\/thure.png 700w, https:\/\/rakastampere.fi\/jasenille\/wp-content\/uploads\/sites\/2\/2025\/05\/thure-160x160.png 160w\" sizes=\"auto, (max-width: 700px) 100vw, 700px\" \/><\/figure>\n<\/div>\n\n\n\n<div class=\"wp-block-column is-vertically-aligned-center is-layout-flow wp-block-column-is-layout-flow\">\n<p class=\"has-medium-font-size\"><strong>Reeta <\/strong><br><strong>Thure<\/strong><\/p>\n\n\n\n<p class=\"has-blue-color has-text-color has-link-color wp-elements-dd773966aa68faf373c1a0f244f429f5\"><strong>kauppakeskusp\u00e4\u00e4llikk\u00f6 Koskikeskus<\/strong><\/p>\n\n\n\n<p>Citycon Finland Oy<\/p>\n<\/div>\n<\/div>\n<\/div>\n<\/div>\n\n\n\n<div class=\"wp-block-columns is-layout-flex wp-container-core-columns-is-layout-9d6595d7 wp-block-columns-is-layout-flex\">\n<div class=\"wp-block-column is-layout-flow wp-block-column-is-layout-flow\">\n<div class=\"wp-block-columns is-layout-flex wp-container-core-columns-is-layout-9d6595d7 wp-block-columns-is-layout-flex\">\n<div class=\"wp-block-column is-vertically-aligned-top is-layout-flow wp-block-column-is-layout-flow\">\n<figure class=\"wp-block-image size-full\"><img loading=\"lazy\" decoding=\"async\" width=\"919\" height=\"925\" src=\"https:\/\/rakastampere.fi\/jasenille\/wp-content\/uploads\/sites\/2\/2026\/01\/rauvola.png\" alt=\"\" class=\"wp-image-1860\" srcset=\"https:\/\/rakastampere.fi\/jasenille\/wp-content\/uploads\/sites\/2\/2026\/01\/rauvola.png 919w, https:\/\/rakastampere.fi\/jasenille\/wp-content\/uploads\/sites\/2\/2026\/01\/rauvola-795x800.png 795w, https:\/\/rakastampere.fi\/jasenille\/wp-content\/uploads\/sites\/2\/2026\/01\/rauvola-768x773.png 768w, https:\/\/rakastampere.fi\/jasenille\/wp-content\/uploads\/sites\/2\/2026\/01\/rauvola-160x160.png 160w\" sizes=\"auto, (max-width: 919px) 100vw, 919px\" \/><\/figure>\n<\/div>\n\n\n\n<div class=\"wp-block-column is-vertically-aligned-center is-layout-flow wp-block-column-is-layout-flow\">\n<p class=\"has-medium-font-size\"><strong>Katri Rauvola<\/strong><\/p>\n\n\n\n<p class=\"has-blue-color has-text-color has-link-color wp-elements-bd24c26b81c1508eb58621590642d387\"><strong>markkinointiasiantuntija<\/strong><\/p>\n\n\n\n<p>Tampereen kaupunki<\/p>\n<\/div>\n<\/div>\n<\/div>\n\n\n\n<div class=\"wp-block-column is-layout-flow wp-block-column-is-layout-flow\"><\/div>\n<\/div>\n\n\n\n<div class=\"wp-block-columns is-layout-flex wp-container-core-columns-is-layout-9d6595d7 wp-block-columns-is-layout-flex\">\n<div class=\"wp-block-column is-layout-flow wp-block-column-is-layout-flow\">\n<div class=\"wp-block-columns is-layout-flex wp-container-core-columns-is-layout-9d6595d7 wp-block-columns-is-layout-flex\">\n<div class=\"wp-block-column is-vertically-aligned-top is-layout-flow wp-block-column-is-layout-flow\">\n<figure class=\"wp-block-image size-full\"><img loading=\"lazy\" decoding=\"async\" width=\"700\" height=\"705\" src=\"https:\/\/rakastampere.fi\/jasenille\/wp-content\/uploads\/sites\/2\/2025\/05\/toytari.png\" alt=\"\" class=\"wp-image-1465\" srcset=\"https:\/\/rakastampere.fi\/jasenille\/wp-content\/uploads\/sites\/2\/2025\/05\/toytari.png 700w, https:\/\/rakastampere.fi\/jasenille\/wp-content\/uploads\/sites\/2\/2025\/05\/toytari-160x160.png 160w\" sizes=\"auto, (max-width: 700px) 100vw, 700px\" \/><\/figure>\n<\/div>\n\n\n\n<div class=\"wp-block-column is-vertically-aligned-center is-layout-flow wp-block-column-is-layout-flow\">\n<p class=\"has-medium-font-size\"><strong>Riikka T\u00f6yt\u00e4ri<\/strong><\/p>\n\n\n\n<p class=\"has-blue-color has-text-color has-link-color wp-elements-4f0b1b19f397a1f89fe91d61674fdf51\"><strong>Toiminnanjohtaja<\/strong><\/p>\n\n\n\n<p><a href=\"mailto:riikka.toytari@tamperetunnetuksi.fi\">riikka.toytari@tamperetunnetuksi.fi<\/a><br>p. 040 582 1949<br><\/p>\n\n\n\n<p>Tampereen keskusta-alueen kehitt\u00e4minen, j\u00e4senasiat, yhdistyksen hallinto, laskutus, yhteisty\u00f6, Kuninkaankatu<\/p>\n<\/div>\n<\/div>\n<\/div>\n\n\n\n<div class=\"wp-block-column is-layout-flow wp-block-column-is-layout-flow\">\n<div class=\"wp-block-columns is-layout-flex wp-container-core-columns-is-layout-9d6595d7 wp-block-columns-is-layout-flex\">\n<div class=\"wp-block-column is-vertically-aligned-top is-layout-flow wp-block-column-is-layout-flow\">\n<figure class=\"wp-block-image size-full\"><img loading=\"lazy\" decoding=\"async\" width=\"700\" height=\"705\" src=\"https:\/\/rakastampere.fi\/jasenille\/wp-content\/uploads\/sites\/2\/2025\/05\/kormano.png\" alt=\"\" class=\"wp-image-1469\" srcset=\"https:\/\/rakastampere.fi\/jasenille\/wp-content\/uploads\/sites\/2\/2025\/05\/kormano.png 700w, https:\/\/rakastampere.fi\/jasenille\/wp-content\/uploads\/sites\/2\/2025\/05\/kormano-160x160.png 160w\" sizes=\"auto, (max-width: 700px) 100vw, 700px\" \/><\/figure>\n<\/div>\n\n\n\n<div class=\"wp-block-column is-vertically-aligned-center is-layout-flow wp-block-column-is-layout-flow\">\n<p class=\"has-medium-font-size\"><strong>Heidi Kormano<\/strong><\/p>\n\n\n\n<p class=\"has-blue-color has-text-color has-link-color wp-elements-1e89cca443b2662506e4fe16f2d771be\"><strong>Kaupallinen tuottaja<\/strong><\/p>\n\n\n\n<p>heidi.kormano (at) tamperetunnetuksi.fi<br>p. 0400 987850<\/p>\n\n\n\n<p>Rakas Tampere Passi, kampanjat<\/p>\n<\/div>\n<\/div>\n<\/div>\n<\/div>\n\n\n\n<p>Hallituksen sihteerin\u00e4 toimii&nbsp;toiminnanjohtaja, joka huolehtii yhdistyksen operatiivisesta johdosta.<\/p>\n","protected":false},"excerpt":{"rendered":"<p>Tampere Tunnetuksi ry:n hallitus 2026 Marko Laaksonen kauppias K-Supermarket Ratina (puheenjohtaja) Karoliina Lehtonen myynti- ja markkinointip\u00e4\u00e4llikk\u00f6 Tampereen Teatteri (varapuheenjohtaja) Anu Haalahti luova johtaja Palmroth International Noora Heino sales and Marketing Manager at Courtyard Tampere City Heli Jokela markkinointi- ja viestint\u00e4p\u00e4\u00e4llikk\u00f6 Visit Tampere Kirsi Koski toimitusjohtaja TOAS Ari-Pekka Lehtonen aluep\u00e4\u00e4llikk\u00f6 Sponda Oyj Antti Marttila toimitusjohtaja Finnpark [&hellip;]<\/p>\n","protected":false},"author":4,"featured_media":0,"parent":0,"menu_order":0,"comment_status":"closed","ping_status":"closed","template":"wide-template.php","meta":{"_acf_changed":false,"content-type":"","footnotes":""},"class_list":["post-1452","page","type-page","status-publish","hentry"],"acf":[],"aioseo_notices":[],"_links":{"self":[{"href":"https:\/\/rakastampere.fi\/jasenille\/wp-json\/wp\/v2\/pages\/1452","targetHints":{"allow":["GET"]}}],"collection":[{"href":"https:\/\/rakastampere.fi\/jasenille\/wp-json\/wp\/v2\/pages"}],"about":[{"href":"https:\/\/rakastampere.fi\/jasenille\/wp-json\/wp\/v2\/types\/page"}],"author":[{"embeddable":true,"href":"https:\/\/rakastampere.fi\/jasenille\/wp-json\/wp\/v2\/users\/4"}],"replies":[{"embeddable":true,"href":"https:\/\/rakastampere.fi\/jasenille\/wp-json\/wp\/v2\/comments?post=1452"}],"version-history":[{"count":11,"href":"https:\/\/rakastampere.fi\/jasenille\/wp-json\/wp\/v2\/pages\/1452\/revisions"}],"predecessor-version":[{"id":1862,"href":"https:\/\/rakastampere.fi\/jasenille\/wp-json\/wp\/v2\/pages\/1452\/revisions\/1862"}],"wp:attachment":[{"href":"https:\/\/rakastampere.fi\/jasenille\/wp-json\/wp\/v2\/media?parent=1452"}],"curies":[{"name":"wp","href":"https:\/\/api.w.org\/{rel}","templated":true}]}}