{"id":1450,"date":"2025-05-02T11:03:40","date_gmt":"2025-05-02T08:03:40","guid":{"rendered":"https:\/\/rakastampere.fi\/jasenille\/?page_id=1450"},"modified":"2025-05-05T10:23:09","modified_gmt":"2025-05-05T07:23:09","slug":"toimisto","status":"publish","type":"page","link":"https:\/\/rakastampere.fi\/jasenille\/toimisto\/","title":{"rendered":"Toimisto"},"content":{"rendered":"\n<div class=\"wp-block-columns is-layout-flex wp-container-core-columns-is-layout-9d6595d7 wp-block-columns-is-layout-flex\">\n<div class=\"wp-block-column is-layout-flow wp-block-column-is-layout-flow\">\n<div class=\"wp-block-columns is-layout-flex wp-container-core-columns-is-layout-9d6595d7 wp-block-columns-is-layout-flex\">\n<div class=\"wp-block-column is-layout-flow wp-block-column-is-layout-flow\">\n<p><strong>Tampere Tunnetuksi ry<\/strong><br>Viinikankatu 47<br>33800 Tampere<br><a href=\"mailto:toimisto@tamperetunnetuksi.fi\">toimisto@tamperetunnetuksi.fi<\/a><\/p>\n<\/div>\n\n\n\n<div class=\"wp-block-column is-layout-flow wp-block-column-is-layout-flow\">\n<p><strong>S\u00e4hk\u00f6inen laskutusosoite<\/strong><br>Verkkolaskuosoite\/OVT-tunnus: 003702915407<strong><br><\/strong>V\u00e4litt\u00e4j\u00e4: Apix Messaging Oy,&nbsp;003723327487<br>Y-tunnus: 0291540-7<\/p>\n<\/div>\n<\/div>\n<\/div>\n\n\n\n<div class=\"wp-block-column is-layout-flow wp-block-column-is-layout-flow\"><\/div>\n<\/div>\n\n\n\n<div style=\"height:30px\" aria-hidden=\"true\" class=\"wp-block-spacer\"><\/div>\n\n\n\n<div class=\"wp-block-columns is-layout-flex wp-container-core-columns-is-layout-9d6595d7 wp-block-columns-is-layout-flex\">\n<div class=\"wp-block-column is-layout-flow wp-block-column-is-layout-flow\">\n<div class=\"wp-block-columns is-layout-flex wp-container-core-columns-is-layout-9d6595d7 wp-block-columns-is-layout-flex\">\n<div class=\"wp-block-column is-vertically-aligned-top is-layout-flow wp-block-column-is-layout-flow\">\n<figure class=\"wp-block-image size-full\"><img loading=\"lazy\" decoding=\"async\" width=\"700\" height=\"705\" src=\"https:\/\/rakastampere.fi\/jasenille\/wp-content\/uploads\/sites\/2\/2025\/05\/toytari.png\" alt=\"\" class=\"wp-image-1465\" srcset=\"https:\/\/rakastampere.fi\/jasenille\/wp-content\/uploads\/sites\/2\/2025\/05\/toytari.png 700w, https:\/\/rakastampere.fi\/jasenille\/wp-content\/uploads\/sites\/2\/2025\/05\/toytari-160x160.png 160w\" sizes=\"auto, (max-width: 700px) 100vw, 700px\" \/><\/figure>\n<\/div>\n\n\n\n<div class=\"wp-block-column is-vertically-aligned-top is-layout-flow wp-block-column-is-layout-flow\">\n<p class=\"has-medium-font-size\"><strong>Riikka T\u00f6yt\u00e4ri<\/strong><\/p>\n\n\n\n<p class=\"has-blue-color has-text-color has-link-color wp-elements-4f0b1b19f397a1f89fe91d61674fdf51\"><strong>Toiminnanjohtaja<\/strong><\/p>\n\n\n\n<p><a href=\"mailto:riikka.toytari@tamperetunnetuksi.fi\">riikka.toytari@tamperetunnetuksi.fi<\/a><br>p. 040 582 1949<br><\/p>\n\n\n\n<p>Tampereen keskusta-alueen kehitt\u00e4minen, j\u00e4senasiat, yhdistyksen hallinto, laskutus, yhteisty\u00f6, Kuninkaankatu<\/p>\n<\/div>\n<\/div>\n<\/div>\n\n\n\n<div class=\"wp-block-column is-layout-flow wp-block-column-is-layout-flow\">\n<div class=\"wp-block-columns is-layout-flex wp-container-core-columns-is-layout-9d6595d7 wp-block-columns-is-layout-flex\">\n<div class=\"wp-block-column is-vertically-aligned-top is-layout-flow wp-block-column-is-layout-flow\">\n<figure class=\"wp-block-image size-full\"><img loading=\"lazy\" decoding=\"async\" width=\"700\" height=\"705\" src=\"https:\/\/rakastampere.fi\/jasenille\/wp-content\/uploads\/sites\/2\/2025\/05\/kormano.png\" alt=\"\" class=\"wp-image-1469\" srcset=\"https:\/\/rakastampere.fi\/jasenille\/wp-content\/uploads\/sites\/2\/2025\/05\/kormano.png 700w, https:\/\/rakastampere.fi\/jasenille\/wp-content\/uploads\/sites\/2\/2025\/05\/kormano-160x160.png 160w\" sizes=\"auto, (max-width: 700px) 100vw, 700px\" \/><\/figure>\n<\/div>\n\n\n\n<div class=\"wp-block-column is-vertically-aligned-top is-layout-flow wp-block-column-is-layout-flow\">\n<p class=\"has-medium-font-size\"><strong>Heidi Kormano<\/strong><\/p>\n\n\n\n<p class=\"has-blue-color has-text-color has-link-color wp-elements-1e89cca443b2662506e4fe16f2d771be\"><strong>Kaupallinen tuottaja<\/strong><\/p>\n\n\n\n<p>heidi.kormano (at) tamperetunnetuksi.fi<br>p. 0400 987850<\/p>\n\n\n\n<p>Rakas Tampere Passi, kampanjat<\/p>\n<\/div>\n<\/div>\n<\/div>\n<\/div>\n\n\n\n<p><\/p>\n\n\n\n<p><\/p>\n","protected":false},"excerpt":{"rendered":"<p>Tampere Tunnetuksi ryViinikankatu 4733800 Tamperetoimisto@tamperetunnetuksi.fi S\u00e4hk\u00f6inen laskutusosoiteVerkkolaskuosoite\/OVT-tunnus: 003702915407V\u00e4litt\u00e4j\u00e4: Apix Messaging Oy,&nbsp;003723327487Y-tunnus: 0291540-7 Riikka T\u00f6yt\u00e4ri Toiminnanjohtaja riikka.toytari@tamperetunnetuksi.fip. 040 582 1949 Tampereen keskusta-alueen kehitt\u00e4minen, j\u00e4senasiat, yhdistyksen hallinto, laskutus, yhteisty\u00f6, Kuninkaankatu Heidi Kormano Kaupallinen tuottaja heidi.kormano (at) tamperetunnetuksi.fip. 0400 987850 Rakas Tampere Passi, kampanjat<\/p>\n","protected":false},"author":4,"featured_media":0,"parent":0,"menu_order":0,"comment_status":"closed","ping_status":"closed","template":"wide-template.php","meta":{"_acf_changed":false,"content-type":"","footnotes":""},"class_list":["post-1450","page","type-page","status-publish","hentry"],"acf":[],"aioseo_notices":[],"_links":{"self":[{"href":"https:\/\/rakastampere.fi\/jasenille\/wp-json\/wp\/v2\/pages\/1450","targetHints":{"allow":["GET"]}}],"collection":[{"href":"https:\/\/rakastampere.fi\/jasenille\/wp-json\/wp\/v2\/pages"}],"about":[{"href":"https:\/\/rakastampere.fi\/jasenille\/wp-json\/wp\/v2\/types\/page"}],"author":[{"embeddable":true,"href":"https:\/\/rakastampere.fi\/jasenille\/wp-json\/wp\/v2\/users\/4"}],"replies":[{"embeddable":true,"href":"https:\/\/rakastampere.fi\/jasenille\/wp-json\/wp\/v2\/comments?post=1450"}],"version-history":[{"count":15,"href":"https:\/\/rakastampere.fi\/jasenille\/wp-json\/wp\/v2\/pages\/1450\/revisions"}],"predecessor-version":[{"id":1485,"href":"https:\/\/rakastampere.fi\/jasenille\/wp-json\/wp\/v2\/pages\/1450\/revisions\/1485"}],"wp:attachment":[{"href":"https:\/\/rakastampere.fi\/jasenille\/wp-json\/wp\/v2\/media?parent=1450"}],"curies":[{"name":"wp","href":"https:\/\/api.w.org\/{rel}","templated":true}]}}