{"id":1430,"date":"2025-04-23T13:25:19","date_gmt":"2025-04-23T10:25:19","guid":{"rendered":"https:\/\/rakastampere.fi\/jasenille\/?page_id=1430"},"modified":"2025-08-21T14:18:52","modified_gmt":"2025-08-21T11:18:52","slug":"susijengi-tampereella","status":"publish","type":"page","link":"https:\/\/rakastampere.fi\/jasenille\/susijengi-tampereella\/","title":{"rendered":"Susijengi Tampereella"},"content":{"rendered":"\n<h3 class=\"wp-block-heading\">Tampere says AAUUU!<\/h3>\n\n\n\n<p>Rakas Tampere yritysyhteis\u00f6 (Tampere Tunnetuksi), Tampereen kaupunki ja Suomen Koripalloliitto kutsuu kaikki Tampereen keskustan yritykset hurraamaan Susijengille ja tulemaan mukaan koripallon EM-kisojen hurmokseen!<\/p>\n\n\n\n<p>Tampere Says AAUUU! -kampanja ja kampanjamateriaalit on valmisteltu teille yritykset, ett\u00e4 voitte helposti somistaa liiketilaanne, n\u00e4ky\u00e4 somessa ja laittaa digipintanne korishuumaan.<\/p>\n\n\n\n<p>Tampereella pelit kest\u00e4v\u00e4t kahdeksan p\u00e4iv\u00e4\u00e4, eli viisi ottelup\u00e4iv\u00e4\u00e4 ja kolme v\u00e4lip\u00e4iv\u00e4\u00e4. Monet ulkomailta tulevat katsojat ovat ostaneet kaikkiin otteluihin liput ja v\u00e4lip\u00e4ivin\u00e4 lomaillaan aktiivisesti Tampereella.<\/p>\n\n\n\n<p>Koripallon fanit tulevat seuraamaan perheineen kisoja ja matka on monesti perheen kes\u00e4lomamatka, eli hyvin erilainen k\u00e4vij\u00e4profiili kuin j\u00e4\u00e4kiekon mm-kilpailuissa.<\/p>\n\n\n\n<p>Suosittelemme hyvin vahvasti keksim\u00e4\u00e4n oheisohjelmaa korismatkailijoille ja huomioimaan korisfanit.<\/p>\n\n\n\n<p>T\u00e4h\u00e4n tueksi tarjoamme Tampere Says AAUUU! -kampanjamateriaalia joka on tehty Tampereen yrityksille vapaasti hy\u00f6dynnett\u00e4v\u00e4ksi.<\/p>\n\n\n\n<p><strong>Miten ilmoitan ett\u00e4 olemme mukana?<\/strong><br>? T\u00e4yt\u00e4 t\u00e4m\u00e4 lomake:&nbsp;<a href=\"https:\/\/www.basket.fi\/rakastampere\">https:\/\/www.basket.fi\/rakastampere<\/a><br>? Mukana olevien yrityksien nimi mainitaan Keskustorin j\u00e4ttiskriinill\u00e4<\/p>\n\n\n\n<p><strong>Miten saan Tampere Says Aauu! -julisteita?<\/strong><br>? Painovalmiit materiaalit l\u00f6ytyv\u00e4t RakasTampere -sivuilta (<a href=\"https:\/\/rakastampere.fi\/jasenille\/susijengi-tampereella\/materiaalit\/\" target=\"_blank\" rel=\"noopener\" title=\"\">linkki<\/a>) &#8211; voit tulostaa siis itse ne.<br>? Tai voit my\u00f6s soittaa A-Printtiin (<a href=\"https:\/\/www.a-print.fi\/yhteystiedot\/\" target=\"_blank\" rel=\"noopener\" title=\"\">linkki<\/a>) ja tilata sielt\u00e4.<\/p>\n\n\n\n<p><strong>Some -pohjat<\/strong><br>? Tampere Says Aauu! -somepostauspohjat saat Rakas Tampere -sivuilta (<a href=\"https:\/\/rakastampere.fi\/jasenille\/susijengi-tampereella\/materiaalit\/\" target=\"_blank\" rel=\"noopener\" title=\"\">linkki<\/a>) k\u00e4ytt\u00f6\u00f6si.<\/p>\n\n\n\n<p><strong>Kun j\u00e4rjest\u00e4t koristeemaista ohjelmaa&nbsp;<\/strong><br>? Ilmoita Riikka T\u00f6yt\u00e4rille kun keksit ja j\u00e4rjest\u00e4tte Koris \/ Susijengi -teemaista ohjelmaa niin saamme nostettua niit\u00e4 esiin!&nbsp;<\/p>\n\n\n\n<p><\/p>\n\n\n\n<p><\/p>\n\n\n\n<p><\/p>\n\n\n\n<p>Tutustu kampanjamateriaaliin:<\/p>\n\n\n\n<div data-wp-interactive=\"core\/file\" class=\"wp-block-file\"><object data-wp-bind--hidden=\"!state.hasPdfPreview\" hidden class=\"wp-block-file__embed\" data=\"https:\/\/rakastampere.fi\/jasenille\/wp-content\/uploads\/sites\/2\/2025\/05\/Tampere-says-AAUUU-kampanja.pdf\" type=\"application\/pdf\" style=\"width:100%;height:600px\" aria-label=\"Tiedoston Tampere says AAUUU kampanja upotus.\"><\/object><a id=\"wp-block-file--media-81ce356f-fb45-4c0e-bc9e-6379c92cae15\" href=\"https:\/\/rakastampere.fi\/jasenille\/wp-content\/uploads\/sites\/2\/2025\/05\/Tampere-says-AAUUU-kampanja.pdf\">Tampere says AAUUU kampanja<\/a><a href=\"https:\/\/rakastampere.fi\/jasenille\/wp-content\/uploads\/sites\/2\/2025\/05\/Tampere-says-AAUUU-kampanja.pdf\" class=\"wp-block-file__button wp-element-button\" download aria-describedby=\"wp-block-file--media-81ce356f-fb45-4c0e-bc9e-6379c92cae15\">Lataa<\/a><\/div>\n\n\n\n<p><\/p>\n\n\n\n<p>Lis\u00e4tiedot:<\/p>\n\n\n\n<p><strong>Tampere Tunnetuksi ry<\/strong> &gt; Riikka T\u00f6yt\u00e4ri (<a href=\"https:\/\/rakastampere.fi\/jasenille\/toimisto\/\" target=\"_blank\" rel=\"noopener\" title=\"\">yhteystiedot<\/a>)<\/p>\n\n\n\n<p><strong>Tampereen kaupunki <\/strong>&gt; Saara Saarteinen (<a href=\"https:\/\/www.tampere.fi\/tapahtumajarjestajille\/ota-yhteytta-tapahtumapalveluihin\" target=\"_blank\" rel=\"noopener\" title=\"\">yhteystiedot<\/a>)<\/p>\n\n\n\n<p><strong>Suomen Koripalloliitto<\/strong> &gt; Ari Tammivaara (<a href=\"https:\/\/www.basket.fi\/basket\/info\/yhteystiedot\/koripalloliitto\/\" target=\"_blank\" rel=\"noopener\" title=\"\">yhteystiedot<\/a>)<\/p>\n","protected":false},"excerpt":{"rendered":"<p>Tampere says AAUUU! Rakas Tampere yritysyhteis\u00f6 (Tampere Tunnetuksi), Tampereen kaupunki ja Suomen Koripalloliitto kutsuu kaikki Tampereen keskustan yritykset hurraamaan Susijengille ja tulemaan mukaan koripallon EM-kisojen hurmokseen! Tampere Says AAUUU! -kampanja ja kampanjamateriaalit on valmisteltu teille yritykset, ett\u00e4 voitte helposti somistaa liiketilaanne, n\u00e4ky\u00e4 somessa ja laittaa digipintanne korishuumaan. Tampereella pelit kest\u00e4v\u00e4t kahdeksan p\u00e4iv\u00e4\u00e4, eli viisi ottelup\u00e4iv\u00e4\u00e4 [&hellip;]<\/p>\n","protected":false},"author":4,"featured_media":0,"parent":0,"menu_order":0,"comment_status":"closed","ping_status":"closed","template":"","meta":{"_acf_changed":false,"content-type":"","footnotes":""},"class_list":["post-1430","page","type-page","status-publish","hentry"],"acf":[],"aioseo_notices":[],"_links":{"self":[{"href":"https:\/\/rakastampere.fi\/jasenille\/wp-json\/wp\/v2\/pages\/1430","targetHints":{"allow":["GET"]}}],"collection":[{"href":"https:\/\/rakastampere.fi\/jasenille\/wp-json\/wp\/v2\/pages"}],"about":[{"href":"https:\/\/rakastampere.fi\/jasenille\/wp-json\/wp\/v2\/types\/page"}],"author":[{"embeddable":true,"href":"https:\/\/rakastampere.fi\/jasenille\/wp-json\/wp\/v2\/users\/4"}],"replies":[{"embeddable":true,"href":"https:\/\/rakastampere.fi\/jasenille\/wp-json\/wp\/v2\/comments?post=1430"}],"version-history":[{"count":18,"href":"https:\/\/rakastampere.fi\/jasenille\/wp-json\/wp\/v2\/pages\/1430\/revisions"}],"predecessor-version":[{"id":1656,"href":"https:\/\/rakastampere.fi\/jasenille\/wp-json\/wp\/v2\/pages\/1430\/revisions\/1656"}],"wp:attachment":[{"href":"https:\/\/rakastampere.fi\/jasenille\/wp-json\/wp\/v2\/media?parent=1430"}],"curies":[{"name":"wp","href":"https:\/\/api.w.org\/{rel}","templated":true}]}}