{"id":1323,"date":"2025-03-26T14:37:17","date_gmt":"2025-03-26T12:37:17","guid":{"rendered":"https:\/\/rakastampere.fi\/jasenille\/?page_id=1323"},"modified":"2025-03-26T16:07:11","modified_gmt":"2025-03-26T14:07:11","slug":"koulutus-google-business-profile","status":"publish","type":"page","link":"https:\/\/rakastampere.fi\/jasenille\/koulutus-google-business-profile\/","title":{"rendered":"Viiden t\u00e4hden palvelua keskustasta:"},"content":{"rendered":"\n<h2 class=\"wp-block-heading\">Miten pyyd\u00e4n palautetta ja miten otan hy\u00f6dyn irti Google Business Profile -palvelusta? Tule oppimaan!<\/h2>\n\n\n\n<p><\/p>\n\n\n\n<p><strong>Google Business Profile-koulutus (maksuton)<\/strong><br>keskiviikko 16.4.2025 <br>kello 9.00 &#8211; 9.50<br>Verkkokoulutus (Google meet -sovelluksessa)<\/p>\n\n\n\n<p><strong>Koulutuksen aihe:<\/strong><br>Kivijalan n\u00e4kyminen verkossa ja asiakaskokemuksen hallinta Google Business Profile-palvelun avulla<\/p>\n\n\n\n<p><strong>Koulutuksen sis\u00e4lt\u00f6:<\/strong><\/p>\n\n\n\n<ul class=\"wp-block-list\">\n<li>Google Business Profile-profiili: mik\u00e4 se on ja mist\u00e4 se tehd\u00e4\u00e4n.<\/li>\n\n\n\n<li>Mit\u00e4 Google Business Profileen kannattaa laittaa ja mit\u00e4 tietoja p\u00e4ivitt\u00e4\u00e4.<\/li>\n\n\n\n<li>Asiakasarvosteluiden ker\u00e4\u00e4misen merkitys: kuinka ker\u00e4\u00e4t arvosteluja ja hallitset kiper\u00e4t tilanteet.<\/li>\n<\/ul>\n\n\n\n<p><br>Et\u00e4koulutuksessa <a href=\"https:\/\/kansleri.fi\/digitoimisto-tampere\/juho-liljeroos\/\" target=\"_blank\" rel=\"noopener\" title=\"\">Juho Liljeroos<\/a> n\u00e4ytt\u00e4\u00e4, miten hommaa laitetaan kuntoon ja antaa taktisia vinkkej\u00e4 digitaalisen n\u00e4kyvyyden parantamiseen.<\/p>\n\n\n\n<p>Tampere Tunnetuksi j\u00e4rjest\u00e4\u00e4 j\u00e4senilleen maksuttoman koulutuksen, jossa pureudutaan Google Business Profile-palveluun. Googlen hakukoneen kautta edet\u00e4\u00e4n tuttujenkin yritysten kotisivuille ja tarkistetaan, ett\u00e4 mik\u00e4s osoite oli tai moneen palvelu on t\u00e4n\u00e4\u00e4n avoinna.<\/p>\n\n\n\n<h4 class=\"wp-block-heading\">T\u00e4m\u00e4n koulutuksen j\u00e4lkeen muistuu mieleen, miten oman yrityksen tietoja hallitaan googlessa sek\u00e4 miten googlen ker\u00e4\u00e4m\u00e4 palaute (reviews) toimii. <\/h4>\n\n\n\n<p>Tuttu Google-kouluttajamme Juho osaa vinkata my\u00f6s, miten verkossa kannattaa reagoida erilaisiin palautteisiin. Juholta on mahdollisuus tilata my\u00f6s henkil\u00f6kohtaista Google-apua j\u00e4senhintaan.<\/p>\n\n\n\n<div class=\"wp-block-media-text is-stacked-on-mobile\" style=\"grid-template-columns:32% auto\"><figure class=\"wp-block-media-text__media\"><img loading=\"lazy\" decoding=\"async\" width=\"740\" height=\"1024\" src=\"https:\/\/rakastampere.fi\/jasenille\/wp-content\/uploads\/sites\/2\/2024\/03\/juho-L-740x1024.jpg\" alt=\"\" class=\"wp-image-827 size-full\" srcset=\"https:\/\/rakastampere.fi\/jasenille\/wp-content\/uploads\/sites\/2\/2024\/03\/juho-L-740x1024.jpg 740w, https:\/\/rakastampere.fi\/jasenille\/wp-content\/uploads\/sites\/2\/2024\/03\/juho-L-578x800.jpg 578w, https:\/\/rakastampere.fi\/jasenille\/wp-content\/uploads\/sites\/2\/2024\/03\/juho-L-768x1063.jpg 768w, https:\/\/rakastampere.fi\/jasenille\/wp-content\/uploads\/sites\/2\/2024\/03\/juho-L-1109x1536.jpg 1109w, https:\/\/rakastampere.fi\/jasenille\/wp-content\/uploads\/sites\/2\/2024\/03\/juho-L-1200x1662.jpg 1200w, https:\/\/rakastampere.fi\/jasenille\/wp-content\/uploads\/sites\/2\/2024\/03\/juho-L.jpg 1300w\" sizes=\"auto, (max-width: 740px) 100vw, 740px\" \/><\/figure><div class=\"wp-block-media-text__content\">\n<p><\/p>\n\n\n\n<p>Koulutuksen pit\u00e4\u00e4 Kasvuasiantoimisto Kansleri Oy toimitusjohtaja Juho Liljeroos, DI. <\/p>\n\n\n\n<p>Juholla on pitk\u00e4 kokemus myynnist\u00e4 ja markkinoinnista. Koulutuksia h\u00e4n on pit\u00e4nyt palvelumuotoilun, myynnin ja markkinoinnin alalta vajaat 10 vuotta opettaen muun muassa Tampereen yliopistossa vierailijana. H\u00e4n pit\u00e4\u00e4 yksityisi\u00e4 koulutuksia niin julkiselle kuin yksityiselle puolelle.<\/p>\n<\/div><\/div>\n\n\n\n<p class=\"has-white-color has-blue-background-color has-text-color has-background has-link-color has-medium-font-size wp-elements-f70ee7067852460de5a0693aee90e1a9\"><strong>Google Business Profile on Googlen tarjoama ilmainen ty\u00f6kalu, jonka avulla yritykset voivat hallinnoida verkossa n\u00e4kyvyytt\u00e4\u00e4n Googlen palveluissa, kuten Google-hakutuloksissa ja Google Mapsissa. Ty\u00f6kalun tarkoituksena on auttaa yrityksi\u00e4 tavoittamaan asiakkaita ja tarjoamaan heille t\u00e4rkeit\u00e4 tietoja, kuten nimen, osoitteen ja aukioloajat sek\u00e4  asiakaspalautteet. N\u00e4kyyh\u00e4n yrityksesi Googlessa parhaimmalla mahdollisella tavalla? <\/strong><\/p>\n\n\n\n","protected":false},"excerpt":{"rendered":"<p>Miten pyyd\u00e4n palautetta ja miten otan hy\u00f6dyn irti Google Business Profile -palvelusta? Tule oppimaan! Google Business Profile-koulutus (maksuton)keskiviikko 16.4.2025 kello 9.00 &#8211; 9.50Verkkokoulutus (Google meet -sovelluksessa) Koulutuksen aihe:Kivijalan n\u00e4kyminen verkossa ja asiakaskokemuksen hallinta Google Business Profile-palvelun avulla Koulutuksen sis\u00e4lt\u00f6: Et\u00e4koulutuksessa Juho Liljeroos n\u00e4ytt\u00e4\u00e4, miten hommaa laitetaan kuntoon ja antaa taktisia vinkkej\u00e4 digitaalisen n\u00e4kyvyyden parantamiseen. Tampere [&hellip;]<\/p>\n","protected":false},"author":4,"featured_media":823,"parent":0,"menu_order":0,"comment_status":"closed","ping_status":"closed","template":"","meta":{"_acf_changed":false,"content-type":"","footnotes":""},"class_list":["post-1323","page","type-page","status-publish","has-post-thumbnail","hentry"],"acf":[],"aioseo_notices":[],"_links":{"self":[{"href":"https:\/\/rakastampere.fi\/jasenille\/wp-json\/wp\/v2\/pages\/1323","targetHints":{"allow":["GET"]}}],"collection":[{"href":"https:\/\/rakastampere.fi\/jasenille\/wp-json\/wp\/v2\/pages"}],"about":[{"href":"https:\/\/rakastampere.fi\/jasenille\/wp-json\/wp\/v2\/types\/page"}],"author":[{"embeddable":true,"href":"https:\/\/rakastampere.fi\/jasenille\/wp-json\/wp\/v2\/users\/4"}],"replies":[{"embeddable":true,"href":"https:\/\/rakastampere.fi\/jasenille\/wp-json\/wp\/v2\/comments?post=1323"}],"version-history":[{"count":11,"href":"https:\/\/rakastampere.fi\/jasenille\/wp-json\/wp\/v2\/pages\/1323\/revisions"}],"predecessor-version":[{"id":1337,"href":"https:\/\/rakastampere.fi\/jasenille\/wp-json\/wp\/v2\/pages\/1323\/revisions\/1337"}],"wp:featuredmedia":[{"embeddable":true,"href":"https:\/\/rakastampere.fi\/jasenille\/wp-json\/wp\/v2\/media\/823"}],"wp:attachment":[{"href":"https:\/\/rakastampere.fi\/jasenille\/wp-json\/wp\/v2\/media?parent=1323"}],"curies":[{"name":"wp","href":"https:\/\/api.w.org\/{rel}","templated":true}]}}