{"id":1059,"date":"2024-10-03T14:08:40","date_gmt":"2024-10-03T11:08:40","guid":{"rendered":"https:\/\/rakastampere.fi\/jasenille\/?page_id=1059"},"modified":"2024-11-11T13:12:14","modified_gmt":"2024-11-11T11:12:14","slug":"digi-rakas-tampere-nakyvyytta-jouluna-2024","status":"publish","type":"page","link":"https:\/\/rakastampere.fi\/jasenille\/digi-rakas-tampere-nakyvyytta-jouluna-2024\/","title":{"rendered":"Digi-Rakas Tampere &#8211; n\u00e4kyvyytt\u00e4 jouluna 2024"},"content":{"rendered":"\n<div class=\"wp-block-media-text is-stacked-on-mobile has-medium-font-size\" style=\"grid-template-columns:35% auto\"><figure class=\"wp-block-media-text__media\"><img loading=\"lazy\" decoding=\"async\" width=\"1024\" height=\"682\" src=\"https:\/\/rakastampere.fi\/jasenille\/wp-content\/uploads\/sites\/2\/2024\/09\/Joulunavaus2021_Annapastak_3953.jpg\" alt=\"\" class=\"wp-image-1065 size-full\" srcset=\"https:\/\/rakastampere.fi\/jasenille\/wp-content\/uploads\/sites\/2\/2024\/09\/Joulunavaus2021_Annapastak_3953.jpg 1024w, https:\/\/rakastampere.fi\/jasenille\/wp-content\/uploads\/sites\/2\/2024\/09\/Joulunavaus2021_Annapastak_3953-800x533.jpg 800w, https:\/\/rakastampere.fi\/jasenille\/wp-content\/uploads\/sites\/2\/2024\/09\/Joulunavaus2021_Annapastak_3953-768x512.jpg 768w\" sizes=\"auto, (max-width: 1024px) 100vw, 1024px\" \/><\/figure><div class=\"wp-block-media-text__content\">\n<p><strong>Ilmoittaudu mukaan yhdistyksen digikampanjaan jouluna 2024<\/strong>. <strong>Digimainokset ohjaavat asiakkaat suoraan liikkeen omille verkkosivuille.<\/strong><\/p>\n\n\n\n<p><strong>Sanoman kanaviin suunnattu yhteiskampanja k\u00e4ynnistyy marraskuun viimeisell\u00e4 viikolla. Valikoi oman budjettisi mukaisesti, sill\u00e4 hintaluokkia on kolme!<\/strong><\/p>\n<\/div><\/div>\n\n\n\n<p>Tampere Tunnetuksi ry:n joulukampanjointi n\u00e4kyy t\u00e4n\u00e4 vuonna digin\u00e4! Sanoma Medialta tilattuun ja yhdistyksen j\u00e4senille <strong>r\u00e4\u00e4t\u00e4l\u00f6ityyn<\/strong> yhteiskampanjaan voi ostaa n\u00e4kyvyytt\u00e4 kolmella erilaisella budjetilla. <\/p>\n\n\n\n<h3 class=\"wp-block-heading\">Ilmoittautuminen on sulkeutunut! \/ ENSI VUONNA UUSI YRITYS<\/h3>\n\n\n\n<h4 class=\"wp-block-heading has-white-color has-green-background-color has-text-color has-background has-link-color wp-elements-c92b095aea4324ff85993198391a158f\">Kampanjassa Sanoman kanavissa n\u00e4yt jatkuvasti, mutta maksat vain silloin, kun joku klikkaa auki mainokseen liitetyn verkkosivun. Mainoksesi Sanoman kanavissa on k\u00e4ynniss\u00e4, kunnes klikkausten m\u00e4\u00e4r\u00e4 saavuttaa asettamasi hintakaton. Yksi klikkaus maksaa 60 sentti\u00e4. <\/h4>\n\n\n\n<p>T\u00e4ll\u00f6in siis esimerkiksi 500 \u20ac + alvin kampanjoinnilla hankit liikkeellesi 750 ostoherkk\u00e4\u00e4 asiakasta. HUOM! J\u00e4rjestelm\u00e4 py\u00f6ritt\u00e4\u00e4 mainosta niin tehokkaasti, ett\u00e4 se klikataan auki annetun arvion mukaisesti kampanja-ajan puitteissa. Jos nyt jostain syyst\u00e4 arvio ei t\u00e4yty, erotus korvataan asiakkaalle.<\/p>\n\n\n\n<h2 class=\"wp-block-heading\">Kampanjavaihtoehtosi:<\/h2>\n\n\n\n<h4 class=\"wp-block-heading\"><strong>A. 500 \u20ac + alv <\/strong><\/h4>\n\n\n\n<ul class=\"wp-block-list\">\n<li>Kampanja-ajankohta (2 viikkoa)&nbsp; 18.11.2024-01.12.2024 tai 02.12.2024-15.12.2024<\/li>\n\n\n\n<li>N\u00e4kyvyys Sanoman kanavissa <strong>Tampereella<\/strong>. Klikkihinta 0,60\u20ac kpl. N\u00e4ytt\u00f6m\u00e4\u00e4r\u00e4arvio 200 000. Klikkim\u00e4\u00e4r\u00e4 arvio 750. <\/li>\n\n\n\n<li>Hinta 500 euroa + alv<\/li>\n<\/ul>\n\n\n\n<h4 class=\"wp-block-heading\">B<strong>. 950 \u20ac + alv <\/strong><\/h4>\n\n\n\n<ul class=\"wp-block-list\">\n<li>Kampanja-ajankohta (4 viikkoa) 18.11.2024 -15.12.2024<\/li>\n\n\n\n<li>N\u00e4kyvyys Sanoman kanavissa <strong>Tampereella<\/strong>. Klikkihinta 0,60\u20ac kpl. N\u00e4ytt\u00f6m\u00e4\u00e4r\u00e4arvio 500 000. Klikkim\u00e4\u00e4r\u00e4 arvio 1500. <\/li>\n\n\n\n<li>Hinta 950 euroa + alv<\/li>\n<\/ul>\n\n\n\n<h4 class=\"wp-block-heading\"><strong>C. 1850 \u20ac + alv<\/strong><\/h4>\n\n\n\n<ul class=\"wp-block-list\">\n<li>Kampanja-ajankohta (4 viikkoa) 18.11.2024-15.12.2024<\/li>\n\n\n\n<li>N\u00e4kyvyys Sanoman kanavissa valinnaisesti<strong> Tampereella tai Pirkanmaalla<\/strong>. Klikkihinta 0,60\u20ac kpl. N\u00e4ytt\u00f6m\u00e4\u00e4r\u00e4arvio 1 miljoona. Klikkim\u00e4\u00e4r\u00e4 arvio 3000. <\/li>\n\n\n\n<li>Hinta 1850 euroa + alv<\/li>\n<\/ul>\n\n\n\n<p>Sanoma Median ja yhdistyksen digikampanja n\u00e4kyy l\u00e4ht\u00f6kohtaisesti aluerajoituksen mukaisesti kaikissa Sanoma Median sivustoissa ohjautuen hiljalleen niihin kanaviin, joissa mainos klikataan auki eniten. Yksinkertaistettuna t\u00e4m\u00e4 tarkoittaa sit\u00e4, ett\u00e4 hyvin moni kampanja n\u00e4kyy erityisesti Ilta-Sanomien (l\u00e4hes 90%) ja Aamulehden digisivustoilla. Aluerajaus on isointa kampanjakokoa lukuun ottamatta Tampere. <a href=\"https:\/\/media.sanoma.fi\/mediat-palvelut\/sanoman-mediat\/digimedia\" target=\"_blank\" rel=\"noopener\" title=\"\">T\u00e4\u00e4lt\u00e4 n\u00e4et kaikki Sanoman digimediat<\/a><\/p>\n\n\n\n<p><strong>Kampanjassa Rakas Tampere tuottaa kaikille yhteisen pohjakuvan<\/strong>, jonka p\u00e4\u00e4lle jokainen j\u00e4senyritys voi ostaa 3 karusellimaisesti liikkuvaa kuvaa. N\u00e4m\u00e4 kuvat voivat olla tuotekuvia tai tarjoushintakuvia. Ne voivat kertoa yrityksen joulutapahtumista, jouluisesta alueesta tai antaa vain yleist\u00e4 tietoa yrityksen tuotteista tai tarjonnasta. <strong>Jokainen kuva ohjaa haluttaessa liikenteen yrityksen omalle verkkosivulle tai yksitt\u00e4isiin tuotetietoihin.<\/strong><\/p>\n\n\n\n<figure class=\"wp-block-image size-full\"><img loading=\"lazy\" decoding=\"async\" width=\"980\" height=\"400\" src=\"https:\/\/rakastampere.fi\/jasenille\/wp-content\/uploads\/sites\/2\/2024\/10\/rakas-tre_dynaaminen-paraati_980x400px_joulu2024_v02_malli.jpg\" alt=\"\" class=\"wp-image-1118\" srcset=\"https:\/\/rakastampere.fi\/jasenille\/wp-content\/uploads\/sites\/2\/2024\/10\/rakas-tre_dynaaminen-paraati_980x400px_joulu2024_v02_malli.jpg 980w, https:\/\/rakastampere.fi\/jasenille\/wp-content\/uploads\/sites\/2\/2024\/10\/rakas-tre_dynaaminen-paraati_980x400px_joulu2024_v02_malli-800x327.jpg 800w, https:\/\/rakastampere.fi\/jasenille\/wp-content\/uploads\/sites\/2\/2024\/10\/rakas-tre_dynaaminen-paraati_980x400px_joulu2024_v02_malli-768x313.jpg 768w\" sizes=\"auto, (max-width: 980px) 100vw, 980px\" \/><\/figure>\n\n\n\n<h3 class=\"wp-block-heading has-white-color has-blue-background-color has-text-color has-background has-link-color wp-elements-0fb3f1d0186164012512359954cb279e\">Ohjaat liikenteen suoraan yrityksesi verkkosivuille!<\/h3>\n\n\n\n<p class=\"has-small-font-size\"><strong>Esimerkki 1:<\/strong> Tamperelainen tapahtumaj\u00e4rjest\u00e4j\u00e4 &#8221;Joulupukin joulumaa&#8221; on organisoinut jouluksi tapahtuma-alueen, joissa on useita aktiviteetteja. Liike valitsee kampanjahinnan 500 \u20ac + alv ja valitsee kampanja-ajaksi 18.11.2024-01.12.2024. Yritt\u00e4j\u00e4 laittaa karuselliin kuvia, johon graafikko on lis\u00e4nnyt tapahtumap\u00e4iv\u00e4m\u00e4\u00e4ri\u00e4. Klikkaamalla kuvaa saa lis\u00e4tietoa kyseisest\u00e4 tapahtumasta ja p\u00e4\u00e4see suoraan tapahtuman lipunmyyntiin. Otsikoksi mainokseen laitetaan: &#8221;Joulu koko perheelle&#8221;.<\/p>\n\n\n\n<p class=\"has-small-font-size\"><strong>Esimerkki 2<\/strong>. &#8221;Tampereen Kynttil\u00e4kauppa&#8221; ostaa 950\u20ac+alvin kampanjatilan. He l\u00e4hett\u00e4v\u00e4t yhdistykselle m\u00e4\u00e4r\u00e4aikaan menness\u00e4 kolme erilaista kuvaa suosituista kynttil\u00e4malleista. Kynttil\u00e4kauppa ei ole luonut jokaisesta mallista erillist\u00e4 verkkokauppasivua, mutta se ei haittaa, vaan he ohjaavat asiakkaan verkkosivujen etusivulle, joissa on selke\u00e4sti kerrottu, mik\u00e4 liike on ja miten asiakas l\u00f6yt\u00e4\u00e4 ostoksille. Kuvissa oleviin malleihin he voivat liitt\u00e4\u00e4 hintatiedot. Otsikoksi mainokseen he laittavat: &#8221;Kaupungin tunnelmallisimmat lahjat&#8221;.<\/p>\n\n\n\n<p class=\"has-small-font-size\"><strong>Esimerkki 3.<\/strong> &#8221;Ravintola Hyv\u00e4\u00e4 Ruokaa&#8221; on ruokakohde, joka haluaa pidemm\u00e4n ajan huomiota my\u00f6s joululomailua silm\u00e4ll\u00e4 pit\u00e4en. Ravintola ottaa 1850\u20ac + alv n\u00e4kyvyyspaketin koko Pirkanmaalle. Ravintola l\u00e4hett\u00e4\u00e4 yhdistykseen kolme komeaa menukuvaa. Otsikoksi mainokseen he laittavat oman harkitun ja tutun sloganinsa &#8221;Hyv\u00e4\u00e4 Ruokaa vuodesta 2001&#8221;.<\/p>\n\n\n\n<h4 class=\"wp-block-heading\">Katso karusellimallit k\u00e4yt\u00e4nn\u00f6ss\u00e4! <a href=\"https:\/\/demo.pliing.com\/DemoAd\/Ad?I=0413158377897&amp;sizeACM=300x300\" target=\"_blank\" rel=\"noopener\" title=\"\">Mobiilimalli (klik)<\/a> ja <a href=\"https:\/\/demo.pliing.com\/DemoAd\/Ad?I=0628229488056&amp;sizeACM=980x400\" target=\"_blank\" rel=\"noopener\" title=\"\">P\u00f6yt\u00e4konemalli (klik)<\/a><\/h4>\n\n\n\n<p class=\"has-text-align-center has-white-color has-blue-background-color has-text-color has-background has-link-color has-medium-font-size wp-elements-bfc49f512a84704523ce12e8ae1cc2c9\">Yhdistyksen kaupallinen tuottaja toimii apunanne kampanja-aineiston luomisessa! Kysy apua kuviin tai tekstiin kynnyksett\u00e4.<\/p>\n\n\n\n<h2 class=\"wp-block-heading\">Tarvitset kampanjaan:<\/h2>\n\n\n\n<ol class=\"wp-block-list\">\n<li><strong>Otsikon tai kehotetekstin<\/strong> (Kuten mallissa: Lenn\u00e4 Tampereelta helposti ja nopeasti)  <\/li>\n\n\n\n<li><strong>Kolme kuvaa <\/strong>&#8211; yksinkertaisia tuotekuvia tai graafikolla tuotettuja yksityiskohtaisempia tietopaketteja (sama kokoluokka, samaa tyyli\u00e4. Kuten mallissa on samantyylisi\u00e4 kaupunkikuvia. Koko: 222x191px, jpg tai png) <\/li>\n\n\n\n<li><strong>Mahdolliset hintatiedot tuotteisiin tai tarkempi sana.<\/strong> (ei pakollinen. Mallissa on kaupunkien nimet, samalle paikalle voi laittaa hintatiedot.) <\/li>\n\n\n\n<li><strong>Kehotteen alaosan CTA-linkkinappiin<\/strong> ( Kuten mallissa: L\u00e4hde lentoon) <\/li>\n\n\n\n<li><strong>Verkkosivun, jolle liikenne ohjautuu <\/strong>(Joko jokaiseen kuvaan omansa ja\/tai alle yleinen verkkosivuosoite) <\/li>\n<\/ol>\n\n\n\n","protected":false},"excerpt":{"rendered":"<p>Ilmoittaudu mukaan yhdistyksen digikampanjaan jouluna 2024. Digimainokset ohjaavat asiakkaat suoraan liikkeen omille verkkosivuille. Sanoman kanaviin suunnattu yhteiskampanja k\u00e4ynnistyy marraskuun viimeisell\u00e4 viikolla. Valikoi oman budjettisi mukaisesti, sill\u00e4 hintaluokkia on kolme! Tampere Tunnetuksi ry:n joulukampanjointi n\u00e4kyy t\u00e4n\u00e4 vuonna digin\u00e4! Sanoma Medialta tilattuun ja yhdistyksen j\u00e4senille r\u00e4\u00e4t\u00e4l\u00f6ityyn yhteiskampanjaan voi ostaa n\u00e4kyvyytt\u00e4 kolmella erilaisella budjetilla. Ilmoittautuminen on sulkeutunut! \/ [&hellip;]<\/p>\n","protected":false},"author":5,"featured_media":1065,"parent":0,"menu_order":0,"comment_status":"closed","ping_status":"closed","template":"","meta":{"_acf_changed":false,"content-type":"","footnotes":""},"class_list":["post-1059","page","type-page","status-publish","has-post-thumbnail","hentry"],"acf":[],"aioseo_notices":[],"_links":{"self":[{"href":"https:\/\/rakastampere.fi\/jasenille\/wp-json\/wp\/v2\/pages\/1059","targetHints":{"allow":["GET"]}}],"collection":[{"href":"https:\/\/rakastampere.fi\/jasenille\/wp-json\/wp\/v2\/pages"}],"about":[{"href":"https:\/\/rakastampere.fi\/jasenille\/wp-json\/wp\/v2\/types\/page"}],"author":[{"embeddable":true,"href":"https:\/\/rakastampere.fi\/jasenille\/wp-json\/wp\/v2\/users\/5"}],"replies":[{"embeddable":true,"href":"https:\/\/rakastampere.fi\/jasenille\/wp-json\/wp\/v2\/comments?post=1059"}],"version-history":[{"count":18,"href":"https:\/\/rakastampere.fi\/jasenille\/wp-json\/wp\/v2\/pages\/1059\/revisions"}],"predecessor-version":[{"id":1146,"href":"https:\/\/rakastampere.fi\/jasenille\/wp-json\/wp\/v2\/pages\/1059\/revisions\/1146"}],"wp:featuredmedia":[{"embeddable":true,"href":"https:\/\/rakastampere.fi\/jasenille\/wp-json\/wp\/v2\/media\/1065"}],"wp:attachment":[{"href":"https:\/\/rakastampere.fi\/jasenille\/wp-json\/wp\/v2\/media?parent=1059"}],"curies":[{"name":"wp","href":"https:\/\/api.w.org\/{rel}","templated":true}]}}