{"id":100,"date":"2023-05-09T14:02:41","date_gmt":"2023-05-09T11:02:41","guid":{"rendered":"https:\/\/rakastampere.fi\/jasenille\/?page_id=100"},"modified":"2025-04-22T23:22:52","modified_gmt":"2025-04-22T20:22:52","slug":"tietopankki","status":"publish","type":"page","link":"https:\/\/rakastampere.fi\/jasenille\/tietopankki\/","title":{"rendered":"Tietopankki"},"content":{"rendered":"\n<h3 class=\"wp-block-heading\">T\u00e4ss\u00e4 tietoa yrityksille toimimisesta keskusta-alueella:<\/h3>\n\n\n\n<p><strong>Ajankohtaiset rakennusprojektit keskustassa:<\/strong><br>Raitiotien rakentaminen Pirkkala-Linnainmaa (alkoi 11\/2024) <a href=\"https:\/\/pirkkalalinnainmaa.fi\" target=\"_blank\" rel=\"noopener\" title=\"\">&gt;linkki hankkeen sivuille<\/a><br>Tampereen henkil\u00f6ratapiha (alkoi 04\/2025) <a href=\"https:\/\/vayla.fi\/tampereen-henkiloratapiha\" target=\"_blank\" rel=\"noopener\" title=\"\">&gt;linkki projektin sivuille<\/a><br>Puutarhakadun uudistaminen (alkoi 03\/2024) <a href=\"https:\/\/www.tampere.fi\/kaupunkisuunnittelu\/kaupunkiymparisto-uudistuu\/puutarhakadun-uudistaminen\" target=\"_blank\" rel=\"noopener\" title=\"\">&gt;linkki projektin sivuille<\/a><\/p>\n\n\n\n<p><strong>Ajankohtaiset keskustan kehitysprojektit<\/strong>:<br>L\u00e4ntisen keskustan kehitt\u00e4minen &amp; tiedot k\u00e4ynniss\u00e4 olevista kaavahankkeista <a href=\"https:\/\/www.tampere.fi\/kaupunkisuunnittelu\/kaupunkiymparisto-uudistuu\/lantisen-keskustan-kehittaminen\" target=\"_blank\" rel=\"noopener\" title=\"\">&gt;linkki sivuille<\/a><br>Keskustan liikennej\u00e4rjestelm\u00e4n p\u00e4ivitys 2024 <a href=\"https:\/\/www.tampere.fi\/kaupunkisuunnittelu\/kaupunkiymparisto-uudistuu\/keskustan-liikennejarjestelma-suunnitelma\" target=\"_blank\" rel=\"noopener\" title=\"\">&gt;linkki hankkeen sivuille<\/a><br>Kokoava sivu keskustan maanalaisen pys\u00e4k\u00f6innin kehitt\u00e4misest\u00e4 <a href=\"https:\/\/www.tampere.fi\/kaupunkisuunnittelu\/kaupunkiymparisto-uudistuu\/keskustan-maanalainen-pysakointi-ja-ajoyhteydet\" target=\"_blank\" rel=\"noopener\" title=\"\">&gt;linkki sivuille<\/a><br>Lista \/ karttan\u00e4kym\u00e4 kaupungin suunnittelu- ja kehitt\u00e4miskohteista <a href=\"https:\/\/www.tampere.fi\/kaupunkisuunnittelu\/kaupunkiymparisto-uudistuu\" target=\"_blank\" rel=\"noopener\" title=\"\">&gt;linkki sivuille<\/a><\/p>\n\n\n\n<p>******************<\/p>\n\n\n\n<p><strong>Anniskeluterassi<\/strong>: <br>Kun haluat ravintolallesi terassialueen, t\u00e4ss\u00e4 Tampereen kaupungin ohjeet ja lupahakemus<br><a href=\"https:\/\/www.tampere.fi\/tyo-ja-yrittaminen\/yrittaminen\/luvat-kaupunkialueiden-kayttoon\/luvat-ulkotarjoilu-ja-ulkoanniskelualueen-perustamiseen\" target=\"_blank\" rel=\"noopener\" title=\"\">&gt;linkki<\/a><\/p>\n\n\n\n<p><strong>Terassiohje<\/strong>: <br>Kun suunnittelet terassin ulkoasua ja kokoa, lue t\u00e4m\u00e4 terassiohje keskustaan ensin<br><a href=\"https:\/\/www.tampere.fi\/tyo-ja-yrittaminen\/yrittaminen\/luvat-kaupunkialueiden-kayttoon\/luvat-ulkotarjoilu-ja-ulkoanniskelualueen-perustamiseen\" target=\"_blank\" rel=\"noopener\" title=\"\">&gt;linkki<\/a><\/p>\n\n\n\n<p><strong>Ulkomyynti<\/strong>: <br>Kun haluat harjoittaa ulkomyynti\u00e4 kaupungin alueella poislukien Kuninkaankatu<br><a href=\"https:\/\/www.tampere.fi\/tyo-ja-yrittaminen\/yrittaminen\/luvat-kaupunkialueiden-kayttoon\/luvat-ulkomyynnin-harjoittamiseen\" target=\"_blank\" rel=\"noopener\">&gt;linkki<\/a><\/p>\n\n\n\n<p><strong>Mainostaminen katutilassa<\/strong>:<br>Kun pohdit miten laittaa yrityksesi mainoksia n\u00e4kym\u00e4\u00e4n keskusta-alueella (valomainokset, teippaukset, A-st\u00e4ndit, beach-flagit, jne.) <br><a href=\"https:\/\/www.tampere.fi\/asuminen-ja-rakentaminen\/rakenna-ja-korjaa\/rakentamisen-luvat-valvonta-ja-tietopalvelu\/mainoslaitteet\" target=\"_blank\" rel=\"noopener\" title=\"\">&gt;linkki<\/a><\/p>\n\n\n\n<p><strong>Tampereen kaupungin tapahtumakaleteri:<\/strong><br>Ilmoita t\u00e4\u00e4ll\u00e4 omat tapahtumasi s\u00e4hk\u00f6isiin tapahtumakalentereihin.<br><a href=\"https:\/\/tapahtumat.tampere.fi\/fi\" target=\"_blank\" rel=\"noopener\" title=\"\">&gt;linkki<\/a><\/p>\n\n\n\n<p><strong>Katutilan k\u00e4ytt\u00f6:<\/strong><br>Omien tuotteiden ulkomyynti oman liikehuoneiston edustalla on sallittua ilman erillist\u00e4 lupaa ja maksua kun alueen koko on maksimissaan 2m<sup>2<\/sup> ja H\u00e4meenkadulla 1m<sup>2<\/sup>. T\u00e4m\u00e4 tarkoittaa esimerkiksi H\u00e4meenkadulla kukkaruukkua \/ lyhty\u00e4 oman oven vieress\u00e4 ja muualla lis\u00e4ksi esim. p\u00f6yt\u00e4 + tuoli. T\u00e4m\u00e4 ohje antaa mahdollisuuden lis\u00e4t\u00e4 kaupunkiymp\u00e4rist\u00f6n viihtyisyytt\u00e4, vehreytt\u00e4 ja vaihtelevuutta. Jos haluat &nbsp;tilaa isommalle terassille tai myyntialueelle niin hae lupa&nbsp;<a href=\"https:\/\/www.tampere.fi\/tyo-ja-yrittaminen\/yrittaminen\/luvat-kaupunkialueiden-kayttoon\/luvat-ulkomyynnin-harjoittamiseen\" target=\"_blank\" rel=\"noopener\" title=\"\">lupa<\/a>, josta perit\u00e4\u00e4n vuokraa.<\/p>\n\n\n\n<h3 class=\"wp-block-heading\">Kun haluat j\u00e4rjest\u00e4\u00e4 tapahtuman:<\/h3>\n\n\n\n<p><strong>Tapahtuma kaupunkialueella:<\/strong><br>Kun haluat pit\u00e4\u00e4 tapahtuman kaupungin maa-alueilla:<br>&#8211;  maa-alueen k\u00e4yt\u00f6n lupa, <a href=\"https:\/\/www.tampere.fi\/tyo-ja-yrittaminen\/yrittaminen\/luvat-kaupunkialueiden-kayttoon\/luvat-tapahtumille-ja-promootioille\" target=\"_blank\" rel=\"noopener\" title=\"\">hakuohjeet<\/a><br>\u2013 katso mit\u00e4 tapahtumia on suunnitteilla ettei oma osu p\u00e4\u00e4llekk\u00e4in muiden kanssa:&nbsp;<a href=\"https:\/\/suunnittelukalenteri.visittampere.fi\/fi-FI\" target=\"_blank\" rel=\"noreferrer noopener\">suunnittelukalenteri<\/a><br>\u2013 Kaikki t\u00e4rke\u00e4 mit\u00e4 tulee huomioida tapahtuman j\u00e4rjest\u00e4misess\u00e4: <a href=\"https:\/\/www.tampere.fi\/tapahtumajarjestajille\/tapahtumajarjestajan-opas\/tapahtuman-luvat-ilmoitukset-ja-suunnitelmat\" target=\"_blank\" rel=\"noopener\" title=\"\">Tapahtumaj\u00e4rjest\u00e4j\u00e4n opas<\/a> (tapahtumapalvelut)<\/p>\n\n\n\n<h3 class=\"wp-block-heading\">Kun myyt elintarvikkeita ulkona tai liikkuvasta toimipisteest\u00e4:<\/h3>\n\n\n\n<p><strong>Elintarvikkeiden myynti<\/strong>:<br>&#8211; Tietoa ulkomyynnist\u00e4 ja liikkuvasta elintarvikevaunusta: <br><a href=\"https:\/\/www.tampere.fi\/tyo-ja-yrittaminen\/yrittaminen\/elintarvikealan-yrittajille-ja-toimijoille\/ulkomyynti-siirrettavat-myyntikojut\" target=\"_blank\" rel=\"noopener\" title=\"\">ohjeet ja m\u00e4\u00e4r\u00e4ykset<\/a><\/p>\n\n\n\n<p><\/p>\n","protected":false},"excerpt":{"rendered":"<p>T\u00e4ss\u00e4 tietoa yrityksille toimimisesta keskusta-alueella: Ajankohtaiset rakennusprojektit keskustassa:Raitiotien rakentaminen Pirkkala-Linnainmaa (alkoi 11\/2024) &gt;linkki hankkeen sivuilleTampereen henkil\u00f6ratapiha (alkoi 04\/2025) &gt;linkki projektin sivuillePuutarhakadun uudistaminen (alkoi 03\/2024) &gt;linkki projektin sivuille Ajankohtaiset keskustan kehitysprojektit:L\u00e4ntisen keskustan kehitt\u00e4minen &amp; tiedot k\u00e4ynniss\u00e4 olevista kaavahankkeista &gt;linkki sivuilleKeskustan liikennej\u00e4rjestelm\u00e4n p\u00e4ivitys 2024 &gt;linkki hankkeen sivuilleKokoava sivu keskustan maanalaisen pys\u00e4k\u00f6innin kehitt\u00e4misest\u00e4 &gt;linkki sivuilleLista \/ karttan\u00e4kym\u00e4 kaupungin [&hellip;]<\/p>\n","protected":false},"author":3,"featured_media":0,"parent":0,"menu_order":0,"comment_status":"closed","ping_status":"closed","template":"","meta":{"_acf_changed":false,"content-type":"","footnotes":""},"class_list":["post-100","page","type-page","status-publish","hentry"],"acf":[],"aioseo_notices":[],"_links":{"self":[{"href":"https:\/\/rakastampere.fi\/jasenille\/wp-json\/wp\/v2\/pages\/100","targetHints":{"allow":["GET"]}}],"collection":[{"href":"https:\/\/rakastampere.fi\/jasenille\/wp-json\/wp\/v2\/pages"}],"about":[{"href":"https:\/\/rakastampere.fi\/jasenille\/wp-json\/wp\/v2\/types\/page"}],"author":[{"embeddable":true,"href":"https:\/\/rakastampere.fi\/jasenille\/wp-json\/wp\/v2\/users\/3"}],"replies":[{"embeddable":true,"href":"https:\/\/rakastampere.fi\/jasenille\/wp-json\/wp\/v2\/comments?post=100"}],"version-history":[{"count":22,"href":"https:\/\/rakastampere.fi\/jasenille\/wp-json\/wp\/v2\/pages\/100\/revisions"}],"predecessor-version":[{"id":1391,"href":"https:\/\/rakastampere.fi\/jasenille\/wp-json\/wp\/v2\/pages\/100\/revisions\/1391"}],"wp:attachment":[{"href":"https:\/\/rakastampere.fi\/jasenille\/wp-json\/wp\/v2\/media?parent=100"}],"curies":[{"name":"wp","href":"https:\/\/api.w.org\/{rel}","templated":true}]}}